{"id":1005,"date":"2018-01-02T11:41:15","date_gmt":"2018-01-02T14:41:15","guid":{"rendered":"https:\/\/sites.ifi.unicamp.br\/maplima\/?page_id=1005"},"modified":"2018-06-05T14:28:41","modified_gmt":"2018-06-05T17:28:41","slug":"monitoria-aulas-de-exerciciossss","status":"publish","type":"page","link":"https:\/\/sites.ifi.unicamp.br\/maplima\/ensino\/f789-2018\/monitoria-aulas-de-exerciciossss\/","title":{"rendered":"Monitoria\/Aulas de Exerc\u00edcios"},"content":{"rendered":"<p>Nosso monitor (PED) para F789 \u00e9 (o mesmo de F689) o &nbsp;Carlos William Galdino, aluno de Mestrado do IFGW, e-mail: galdino@ifi.unicamp.br;<\/p>\n<p>Temos um PAD para F789. \u00c9 o aluno Andr\u00e9 de Oliveira. Ele vai fazer &nbsp;plant\u00f5es de d\u00favidas na sala IF15, nas 3as feiras das 14:00 \u00e0s 16:00h e nas 6as feiras das 16:00 \u00e0s 18:00hs. Durante o plant\u00e3o ele vai dar aulas de exerc\u00edcios para os alunos que comparecerem. Os links das aulas ser\u00e3o publicadas nesta p\u00e1gina.<\/p>\n<p>O Carlos n\u00e3o far\u00e1 plant\u00f5es de d\u00favidas e voc\u00eas precisam marcar consultas por e-mail. Nas semanas que antecedem as provas, podemos combinar plant\u00f5es de d\u00favidas com ele tamb\u00e9m. O Carlos &nbsp;\u00e9 respons\u00e1vel pelas aplica\u00e7\u00f5es dos testes (ver cronograma de provas e testes) e dar\u00e1 aulas de exerc\u00edcios (conforme tabela abaixo) de 20 a 30 minutos no final de cada aula anterior \u00e0 cada teste. Os links das aulas ser\u00e3o colocados na tabela durante o semestre.&nbsp;<\/p>\n<p>&nbsp;<\/p>\n<table>\n<tbody>\n<tr>\n<td><b>Data<\/b><\/td>\n<td><strong>Assunto<\/strong><\/td>\n<td><strong>arquivo\/link<\/strong><\/td>\n<\/tr>\n<tr>\n<td>12\/03<\/td>\n<td>Cap\u00edtulo 8: &nbsp;Espalhamento por uma casca delta positiva<\/td>\n<td><a href=\"http:\/\/www.ifi.unicamp.br\/~maplima\/f789\/2018\/Aula1CarlosGaldino.pdf\">aula-exerc\u00edcio 01<\/a><\/td>\n<\/tr>\n<tr>\n<td>19\/03<\/td>\n<td>Cap\u00edtulo 9: &nbsp;Medidas de spin<\/td>\n<td><a href=\"http:\/\/www.ifi.unicamp.br\/~maplima\/f789\/2018\/Aula2CarlosGaldino.pdf\">aula-exerc\u00edcio 02<\/a><\/td>\n<\/tr>\n<tr>\n<td>04\/04<\/td>\n<td>Cap\u00edtulo 10: &nbsp;Adicionando momentos angulares<\/td>\n<td><a href=\"http:\/\/www.ifi.unicamp.br\/~maplima\/f789\/2018\/Aula3CarlosGaldino.pdf\">aula-exerc\u00edcio 03<\/a><\/td>\n<\/tr>\n<tr>\n<td>16\/04<\/td>\n<td>Cap\u00edtulo 11: Teoria de perturba\u00e7\u00e3o estacion\u00e1ria<\/td>\n<td><a href=\"http:\/\/www.ifi.unicamp.br\/~maplima\/f789\/2018\/Aula4CarlosGaldino.pdf\">aula-exerc\u00edcio 04<\/a><\/td>\n<\/tr>\n<tr>\n<td>07\/05<\/td>\n<td>Cap\u00edtulo 12: Efeito Stark sobre \u00e1tomo de Hidrog\u00eanio<\/td>\n<td><a href=\"http:\/\/www.ifi.unicamp.br\/~maplima\/f789\/2018\/Aula5CarlosGaldino.pdf\">aula-exerc\u00edcio 05<\/a><\/td>\n<\/tr>\n<tr>\n<td>21\/05<\/td>\n<td>Cap\u00edtulo 13:&nbsp;Teoria de perturba\u00e7\u00e3o dependente do tempo<\/td>\n<td><a href=\"http:\/\/www.ifi.unicamp.br\/~maplima\/f789\/2018\/Aula6CarlosGaldino.pdf\">aula-exerc\u00edcio 06<\/a><\/td>\n<\/tr>\n<tr>\n<td>13\/06<\/td>\n<td>Cap\u00edtulo 14:<\/td>\n<td><a href=\"http:\/\/www.ifi.unicamp.br\/~maplima\/f789\/2018\/Aula7CarlosGaldino.pdf\">aula-exerc\u00edcio 07<\/a><\/td>\n<\/tr>\n<\/tbody>\n<\/table>\n<p><\/p>","protected":false},"excerpt":{"rendered":"<p>Nosso monitor (PED) para F789 \u00e9 (o mesmo de F689) o &nbsp;Carlos William Galdino, aluno de Mestrado do IFGW, e-mail: galdino@ifi.unicamp.br; Temos um PAD para F789. \u00c9 o aluno Andr\u00e9 de Oliveira. Ele vai fazer &nbsp;plant\u00f5es de d\u00favidas na sala IF15, nas 3as feiras das 14:00 \u00e0s 16:00h e nas 6as feiras das 16:00 \u00e0s &hellip; <\/p>\n<p><a class=\"more-link btn\" href=\"https:\/\/sites.ifi.unicamp.br\/maplima\/ensino\/f789-2018\/monitoria-aulas-de-exerciciossss\/\">Continue lendo<\/a><\/p>\n","protected":false},"author":106,"featured_media":0,"parent":973,"menu_order":0,"comment_status":"closed","ping_status":"closed","template":"","meta":{"ngg_post_thumbnail":0,"footnotes":""},"class_list":["post-1005","page","type-page","status-publish","hentry","nodate","item-wrap"],"_links":{"self":[{"href":"https:\/\/sites.ifi.unicamp.br\/maplima\/wp-json\/wp\/v2\/pages\/1005","targetHints":{"allow":["GET"]}}],"collection":[{"href":"https:\/\/sites.ifi.unicamp.br\/maplima\/wp-json\/wp\/v2\/pages"}],"about":[{"href":"https:\/\/sites.ifi.unicamp.br\/maplima\/wp-json\/wp\/v2\/types\/page"}],"author":[{"embeddable":true,"href":"https:\/\/sites.ifi.unicamp.br\/maplima\/wp-json\/wp\/v2\/users\/106"}],"replies":[{"embeddable":true,"href":"https:\/\/sites.ifi.unicamp.br\/maplima\/wp-json\/wp\/v2\/comments?post=1005"}],"version-history":[{"count":20,"href":"https:\/\/sites.ifi.unicamp.br\/maplima\/wp-json\/wp\/v2\/pages\/1005\/revisions"}],"predecessor-version":[{"id":1140,"href":"https:\/\/sites.ifi.unicamp.br\/maplima\/wp-json\/wp\/v2\/pages\/1005\/revisions\/1140"}],"up":[{"embeddable":true,"href":"https:\/\/sites.ifi.unicamp.br\/maplima\/wp-json\/wp\/v2\/pages\/973"}],"wp:attachment":[{"href":"https:\/\/sites.ifi.unicamp.br\/maplima\/wp-json\/wp\/v2\/media?parent=1005"}],"curies":[{"name":"wp","href":"https:\/\/api.w.org\/{rel}","templated":true}]}}