{"id":1017,"date":"2018-01-02T11:47:39","date_gmt":"2018-01-02T14:47:39","guid":{"rendered":"https:\/\/sites.ifi.unicamp.br\/maplima\/?page_id=1017"},"modified":"2018-01-24T17:15:07","modified_gmt":"2018-01-24T20:15:07","slug":"ementas-aulassss","status":"publish","type":"page","link":"https:\/\/sites.ifi.unicamp.br\/maplima\/ensino\/f789-2018\/ementas-aulassss\/","title":{"rendered":"Ementas\/Aulas"},"content":{"rendered":"<p><\/p>\n<h2><strong>T\u00f3picos a serem cobertos (ementa)<\/strong><\/h2>\n<p><strong>Livro Texto:<\/strong> <em>Quantum Mechanics<\/em>, Claude Cohen-Tannoudji, Bernard Diu, Franck Lalo\u00eb,&nbsp; John Wiley &amp; Sons, New York, 1977.<strong><br \/>\n<\/strong><\/p>\n<table width=\"612\">\n<tbody>\n<tr>\n<td colspan=\"4\" width=\"701\">Revis\u00e3o de F689; Uma vis\u00e3o elementar sobre a teoria qu\u00e2ntica de espalhamento de uma part\u00edcula por um potencial; Spin do el\u00e9tron; Adi\u00e7\u00e3o de momento angular; Teoria de perturba\u00e7\u00e3o estacion\u00e1ria; Uma aplica\u00e7\u00e3o da teoria de perturba\u00e7\u00e3o: estrutura fina e hiper-fina do \u00e1tomo de hidrog\u00eanio; M\u00e9todos de aproxima\u00e7\u00e3o para problemas dependentes do tempo; Sistema de part\u00edculas id\u00eanticas.<\/td>\n<\/tr>\n<tr>\n<td colspan=\"2\" width=\"737\"><strong>1. Um vis\u00e3o elementar sobre a teoria qu\u00e2ntica de espalhamento de uma part\u00edcula por um potencial.<br \/>\n<\/strong><\/td>\n<td colspan=\"2\" width=\"326\">&nbsp;<\/td>\n<\/tr>\n<tr>\n<td colspan=\"2\" width=\"737\">&nbsp;&nbsp;&nbsp;&nbsp;&nbsp;&nbsp; A. Revis\u00e3o de F689 e introdu\u00e7\u00e3o ao problema de espalhamento<\/td>\n<td colspan=\"2\" width=\"326\"><a href=\"http:\/\/www.ifi.unicamp.br\/%7Emaplima\/f789\/2018\/aula01.pdf\">Aula 1 <\/a><\/td>\n<\/tr>\n<tr>\n<td colspan=\"2\" width=\"737\"><strong>&nbsp;&nbsp; &nbsp; &nbsp; <\/strong>B. Estados estacion\u00e1rios de espalhamento. C\u00e1lculo de se\u00e7\u00f5es de choque.<\/td>\n<td colspan=\"2\" width=\"326\"><a href=\"http:\/\/www.ifi.unicamp.br\/%7Emaplima\/f789\/2018\/aula02.pdf\">Aula 2<\/a>&nbsp; &nbsp; &nbsp; &nbsp; &nbsp;<a href=\"http:\/\/www.ifi.unicamp.br\/%7Emaplima\/f789\/2018\/aula03.pdf\">Aula 3<\/a><\/td>\n<\/tr>\n<tr>\n<td colspan=\"2\" width=\"737\"><strong>&nbsp;&nbsp;&nbsp;&nbsp;&nbsp;&nbsp; <\/strong>C. Espalhamento por um potencial central. M\u00e9todo de ondas parciais.<\/td>\n<td colspan=\"2\" width=\"326\"><a href=\"http:\/\/www.ifi.unicamp.br\/%7Emaplima\/f789\/2018\/aula04.pdf\">Aula 4<\/a>&nbsp; &nbsp; &nbsp; &nbsp; &nbsp;<a href=\"http:\/\/www.ifi.unicamp.br\/%7Emaplima\/f789\/2018\/aula05.pdf\">Aula 5<\/a><\/td>\n<\/tr>\n<tr>\n<td colspan=\"2\" width=\"737\"><strong>2. Spin do el\u00e9tron. <\/strong><\/td>\n<td colspan=\"2\" width=\"326\">&nbsp;<\/td>\n<\/tr>\n<tr>\n<td colspan=\"2\" width=\"737\"><strong>&nbsp;&nbsp;&nbsp;&nbsp;&nbsp;&nbsp; <\/strong>A. Introdu\u00e7\u00e3o ao spin do el\u00e9tron.<\/td>\n<td colspan=\"2\" width=\"326\">&nbsp;<\/td>\n<\/tr>\n<tr>\n<td colspan=\"2\" width=\"737\"><strong>&nbsp;&nbsp; &nbsp; &nbsp; <\/strong>B. Propriedades especiais do momento angular \u00bd.<\/td>\n<td colspan=\"2\" width=\"326\"><a href=\"http:\/\/www.ifi.unicamp.br\/%7Emaplima\/f789\/2018\/aula06.pdf\">Aula 6<\/a><\/td>\n<\/tr>\n<tr>\n<td colspan=\"2\" width=\"737\"><strong>&nbsp;&nbsp;&nbsp;&nbsp;&nbsp;&nbsp; <\/strong>C. Descri\u00e7\u00e3o n\u00e3o-relativ\u00edstica da part\u00edcula de spin \u00bd .<\/td>\n<td colspan=\"2\" width=\"326\"><a href=\"http:\/\/www.ifi.unicamp.br\/%7Emaplima\/f789\/2018\/aula07.pdf\">Aula 7<\/a>&nbsp;<\/td>\n<\/tr>\n<tr>\n<td colspan=\"2\" width=\"737\"><strong>Assunto Extra:<\/strong> Operadores de Transla\u00e7\u00e3o, Evolu\u00e7\u00e3o temporal e de Rota\u00e7\u00e3o (baseado no livro: <em>Modern Quantum Mechanics<\/em>, Sakurai e Napolitano, Addison-Wesley, 2nd edition).<\/td>\n<td colspan=\"2\" width=\"326\"><a href=\"http:\/\/www.ifi.unicamp.br\/%7Emaplima\/f789\/2018\/aula08.pdf\">Aula 8<\/a>&nbsp;<\/td>\n<\/tr>\n<tr>\n<td colspan=\"2\" width=\"737\"><strong>3. Adi\u00e7\u00e3o de momento angular.<\/strong><\/td>\n<td colspan=\"2\" width=\"326\">&nbsp;<\/td>\n<\/tr>\n<tr>\n<td colspan=\"2\" width=\"737\"><strong>&nbsp;<\/strong>&nbsp;&nbsp;&nbsp;&nbsp;&nbsp; A. Introdu\u00e7\u00e3o \u00e0 adi\u00e7\u00e3o de momento angular.<\/td>\n<td colspan=\"2\" width=\"326\"><a href=\"http:\/\/www.ifi.unicamp.br\/%7Emaplima\/f789\/2018\/aula09.pdf\">Aula 9<\/a><\/td>\n<\/tr>\n<tr>\n<td colspan=\"2\" width=\"737\"><strong>&nbsp;<\/strong><strong>&nbsp;&nbsp;<\/strong>&nbsp;&nbsp;&nbsp; B. Adi\u00e7\u00e3o de dois spin&#8217;s \u00bd&nbsp;<\/td>\n<td colspan=\"2\" width=\"326\">&nbsp;<\/td>\n<\/tr>\n<tr>\n<td colspan=\"2\" width=\"737\">&nbsp;&nbsp;&nbsp;&nbsp;&nbsp;&nbsp; C. Adi\u00e7\u00e3o de dois momentos angulares arbitr\u00e1rios. M\u00e9todo geral.<\/td>\n<td colspan=\"2\" width=\"326\"><a href=\"http:\/\/www.ifi.unicamp.br\/%7Emaplima\/f789\/2018\/aula10.pdf\">Aula 10<\/a>&nbsp; &nbsp; &nbsp; <a href=\"http:\/\/www.ifi.unicamp.br\/%7Emaplima\/f789\/2018\/aula11.pdf\">Aula 11<\/a><\/td>\n<\/tr>\n<tr>\n<td colspan=\"2\" width=\"737\"><strong>4. Teoria de perturba\u00e7\u00e3o estacion\u00e1ria.<\/strong><\/td>\n<td colspan=\"2\" width=\"326\">&nbsp;<\/td>\n<\/tr>\n<tr>\n<td colspan=\"2\" width=\"737\"><strong>&nbsp;&nbsp;&nbsp;&nbsp;&nbsp; <\/strong>A. Descri\u00e7\u00e3o do m\u00e9todo.<\/td>\n<td colspan=\"2\" width=\"326\"><a href=\"http:\/\/www.ifi.unicamp.br\/%7Emaplima\/f789\/2018\/aula12.pdf\">Aula 12<\/a><\/td>\n<\/tr>\n<tr>\n<td colspan=\"2\" width=\"737\"><strong>&nbsp;&nbsp;&nbsp;&nbsp;&nbsp; <\/strong>B. Perturba\u00e7\u00e3o de um n\u00edvel n\u00e3o-degenerado.<strong><br \/>\n<\/strong><\/td>\n<td colspan=\"2\" width=\"326\">&nbsp;<\/td>\n<\/tr>\n<tr>\n<td colspan=\"2\" width=\"737\"><strong>&nbsp;&nbsp;&nbsp;&nbsp;&nbsp; <\/strong>C. Perturba\u00e7\u00e3o de um n\u00edvel degenerado.<\/td>\n<td colspan=\"2\" width=\"326\"><a href=\"http:\/\/www.ifi.unicamp.br\/%7Emaplima\/f789\/2018\/aula13.pdf\">Aula 13<\/a><\/td>\n<\/tr>\n<tr>\n<td colspan=\"2\" width=\"737\"><strong>Assunto Extra:&nbsp;<\/strong>&nbsp;M\u00e9todo Variacional (um dos complementos do cap\u00edtulo XI. Ver tamb\u00e9m &nbsp;<em>Modern Quantum Mechanics<\/em>, Sakurai e Napolitano, Addison-Wesley, 2nd edition&nbsp;).<\/td>\n<td colspan=\"2\" width=\"326\"><a href=\"http:\/\/www.ifi.unicamp.br\/%7Emaplima\/f789\/2018\/aula14.pdf\">Aula 14<\/a><\/td>\n<\/tr>\n<tr>\n<td colspan=\"2\" width=\"737\"><strong>Assunto Extra:&nbsp;&nbsp;<\/strong>revis\u00e3o cl\u00e1ssica sobre &nbsp;part\u00edcula sujeita \u00e0 um campo eletromagn\u00e9tico, transforma\u00e7\u00f5es de Gauge e seus efeitos na Mec\u00e2nica Qu\u00e2ntica&nbsp;(Complementos do cap\u00edtulo III e XI.&nbsp;Ver tamb\u00e9m &nbsp;<em>Modern Quantum Mechanics<\/em>, Sakurai e Napolitano, Addison-Wesley, 2nd edition&nbsp;).<\/td>\n<td colspan=\"2\" width=\"326\"><a href=\"http:\/\/www.ifi.unicamp.br\/%7Emaplima\/f789\/2018\/aula15.pdf\">Aula 15<\/a><\/td>\n<\/tr>\n<tr>\n<td colspan=\"2\" width=\"737\"><strong>5. Uma aplica\u00e7\u00e3o da teoria de perturba\u00e7\u00e3o: estrutura fina e hiper-fina do \u00e1tomo de hidrog\u00eanio.<\/strong><\/td>\n<td colspan=\"2\" width=\"326\">&nbsp;<\/td>\n<\/tr>\n<tr>\n<td colspan=\"2\" width=\"737\"><strong>&nbsp;&nbsp;&nbsp;&nbsp;&nbsp; <\/strong>A. Introdu\u00e7\u00e3o.<\/td>\n<td colspan=\"2\" width=\"326\">&nbsp;<\/td>\n<\/tr>\n<tr>\n<td colspan=\"2\" width=\"737\">&nbsp;&nbsp;&nbsp;&nbsp;&nbsp; B. Termos adicionais na Hamiltoniana.<\/td>\n<td colspan=\"2\" width=\"326\"><a href=\"http:\/\/www.ifi.unicamp.br\/%7Emaplima\/f789\/2018\/aula16.pdf\">Aula 16<\/a>&nbsp;<\/td>\n<\/tr>\n<tr>\n<td colspan=\"2\" width=\"737\"><strong>&nbsp;&nbsp;&nbsp;&nbsp;&nbsp; <\/strong>C. A estrutura fina do n\u00edvel n=2.<\/td>\n<td colspan=\"2\" width=\"326\"><a href=\"http:\/\/www.ifi.unicamp.br\/%7Emaplima\/f789\/2018\/aula17.pdf\">Aula 17<\/a><\/td>\n<\/tr>\n<tr>\n<td colspan=\"2\" width=\"737\"><strong>&nbsp;&nbsp;&nbsp;&nbsp;&nbsp; <\/strong>D. A estrutura hiper-fina do n\u00edvel n=1.<\/td>\n<td colspan=\"2\" width=\"326\"><a href=\"http:\/\/www.ifi.unicamp.br\/%7Emaplima\/f789\/2018\/aula18.pdf\">Aula 18<\/a>&nbsp;<\/td>\n<\/tr>\n<tr>\n<td colspan=\"2\" width=\"737\"><strong>&nbsp; &nbsp; &nbsp; <\/strong>E. O efeito Zeeman da estrutura hiper-fina do estado fundamental 1s.<\/td>\n<td colspan=\"2\" width=\"326\"><a href=\"http:\/\/www.ifi.unicamp.br\/%7Emaplima\/f789\/2018\/aula19.pdf\">Aula 19<\/a><\/td>\n<\/tr>\n<tr>\n<td colspan=\"2\" width=\"737\"><strong>6. M\u00e9todos de aproxima\u00e7\u00e3o para problemas dependentes do tempo.<\/strong><\/td>\n<td colspan=\"2\" width=\"326\">&nbsp;<\/td>\n<\/tr>\n<tr>\n<td colspan=\"2\" width=\"737\"><strong>&nbsp;&nbsp;&nbsp;&nbsp;&nbsp; <\/strong>A. O problema.<\/td>\n<td colspan=\"2\" width=\"326\"><a href=\"http:\/\/www.ifi.unicamp.br\/%7Emaplima\/f789\/2018\/aula20.pdf\">&nbsp;Aula 20<\/a><\/td>\n<\/tr>\n<tr>\n<td colspan=\"2\" width=\"737\"><strong>&nbsp;&nbsp;&nbsp;&nbsp;&nbsp; <\/strong>B. Solu\u00e7\u00e3o aproximada da equa\u00e7\u00e3o de Schr\u00f6dinger.<\/td>\n<td colspan=\"2\" width=\"326\">&nbsp;<a href=\"http:\/\/www.ifi.unicamp.br\/%7Emaplima\/f789\/2018\/aula21.pdf\">Aula 21<\/a><\/td>\n<\/tr>\n<tr>\n<td colspan=\"2\" width=\"737\"><strong>&nbsp;&nbsp;&nbsp;&nbsp;&nbsp; <\/strong>C. Um caso especial importante: perturba\u00e7\u00e3o senoidal ou constante.<\/td>\n<td colspan=\"2\" width=\"326\">&nbsp;<a href=\"http:\/\/www.ifi.unicamp.br\/%7Emaplima\/f789\/2018\/aula22.pdf\">Aula 22<\/a><\/td>\n<\/tr>\n<tr>\n<td colspan=\"2\" width=\"737\"><strong>7. Sistema de part\u00edculas id\u00eanticas.<\/strong><\/td>\n<td colspan=\"2\" width=\"326\">&nbsp;<\/td>\n<\/tr>\n<tr>\n<td colspan=\"2\" width=\"737\">&nbsp;&nbsp;&nbsp;&nbsp; A. O problema.<\/td>\n<td colspan=\"2\" width=\"326\">&nbsp;<a href=\"http:\/\/www.ifi.unicamp.br\/%7Emaplima\/f789\/2018\/aula23.pdf\">Aula 23<\/a><\/td>\n<\/tr>\n<tr>\n<td colspan=\"2\" width=\"737\">&nbsp;&nbsp;&nbsp;&nbsp; B. Operadores de permuta\u00e7\u00e3o.<\/td>\n<td colspan=\"2\" width=\"326\">&nbsp;<a href=\"http:\/\/www.ifi.unicamp.br\/%7Emaplima\/f789\/2018\/aula24.pdf\">Aula 24<\/a><\/td>\n<\/tr>\n<tr>\n<td colspan=\"2\" width=\"737\">&nbsp;&nbsp;&nbsp;&nbsp; C. Postulado de simetriza\u00e7\u00e3o.<\/td>\n<td colspan=\"2\" width=\"326\">&nbsp;<a href=\"http:\/\/www.ifi.unicamp.br\/%7Emaplima\/f789\/2018\/aula25.pdf\">Aula 25<\/a><\/td>\n<\/tr>\n<tr>\n<td colspan=\"2\" width=\"737\">&nbsp; &nbsp; &nbsp;D. Discuss\u00e3o.<\/td>\n<td colspan=\"2\" width=\"326\"><a href=\"http:\/\/www.ifi.unicamp.br\/%7Emaplima\/f789\/2018\/aula26.pdf\">Aula 26<\/a> &nbsp; &nbsp; <a href=\"http:\/\/www.ifi.unicamp.br\/%7Emaplima\/f789\/2018\/aula27.pdf\">Aula 27<\/a><\/td>\n<\/tr>\n<\/tbody>\n<\/table>\n<p><\/p>","protected":false},"excerpt":{"rendered":"<p>T\u00f3picos a serem cobertos (ementa) Livro Texto: Quantum Mechanics, Claude Cohen-Tannoudji, Bernard Diu, Franck Lalo\u00eb,&nbsp; John Wiley &amp; Sons, New York, 1977. Revis\u00e3o de F689; Uma vis\u00e3o elementar sobre a teoria qu\u00e2ntica de espalhamento de uma part\u00edcula por um potencial; Spin do el\u00e9tron; Adi\u00e7\u00e3o de momento angular; Teoria de perturba\u00e7\u00e3o estacion\u00e1ria; Uma aplica\u00e7\u00e3o da teoria &hellip; <\/p>\n<p><a class=\"more-link btn\" href=\"https:\/\/sites.ifi.unicamp.br\/maplima\/ensino\/f789-2018\/ementas-aulassss\/\">Continue lendo<\/a><\/p>\n","protected":false},"author":106,"featured_media":0,"parent":973,"menu_order":0,"comment_status":"closed","ping_status":"closed","template":"","meta":{"ngg_post_thumbnail":0,"footnotes":""},"class_list":["post-1017","page","type-page","status-publish","hentry","nodate","item-wrap"],"_links":{"self":[{"href":"https:\/\/sites.ifi.unicamp.br\/maplima\/wp-json\/wp\/v2\/pages\/1017","targetHints":{"allow":["GET"]}}],"collection":[{"href":"https:\/\/sites.ifi.unicamp.br\/maplima\/wp-json\/wp\/v2\/pages"}],"about":[{"href":"https:\/\/sites.ifi.unicamp.br\/maplima\/wp-json\/wp\/v2\/types\/page"}],"author":[{"embeddable":true,"href":"https:\/\/sites.ifi.unicamp.br\/maplima\/wp-json\/wp\/v2\/users\/106"}],"replies":[{"embeddable":true,"href":"https:\/\/sites.ifi.unicamp.br\/maplima\/wp-json\/wp\/v2\/comments?post=1017"}],"version-history":[{"count":17,"href":"https:\/\/sites.ifi.unicamp.br\/maplima\/wp-json\/wp\/v2\/pages\/1017\/revisions"}],"predecessor-version":[{"id":1067,"href":"https:\/\/sites.ifi.unicamp.br\/maplima\/wp-json\/wp\/v2\/pages\/1017\/revisions\/1067"}],"up":[{"embeddable":true,"href":"https:\/\/sites.ifi.unicamp.br\/maplima\/wp-json\/wp\/v2\/pages\/973"}],"wp:attachment":[{"href":"https:\/\/sites.ifi.unicamp.br\/maplima\/wp-json\/wp\/v2\/media?parent=1017"}],"curies":[{"name":"wp","href":"https:\/\/api.w.org\/{rel}","templated":true}]}}