{"id":289,"date":"2014-04-24T18:52:06","date_gmt":"2014-04-24T18:52:06","guid":{"rendered":"https:\/\/sites.ifi.unicamp.br\/maplima\/?page_id=289"},"modified":"2021-06-18T17:05:56","modified_gmt":"2021-06-18T20:05:56","slug":"mestrado","status":"publish","type":"page","link":"https:\/\/sites.ifi.unicamp.br\/maplima\/orientacoes\/mestrado\/","title":{"rendered":"Mestrado"},"content":{"rendered":"<p><b>1)&nbsp;&nbsp;<\/b><strong>&nbsp;&nbsp;Jorge Luiz da Silva Lino<\/strong><\/p>\n<p>Programa: Mestrado<\/p>\n<p>T\u00edtulo da Tese: \u201cExcita\u00e7\u00f5es Eletr\u00f4nicas de Metano por Impacto de El\u00e9trons: Uma Aplica\u00e7\u00e3o do M\u00e9todo Multicanal de&nbsp;Schwinger\u201d.<\/p>\n<p>Local: Instituto Tecnol\u00f3gico de Aeron\u00e1utica &#8211; Divis\u00e3o de P\u00f3s Gradua\u00e7\u00e3o &#8211; CTA.<\/p>\n<p>Suporte Financeiro: Bolsa\/CNPq.<\/p>\n<p>Data de Defesa: 5 de julho de 1989<\/p>\n<p><b>2)&nbsp;&nbsp;<\/b><strong>&nbsp;&nbsp;Alexandra Pardo&nbsp;Policastro<\/strong><\/p>\n<p>Programa: Mestrado<\/p>\n<p>T\u00edtulo da Tese: \u201cEspalhamento de El\u00e9trons de Baixa Energia por CF<sub>4<\/sub>, CCl<sub>4<\/sub>, SiCl<sub>4<\/sub>, SiBr<sub>4<\/sub>&nbsp;e SiI<sub>4<\/sub>\u201d.<\/p>\n<p>Local: Unicamp &#8211; Instituto de F\u00edsica &#8211; DEQ.<\/p>\n<p>Suporte Financeiro: Bolsa\/CNPq.<\/p>\n<p>Data de Defesa: 13 de Maio de 1994<\/p>\n<p><b>3)&nbsp;&nbsp;<\/b><strong>&nbsp;&nbsp;M\u00e1rcio Teixeira do Nascimento Varella<\/strong><\/p>\n<p>Programa: Mestrado<\/p>\n<p>T\u00edtulo do Trabalho: \u201cSe\u00e7\u00f5es de Choque de Excita\u00e7\u00f5es Rotacionais de Mol\u00e9culas por Impacto de El\u00e9trons com o M\u00e9todo Multicanal de Schwinger com&nbsp;Pseudo-potencial\u201d.<\/p>\n<p>Local: Unicamp &#8211; Instituto de F\u00edsica &#8211; DEQ.<\/p>\n<p>Suporte Financeiro: CNPq<\/p>\n<p>In\u00edcio: Mar\u00e7o de 1996<\/p>\n<p>Data de Defesa: 4 de Julho de 1997<\/p>\n<p><b>4)&nbsp;&nbsp;<\/b><strong>&nbsp;&nbsp;David Lima Azevedo<\/strong><\/p>\n<p>Programa:&nbsp;&nbsp;Mestrado<\/p>\n<p>T\u00edtulo do Trabalho: \u201cResson\u00e2ncia de Forma em espalhamento de el\u00e9trons por N<sub>2<\/sub>: Um teste para o m\u00e9todo multicanal de Schwinger com&nbsp;Pseudopotenciais\u201d.<\/p>\n<p>Local: Unicamp &#8211; Instituto de F\u00edsica &#8211; DEQ.<\/p>\n<p>Suporte Financeiro: CNPq<\/p>\n<p>In\u00edcio: Mar\u00e7o de 1996.<\/p>\n<p>Data de Defesa: Novembro de 1997<\/p>\n<p><b>5)&nbsp;&nbsp;<\/b><strong>&nbsp;&nbsp;Andreia&nbsp;Nal\u00fa&nbsp;Soares&nbsp;Hisi<\/strong><\/p>\n<p>Programa: Mestrado<\/p>\n<p>T\u00edtulo do Trabalho: \u201cEstudo Comparativo das Se\u00e7\u00f5es de Choque de Excita\u00e7\u00f5es Vibracionais de Mol\u00e9culas de Hidrog\u00eanio por Impacto de&nbsp;P\u00f3sitrons&nbsp;e El\u00e9trons\u201d.<\/p>\n<p>Local: Unicamp &#8211; Instituto de F\u00edsica &#8211; DEQ.<\/p>\n<p>Suporte Financeiro: Fapesp<\/p>\n<p>In\u00edcio: 2003.<\/p>\n<p>Data de Defesa: Fevereiro de 2006<\/p>\n<p><b>6)&nbsp;<\/b><strong>&nbsp;&nbsp;&nbsp;Eliane Marques de Oliveira<\/strong><\/p>\n<p>Programa: Mestrado (co-orienta\u00e7\u00e3o de M\u00e1rcio Teixeira do Nascimento Varella)<\/p>\n<p>T\u00edtulo do Trabalho: \u201cExcita\u00e7\u00f5es Vibracionais Intermediadas Por&nbsp;Resson\u00e2ncias de&nbsp;Feshbach&nbsp;Eletr\u00f4nicas No Espalhamento&nbsp;De&nbsp;El\u00e9trons E&nbsp;P\u00f3sitrons&nbsp;Por Mol\u00e9cula De Hidrog\u00eanio\u201d.<\/p>\n<p>Local: Unicamp &#8211; Instituto de F\u00edsica &#8211; DEQ.<\/p>\n<p>Suporte Financeiro: Capes<\/p>\n<p>In\u00edcio: 2003.<\/p>\n<p>Data de Defesa: Fevereiro de 2006<\/p>\n<p><b>7)&nbsp;<\/b><strong>&nbsp; &nbsp;Alan Guilherme Falkowski<\/strong><\/p>\n<p>Programa: Mestrado (colabora\u00e7\u00e3o de F\u00e1bris Kossoski)<\/p>\n<p>T\u00edtulo do Trabalho: \u201cExcita\u00e7\u00e3o eletr\u00f4nica do etanol por colis\u00e3o de el\u00e9trons\u201d.<\/p>\n<p>Local: Unicamp &#8211; Instituto de F\u00edsica &#8211; DEQ.<\/p>\n<p>Suporte Financeiro: Capes<\/p>\n<p>In\u00edcio: 2018.<\/p>\n<p>Data de Defesa: 2020<\/p>","protected":false},"excerpt":{"rendered":"<p>1)&nbsp;&nbsp;&nbsp;&nbsp;Jorge Luiz da Silva Lino Programa: Mestrado T\u00edtulo da Tese: \u201cExcita\u00e7\u00f5es Eletr\u00f4nicas de Metano por Impacto de El\u00e9trons: Uma Aplica\u00e7\u00e3o do M\u00e9todo Multicanal de&nbsp;Schwinger\u201d. Local: Instituto Tecnol\u00f3gico de Aeron\u00e1utica &#8211; Divis\u00e3o de P\u00f3s Gradua\u00e7\u00e3o &#8211; CTA. Suporte Financeiro: Bolsa\/CNPq. Data de Defesa: 5 de julho de 1989 2)&nbsp;&nbsp;&nbsp;&nbsp;Alexandra Pardo&nbsp;Policastro Programa: Mestrado T\u00edtulo da Tese: \u201cEspalhamento &hellip; <\/p>\n<p><a class=\"more-link btn\" href=\"https:\/\/sites.ifi.unicamp.br\/maplima\/orientacoes\/mestrado\/\">Continue lendo<\/a><\/p>\n","protected":false},"author":106,"featured_media":0,"parent":284,"menu_order":0,"comment_status":"closed","ping_status":"closed","template":"","meta":{"ngg_post_thumbnail":0,"footnotes":""},"class_list":["post-289","page","type-page","status-publish","hentry","nodate","item-wrap"],"_links":{"self":[{"href":"https:\/\/sites.ifi.unicamp.br\/maplima\/wp-json\/wp\/v2\/pages\/289","targetHints":{"allow":["GET"]}}],"collection":[{"href":"https:\/\/sites.ifi.unicamp.br\/maplima\/wp-json\/wp\/v2\/pages"}],"about":[{"href":"https:\/\/sites.ifi.unicamp.br\/maplima\/wp-json\/wp\/v2\/types\/page"}],"author":[{"embeddable":true,"href":"https:\/\/sites.ifi.unicamp.br\/maplima\/wp-json\/wp\/v2\/users\/106"}],"replies":[{"embeddable":true,"href":"https:\/\/sites.ifi.unicamp.br\/maplima\/wp-json\/wp\/v2\/comments?post=289"}],"version-history":[{"count":7,"href":"https:\/\/sites.ifi.unicamp.br\/maplima\/wp-json\/wp\/v2\/pages\/289\/revisions"}],"predecessor-version":[{"id":2517,"href":"https:\/\/sites.ifi.unicamp.br\/maplima\/wp-json\/wp\/v2\/pages\/289\/revisions\/2517"}],"up":[{"embeddable":true,"href":"https:\/\/sites.ifi.unicamp.br\/maplima\/wp-json\/wp\/v2\/pages\/284"}],"wp:attachment":[{"href":"https:\/\/sites.ifi.unicamp.br\/maplima\/wp-json\/wp\/v2\/media?parent=289"}],"curies":[{"name":"wp","href":"https:\/\/api.w.org\/{rel}","templated":true}]}}