{"id":291,"date":"2014-04-24T18:52:18","date_gmt":"2014-04-24T18:52:18","guid":{"rendered":"https:\/\/sites.ifi.unicamp.br\/maplima\/?page_id=291"},"modified":"2026-01-09T17:13:10","modified_gmt":"2026-01-09T20:13:10","slug":"doutorado","status":"publish","type":"page","link":"https:\/\/sites.ifi.unicamp.br\/maplima\/orientacoes\/doutorado\/","title":{"rendered":"Doutorado"},"content":{"rendered":"<p><b>1)&nbsp;&nbsp;&nbsp;&nbsp;&nbsp;&nbsp;<\/b><strong>&nbsp;Jos\u00e9 Silv\u00e9rio Edmundo Germano<\/strong><\/p>\n<p>Programa:&nbsp; Doutoramento<\/p>\n<p>T\u00edtulo da Tese: \u201cEspalhamento de P\u00f3sitrons de Baixa Energia por Mol\u00e9culas de Geometria Arbitr\u00e1ria&#8221;.<\/p>\n<p>Local: Instituto Tecnol\u00f3gico de Aeron\u00e1utica &#8211; Divis\u00e3o de P\u00f3s Gradua\u00e7\u00e3o &#8211; CTA.<\/p>\n<p>Suporte Financeiro: Professor do ITA.<\/p>\n<p>Data de Defesa: 17 de Setembro de 1992<\/p>\n<p><b>2)&nbsp;&nbsp;&nbsp;&nbsp;&nbsp;<\/b><strong>&nbsp;&nbsp;M\u00e1rcio Henrique Franco&nbsp;Bettega<\/strong><\/p>\n<p>Programa:&nbsp; Doutoramento (co-orienta\u00e7\u00e3o junto com Prof. Luiz Guimar\u00e3es Ferreira)<\/p>\n<p>T\u00edtulo da Tese: \u201cEspalhamento de el\u00e9trons por mol\u00e9culas atrav\u00e9s de&nbsp;&nbsp;Pseudopoten-ciais&nbsp;<i>Local-Density<\/i>.\u201d<\/p>\n<p>Local: Unicamp &#8211; Instituto de F\u00edsica &#8211; DEQ.<\/p>\n<p>Suporte Financeiro: Bolsa\/CNPq.<\/p>\n<p>Data de Defesa: 12 de Abril de 1993<\/p>\n<p><b>3)&nbsp;&nbsp;&nbsp;<\/b><strong>&nbsp;&nbsp;&nbsp;&nbsp;Euclimar&nbsp; Passos da Silva<\/strong><\/p>\n<p>Programa:&nbsp; Doutoramento<\/p>\n<p>T\u00edtulo da Tese: \u201cC\u00e1lculo&nbsp; do Par\u00e2metro&nbsp;Zeff, pelo M\u00e9todo Multicanal de Schwinger&#8221;.<\/p>\n<p>Local: Instituto Tecnol\u00f3gico de Aeron\u00e1utica &#8211; Divis\u00e3o de P\u00f3s Gradua\u00e7\u00e3o &#8211; CTA.<\/p>\n<p>Suporte Financeiro: Professor da UFC.<\/p>\n<p>Data de Defesa: 20 de Dezembro de 1993<\/p>\n<p><b>4)&nbsp;&nbsp;&nbsp;&nbsp;&nbsp;<\/b><strong>&nbsp;&nbsp;Jorge Luiz da Silva Lino<\/strong><\/p>\n<p>Programa:&nbsp; Doutoramento<\/p>\n<p>T\u00edtulo da Tese: \u201cEspalhamento de P\u00f3sitrons por Mol\u00e9culas: Implementa\u00e7\u00e3o do Funcional C&#8221;.<\/p>\n<p>Local: Instituto Tecnol\u00f3gico de Aeron\u00e1utica &#8211; Divis\u00e3o de P\u00f3s Gradua\u00e7\u00e3o &#8211; CTA.<\/p>\n<p>Suporte Financeiro: Bolsa\/Fapesp.<\/p>\n<p>Data de Defesa: 22 de Dezembro de 1995<b><\/b><\/p>\n<p><b>5)&nbsp;&nbsp;&nbsp;<\/b><strong>&nbsp;&nbsp;&nbsp;&nbsp;Cl\u00e1udio S\u00e9rgio Sartori<\/strong><\/p>\n<p>Programa:&nbsp; Doutoramento<\/p>\n<p>T\u00edtulo da Tese: \u201cEstudo das Se\u00e7\u00f5es de Choque de Espalhamento entre Estados Excitados da Mol\u00e9cula de H2 utilizando o M\u00e9todo Multicanal de Schwinger&#8221;.<\/p>\n<p>Local: Unicamp &#8211; Instituto de F\u00edsica &#8211; DEQ.<\/p>\n<p>Suporte Financeiro: Bolsa\/CNPq.<\/p>\n<p>Data de Defesa: 16 de Dezembro de 1996.<\/p>\n<p><b>6)&nbsp;&nbsp;&nbsp;<\/b><strong>&nbsp;&nbsp;&nbsp;&nbsp;Alexandra Pardo&nbsp;Policastro&nbsp;Natalense<\/strong><\/p>\n<p>Programa: Doutoramento<\/p>\n<p>T\u00edtulo da Tese: &#8220;Efeitos de Polariza\u00e7\u00e3o e excita\u00e7\u00f5es Eletr\u00f4nicas com o M\u00e9todo Multicanal de Schwinger com Pseudo-Potencial&#8221;.<\/p>\n<p>Local: Unicamp &#8211; Instituto de F\u00edsica &#8211; DEQ.<\/p>\n<p>Suporte Financeiro: Fapesp.<\/p>\n<p>In\u00edcio: junho de 1994<\/p>\n<p>Data de Defesa: 18 Dezembro de 1997.<b><\/b><\/p>\n<p><b>7)&nbsp;&nbsp;&nbsp;<\/b><strong>&nbsp;&nbsp;&nbsp;&nbsp;Antonio Jos\u00e9 Silva Oliveira<\/strong><\/p>\n<p>Programa: Doutoramento (co-orienta\u00e7\u00e3o junto com Prof. Luiz Guimar\u00e3es Ferreira)<\/p>\n<p>T\u00edtulo da Tese: &#8220;Estudo de Diferentes Pseudopotenciais de Norma Conservada em C\u00e1lculo de Espalhamento de El\u00e9trons por Mol\u00e9culas&#8221;.<\/p>\n<p>Local: Unicamp &#8211; Instituto de F\u00edsica &#8211; DEQ.<\/p>\n<p>Suporte Financeiro: CAPES.<\/p>\n<p>In\u00edcio: junho de 1994<\/p>\n<p>Data de Defesa: Dezembro de 1997.<\/p>\n<p><b>8)&nbsp;&nbsp;&nbsp;<\/b><strong>&nbsp;&nbsp;&nbsp;&nbsp;Roberto&nbsp;Belis\u00e1rio&nbsp;Diniz<\/strong><\/p>\n<p>Programa: Doutoramento<\/p>\n<p>T\u00edtulo da Tese: \u201cExcita\u00e7\u00f5es eletr\u00f4nicas por impacto de el\u00e9trons de mol\u00e9culas da atmosfera que possuam camadas eletr\u00f4nicas abertas (aten\u00e7\u00e3o especial a radicais moleculares).&#8221;<\/p>\n<p>Local: Unicamp &#8211; Instituto de F\u00edsica &#8211; DEQ.<\/p>\n<p>Suporte Financeiro: Fapesp.<\/p>\n<p>In\u00edcio: Mar\u00e7o de 1995.<\/p>\n<p>Data de Defesa: Abril de 2000<\/p>\n<p><b>9)&nbsp;<\/b><strong>&nbsp;&nbsp;&nbsp;&nbsp;&nbsp;&nbsp;Claudia Regina Campos de Carvalho<\/strong><\/p>\n<p>Programa: Doutoramento<\/p>\n<p>T\u00edtulo da Tese: \u201cDin\u00e2mica aniquila\u00e7\u00e3o&nbsp; de p\u00f3sitrons em gases&nbsp; moleculares.\u201d<\/p>\n<p>Local: Unicamp &#8211; Instituto de F\u00edsica &#8211; DEQ.<\/p>\n<p>Suporte Financeiro: Capes<\/p>\n<p>In\u00edcio: Mar\u00e7o de 1996.<\/p>\n<p>Data de Defesa: 17 de Maio de 2000<\/p>\n<p><b>10)&nbsp;<\/b><strong>&nbsp;&nbsp;&nbsp;&nbsp;&nbsp;&nbsp;M\u00e1rcio Teixeira do Nascimento Varella<\/strong><\/p>\n<p>Programa:&nbsp; doutorado<\/p>\n<p>T\u00edtulo do Trabalho: &#8220;Mapeamento da probabilidade de Aniquila\u00e7\u00e3o em Espalhamento de P\u00f3sitrons por Mol\u00e9culas&#8221;.<\/p>\n<p>Local: Unicamp &#8211; Instituto de F\u00edsica &#8211; DEQ.<\/p>\n<p>Suporte Financeiro: Fapesp<\/p>\n<p>In\u00edcio: Agosto de 1997<\/p>\n<p>Data de Defesa: Dezembro de 2001<\/p>\n<p><b>11)&nbsp;&nbsp;<\/b><strong>&nbsp;&nbsp;&nbsp;&nbsp;&nbsp;David Lima Azevedo<\/strong><\/p>\n<p>Programa:&nbsp; Doutorado<\/p>\n<p>T\u00edtulo do Trabalho: &#8220;Efeitos de Polariza\u00e7\u00e3o em Espalhamento de El\u00e9trons por Mol\u00e9culas usando o m\u00e9todo multicanal de Schwinger com&nbsp;&nbsp;Pseudopotenciais&#8221;.<\/p>\n<p>Local: Unicamp &#8211; Instituto de F\u00edsica &#8211; DEQ.<\/p>\n<p>Suporte Financeiro: Capes<\/p>\n<p>In\u00edcio: Agosto de 1997.<\/p>\n<p>Data de Defesa: Fevereiro de 2001<\/p>\n<p><b>12)&nbsp;<\/b><strong>&nbsp;&nbsp;&nbsp;&nbsp;&nbsp;&nbsp;Romarly&nbsp;Fernandes da Costa<\/strong><\/p>\n<p>Programa:&nbsp; Doutorado<\/p>\n<p>T\u00edtulo do Trabalho: &#8220;Aprimorando a Representa\u00e7\u00e3o do Alvo&nbsp; no M\u00e9todo&nbsp; Multicanal de Schwinger para&nbsp; o&nbsp; espalhamento de El\u00e9trons por Mol\u00e9culas&#8221;.<\/p>\n<p>Local: Unicamp &#8211; Instituto de F\u00edsica &#8211; DEQ.<\/p>\n<p>Suporte Financeiro: Fapesp<\/p>\n<p>In\u00edcio: Mar\u00e7o de 1999.<\/p>\n<p>Data de Defesa: Julho de 2004<b><\/b><\/p>\n<p><b>13)&nbsp;<\/b><strong>&nbsp;&nbsp;&nbsp;&nbsp;&nbsp;&nbsp;Felipe&nbsp;Arretche<\/strong><\/p>\n<p>Programa:&nbsp; Doutorado<\/p>\n<p>T\u00edtulo do Trabalho: &#8220;Excita\u00e7\u00f5es Eletr\u00f4nicas por impacto de p\u00f3sitrons via M\u00e9todo&nbsp; Multicanal de Schwinger&#8221;.<\/p>\n<p>Local: Unicamp &#8211; Instituto de F\u00edsica &#8211; DEQ.<\/p>\n<p>Suporte Financeiro: Fapesp<\/p>\n<p>In\u00edcio: Agosto de 2002.<\/p>\n<p>Data de Defesa: Agosto de 2006<b><\/b><\/p>\n<p><b>14)&nbsp;<\/b><strong>&nbsp;&nbsp;&nbsp;&nbsp;&nbsp;&nbsp;Sergio d\u00b4Almeida Sanchez<\/strong><\/p>\n<p>Programa:&nbsp; Doutorado<\/p>\n<p>T\u00edtulo do Trabalho: &#8220;Aprimorando do M\u00e9todo&nbsp; Multicanal de Schwinger para&nbsp; o&nbsp; espalhamento de P\u00f3sitrons por \u00c1tomos\/Mol\u00e9culas&#8221;.<\/p>\n<p>Local: Unicamp &#8211; Instituto de F\u00edsica &#8211; DEQ.<\/p>\n<p>Suporte Financeiro: Fapesp<\/p>\n<p>In\u00edcio: Mar\u00e7o 2004.<\/p>\n<p>Data de Defesa: Mar\u00e7o de 2008<\/p>\n<p><b>15)<\/b><strong>&nbsp;&nbsp;&nbsp;&nbsp;&nbsp;&nbsp;&nbsp;Eliane Marques de Oliveira<\/strong><\/p>\n<p>Programa:&nbsp; Doutorado (co-orienta\u00e7\u00e3o junto com Prof. M\u00e1rcio Teixeira do Nascimento Varella)<\/p>\n<p>T\u00edtulo do Trabalho: &#8220;Aplica\u00e7\u00f5es do M\u00e9todo&nbsp;Multicanal de Schwinger para&nbsp; o&nbsp; espalhamento de El\u00e9trons e P\u00f3sitrons por Mol\u00e9culas&#8221;.<\/p>\n<p>Local: Unicamp &#8211; Instituto de F\u00edsica &#8211; DEQ.<\/p>\n<p>Suporte Financeiro: Fapesp<\/p>\n<p>In\u00edcio: Mar\u00e7o 2006.<\/p>\n<p>Data de Defesa: Junho de 2010<\/p>\n<p><strong>16)&nbsp;&nbsp;&nbsp;&nbsp;&nbsp;&nbsp;&nbsp;Marco Antonio Ridenti.<\/strong><\/p>\n<p>T\u00edtulo do trabalho: &#8220;Diagn\u00f3stico e Modelagem de Plasmas Micro-Ondas e Aplica\u00e7\u00f5es&#8221;.<\/p>\n<p>Programa: Doutorado&nbsp;(co-orienta\u00e7\u00e3o junto com Prof.Jayr Amorim Filho)<\/p>\n<p>Local: Unicamp &#8211; Instituto de F\u00edsica &#8211; DEQ.<\/p>\n<p>Suporte financeiro: CNPq.<\/p>\n<p>Data de Defesa: 2014.<\/p>\n<p><b>17)&nbsp;<\/b><strong>&nbsp; &nbsp;Alan Guilherme Falkowski<\/strong><\/p>\n<p>Programa: Doutorado (co-orienta\u00e7\u00e3o Romarly Fernandes da Costa (UFABC), colabora\u00e7\u00e3o de F\u00e1bris Kossoski)<\/p>\n<p>T\u00edtulo do Trabalho: \u201cConverg\u00eancia do Acoplamento Multicanal no Espalhamento de El\u00e9trons de Baixa Energia: Aplica\u00e7\u00f5es do M\u00e9todo Multicanal de Schwinger\u201d.<\/p>\n<p>Local: Unicamp &#8211; Instituto de F\u00edsica &#8211; DEQ.<\/p>\n<p>Suporte Financeiro: Capes<\/p>\n<p>In\u00edcio: 2020.<\/p>\n<p>Data de Defesa: 2023<\/p>","protected":false},"excerpt":{"rendered":"<p>1)&nbsp;&nbsp;&nbsp;&nbsp;&nbsp;&nbsp;&nbsp;Jos\u00e9 Silv\u00e9rio Edmundo Germano Programa:&nbsp; Doutoramento T\u00edtulo da Tese: \u201cEspalhamento de P\u00f3sitrons de Baixa Energia por Mol\u00e9culas de Geometria Arbitr\u00e1ria&#8221;. Local: Instituto Tecnol\u00f3gico de Aeron\u00e1utica &#8211; Divis\u00e3o de P\u00f3s Gradua\u00e7\u00e3o &#8211; CTA. Suporte Financeiro: Professor do ITA. Data de Defesa: 17 de Setembro de 1992 2)&nbsp;&nbsp;&nbsp;&nbsp;&nbsp;&nbsp;&nbsp;M\u00e1rcio Henrique Franco&nbsp;Bettega Programa:&nbsp; Doutoramento (co-orienta\u00e7\u00e3o junto com Prof. Luiz &hellip; <\/p>\n<p><a class=\"more-link btn\" href=\"https:\/\/sites.ifi.unicamp.br\/maplima\/orientacoes\/doutorado\/\">Continue lendo<\/a><\/p>\n","protected":false},"author":106,"featured_media":0,"parent":284,"menu_order":0,"comment_status":"closed","ping_status":"closed","template":"","meta":{"ngg_post_thumbnail":0,"footnotes":""},"class_list":["post-291","page","type-page","status-publish","hentry","nodate","item-wrap"],"_links":{"self":[{"href":"https:\/\/sites.ifi.unicamp.br\/maplima\/wp-json\/wp\/v2\/pages\/291","targetHints":{"allow":["GET"]}}],"collection":[{"href":"https:\/\/sites.ifi.unicamp.br\/maplima\/wp-json\/wp\/v2\/pages"}],"about":[{"href":"https:\/\/sites.ifi.unicamp.br\/maplima\/wp-json\/wp\/v2\/types\/page"}],"author":[{"embeddable":true,"href":"https:\/\/sites.ifi.unicamp.br\/maplima\/wp-json\/wp\/v2\/users\/106"}],"replies":[{"embeddable":true,"href":"https:\/\/sites.ifi.unicamp.br\/maplima\/wp-json\/wp\/v2\/comments?post=291"}],"version-history":[{"count":7,"href":"https:\/\/sites.ifi.unicamp.br\/maplima\/wp-json\/wp\/v2\/pages\/291\/revisions"}],"predecessor-version":[{"id":2698,"href":"https:\/\/sites.ifi.unicamp.br\/maplima\/wp-json\/wp\/v2\/pages\/291\/revisions\/2698"}],"up":[{"embeddable":true,"href":"https:\/\/sites.ifi.unicamp.br\/maplima\/wp-json\/wp\/v2\/pages\/284"}],"wp:attachment":[{"href":"https:\/\/sites.ifi.unicamp.br\/maplima\/wp-json\/wp\/v2\/media?parent=291"}],"curies":[{"name":"wp","href":"https:\/\/api.w.org\/{rel}","templated":true}]}}