{"id":307,"date":"2014-04-25T16:50:01","date_gmt":"2014-04-25T16:50:01","guid":{"rendered":"https:\/\/sites.ifi.unicamp.br\/maplima\/?page_id=307"},"modified":"2026-04-15T08:49:44","modified_gmt":"2026-04-15T11:49:44","slug":"palestras","status":"publish","type":"page","link":"https:\/\/sites.ifi.unicamp.br\/maplima\/palestras\/","title":{"rendered":"Palestras recentes"},"content":{"rendered":"<p>&nbsp;<\/p>\n<ol>\n<li><strong><a href=\"http:\/\/www.ifi.unicamp.br\/~maplima\/maplima-posmol2013.pdf\">Posmol (Kanazawa, Jap\u00e3o, Julho de 2013)<\/a><\/strong><\/li>\n<li><strong><a href=\"http:\/\/www.ifi.unicamp.br\/~maplima\/maplima-xiwfme2013.pdf\">XI WFME (Feira de Santana, Bahia, Dezembro de 2013)<\/a><\/strong><\/li>\n<li><strong>Col\u00f3quio no <a href=\"http:\/\/www.ifi.unicamp.br\/~maplima\/maplima-IFT2014.pdf\">IFT junto com ICTP\/SAIFR (S\u00e3o Paulo, SP, abril de 2014)<\/a><\/strong><\/li>\n<li><strong>At the Interface between Physics and Biology, (Fapesp, S\u00e3o Paulo, 2014). \u201c<a href=\"http:\/\/www.ifi.unicamp.br\/~maplima\/maplima-intphysbio2014.pdf\">Challenges for Competitive Synthetic Biology in Brazil<\/a>\u201d<\/strong><\/li>\n<li><strong><a href=\"http:\/\/www.ifi.unicamp.br\/~maplima\/maplima-XXXVII-ENFMC.pdf\">XXXVIII ENFMC (Costa do Sau\u00edpe, Bahia, Maio de 2014)<\/a><\/strong><\/li>\n<li><strong>Col\u00f3quio no IFGW (Campinas, Maio de 2014)<\/strong><\/li>\n<li><strong><a href=\"http:\/\/www.ifi.unicamp.br\/~maplima\/maplima-IAEA-ITAMP.pdf\">Joint Workshop with ITAMP\/IAEA on \u201cUncertainty Assessment for Atomic and Molecular Data\u201d (Cambridge, Julho de 2014)<\/a><\/strong><\/li>\n<li><strong><a href=\"http:\/\/www.ifi.unicamp.br\/~maplima\/maplima-MP2-UFAM.pdf\">1st International Conference on Molecules and Polymers and Material Physics (Manaus, UFAM, Agosto de 2014)<\/a><\/strong><\/li>\n<li><b><strong><a href=\"http:\/\/www.ifi.unicamp.br\/~maplima\/maplima-UFJF-IVWPGF.pdf\">IV-WPGF \u201cEspalhamento de el\u00e9trons por fragmentos moleculares da biomassa\u201d (Juiz de Fora, UFJF, Setembro de 2015)<\/a>&nbsp;<\/strong><\/b><\/li>\n<li><strong><a href=\"http:\/\/www.ifi.unicamp.br\/%7Emaplima\/maplima-GEC-Honolulu.pdf\">Gaseous Electronic Conference (GEC) \u201cElectron Scattering by biomass molecular fragments\u201d (Honolulu, Outubro de 2015)<\/a>. An joint meeting organized by the American Physical Society with ICRP and SPP.<\/strong><\/li>\n<li><b><strong><a href=\"http:\/\/www.ifi.unicamp.br\/%7Emaplima\/maplima-IFGW-FM003-2016.pdf\">FM003-IFGW-UNICAMP \u201cMec\u00e2nica qu\u00e2ntica, plasmas qu\u00edmicos e produ\u00e7\u00e3o de etanol: assuntos relacionados de uma agenda cient\u00edfica brasileira\u201d (Campinas, SP, Maio de 2016)<\/a>&nbsp;<\/strong><\/b><\/li>\n<li><strong><a href=\"http:\/\/www.ifi.unicamp.br\/%7Emaplima\/maplima-Curitiba.pdf\">Workshop&nbsp;on Molecular&nbsp;Physics&nbsp;Applied to&nbsp;Medical&nbsp;Science &#8220;Electronic excitation of molecules by electron&nbsp;impact with the Schwinger Multichannel Method&nbsp;with Pseudopotentials (SMCPP):&nbsp;how far has it gone?&#8221; (Curitiba, &nbsp;Dezembro de 2019)<\/a>.<\/strong><\/li>\n<li><a href=\"http:\/\/www.ifi.unicamp.br\/%7Emaplima\/maplima-FpC.pdf\"><strong>F\u00edsica para Curiosos &#8220;Mist\u00e9rios da Mec\u00e2nica Qu\u00e2ntica&#8221; (IFGW, Unicamp, Campinas, SP, junho de 2021).<\/strong><\/a><\/li>\n<li><a href=\"https:\/\/www.youtube.com\/watch?v=c0UxSgPePck\"><strong>Youtube: F\u00edsica para Curiosos &#8220;Mist\u00e9rios da Mec\u00e2nica Qu\u00e2ntica&#8221; (IFGW, Unicamp, Campinas, SP, junho de 2021).<\/strong><\/a><\/li>\n<li><strong><a href=\"http:\/\/www.ifi.unicamp.br\/%7Emaplima\/maplima-HIDS-CCUS-20210617.pdf\">Aula na Disciplina PP590, Carbon Capture Use and Storage &#8220;International Hub for Sustainable Development (HIDS)&#8221;, (Campinas, junho de 2021)<\/a>.<\/strong><\/li>\n<li><a href=\"http:\/\/www.ifi.unicamp.br\/~maplima\/maplima-EMS2021.pdf\"><strong>Electronic Excitation of Molecules by Electron Impact: The Theoretical and Experimental Situatio<\/strong>n<\/a>, <strong>EMS2021, Virtual Meeting July 29-30 (Notre Dame University &#8211; IN, USA).<\/strong><\/li>\n<li><strong><a href=\"https:\/\/www.ifi.unicamp.br\/~maplima\/WFME23-MAPLima.pdf\">&#8220;~ 45 years of the Schwinger&nbsp;Multichannel Method: Science we&nbsp;do with people&#8221;,<\/a> WFME 2023 (USP, S\u00e3o Paulo, outubro de 2023).&nbsp;<\/strong><\/li>\n<li><a href=\"https:\/\/sites.ifi.unicamp.br\/maplima\/files\/2026\/04\/espelho_quantico_palestra.pdf\"><strong>Mec\u00e2nica Qu\u00e2ntica na Era da IA: do Xerife Digital \u00e0 Soberania Intelectual<\/strong><\/a>, &nbsp;O Dia Mundial Qu\u00e2ntico UFPR, &nbsp;Curitiba, 14 de abril de 2026.<\/li>\n<\/ol>\n<p><\/p>","protected":false},"excerpt":{"rendered":"<p>&nbsp; Posmol (Kanazawa, Jap\u00e3o, Julho de 2013) XI WFME (Feira de Santana, Bahia, Dezembro de 2013) Col\u00f3quio no IFT junto com ICTP\/SAIFR (S\u00e3o Paulo, SP, abril de 2014) At the Interface between Physics and Biology, (Fapesp, S\u00e3o Paulo, 2014). \u201cChallenges for Competitive Synthetic Biology in Brazil\u201d XXXVIII ENFMC (Costa do Sau\u00edpe, Bahia, Maio de 2014) &hellip; <\/p>\n<p><a class=\"more-link btn\" href=\"https:\/\/sites.ifi.unicamp.br\/maplima\/palestras\/\">Continue lendo<\/a><\/p>\n","protected":false},"author":106,"featured_media":0,"parent":0,"menu_order":0,"comment_status":"closed","ping_status":"closed","template":"","meta":{"ngg_post_thumbnail":0,"footnotes":""},"class_list":["post-307","page","type-page","status-publish","hentry","nodate","item-wrap"],"_links":{"self":[{"href":"https:\/\/sites.ifi.unicamp.br\/maplima\/wp-json\/wp\/v2\/pages\/307","targetHints":{"allow":["GET"]}}],"collection":[{"href":"https:\/\/sites.ifi.unicamp.br\/maplima\/wp-json\/wp\/v2\/pages"}],"about":[{"href":"https:\/\/sites.ifi.unicamp.br\/maplima\/wp-json\/wp\/v2\/types\/page"}],"author":[{"embeddable":true,"href":"https:\/\/sites.ifi.unicamp.br\/maplima\/wp-json\/wp\/v2\/users\/106"}],"replies":[{"embeddable":true,"href":"https:\/\/sites.ifi.unicamp.br\/maplima\/wp-json\/wp\/v2\/comments?post=307"}],"version-history":[{"count":27,"href":"https:\/\/sites.ifi.unicamp.br\/maplima\/wp-json\/wp\/v2\/pages\/307\/revisions"}],"predecessor-version":[{"id":3890,"href":"https:\/\/sites.ifi.unicamp.br\/maplima\/wp-json\/wp\/v2\/pages\/307\/revisions\/3890"}],"wp:attachment":[{"href":"https:\/\/sites.ifi.unicamp.br\/maplima\/wp-json\/wp\/v2\/media?parent=307"}],"curies":[{"name":"wp","href":"https:\/\/api.w.org\/{rel}","templated":true}]}}