{"id":3283,"date":"2026-01-28T12:33:52","date_gmt":"2026-01-28T15:33:52","guid":{"rendered":"https:\/\/sites.ifi.unicamp.br\/maplima\/?page_id=3283"},"modified":"2026-04-13T15:32:32","modified_gmt":"2026-04-13T18:32:32","slug":"palestras-123-e-4","status":"publish","type":"page","link":"https:\/\/sites.ifi.unicamp.br\/maplima\/ensino\/f689-2026-mq-com-ia\/palestras-123-e-4\/","title":{"rendered":"\ud83c\udfa4 Palestras: MQ &amp; IA na Pesquisa e no Trabalho"},"content":{"rendered":"<p><\/p>\n<p style=\"text-align: center\"><a href=\"https:\/\/sites.ifi.unicamp.br\/maplima\/files\/2026\/02\/Palestrantes.jpeg\"><img fetchpriority=\"high\" decoding=\"async\" class=\"alignnone wp-image-3712\" src=\"https:\/\/sites.ifi.unicamp.br\/maplima\/files\/2026\/02\/Palestrantes-300x203.jpeg\" alt=\"\" width=\"371\" height=\"251\" srcset=\"https:\/\/sites.ifi.unicamp.br\/maplima\/files\/2026\/02\/Palestrantes-300x203.jpeg 300w, https:\/\/sites.ifi.unicamp.br\/maplima\/files\/2026\/02\/Palestrantes-1024x693.jpeg 1024w, https:\/\/sites.ifi.unicamp.br\/maplima\/files\/2026\/02\/Palestrantes-768x520.jpeg 768w, https:\/\/sites.ifi.unicamp.br\/maplima\/files\/2026\/02\/Palestrantes-750x507.jpeg 750w, https:\/\/sites.ifi.unicamp.br\/maplima\/files\/2026\/02\/Palestrantes.jpeg 1280w\" sizes=\"(max-width: 371px) 100vw, 371px\" \/><\/a><\/p>\n<p>Como (e porque) a Mec\u00e2nica Qu\u00e2ntica e\/ou a Intelig\u00eancia Artificial influenciam minha pesquisa e\/ou meu trabalho?<\/p>\n<p><strong>Palestra 1, dia 11\/3, 4a. feira, \u00e0s 10:00h, sala de aula. <\/strong><em><a href=\"https:\/\/sites.ifi.unicamp.br\/maplima\/files\/2026\/04\/IA_Generativa_Estud_IFGW.pdf\">C\u00f3pia da Apresenta\u00e7\u00e3o: Clique aqui<\/a> \ud83d\udd17<\/em><br \/>\nT\u00edtulo da Palestra: &#8220;Uso Respons\u00e1vel de IA Generativa&#8221;.<br \/>\nNome: Prof. Matheus Souza (Coordenador do GGTE)<br \/>\nInstitui\u00e7\u00e3o: &nbsp;FEEC, UNICAMP<\/p>\n<p><strong>Palestra 2, dia 16\/3, 2a. feira, \u00e0s 10:00h, sala de aula. <\/strong><a href=\"https:\/\/sites.ifi.unicamp.br\/maplima\/files\/2026\/04\/F689_Quantica_Termocronologia.pdf\"><em>C\u00f3pia da Apresenta\u00e7\u00e3o: Clique aqui \ud83d\udd17<\/em><\/a><br \/>\nT\u00edtulo da Palestra: &#8220;Barreiras de Potencial e Tunelamento Qu\u00e2ntico no Decaimento Radioativo: Da F\u00edsica Nuclear \u00e0s Geoci\u00eancias&#8221;.<br \/>\nNome: &nbsp;Prof. Dr. Sandro Guedes de Oliveira (Coordenador de Gradua\u00e7\u00e3o do IFGW)<br \/>\nInstitui\u00e7\u00e3o: DRCC, IFGW, UNICAMP.<\/p>\n<p><strong>Palestra 3, dia 18\/3, 4a. feira, \u00e0s 10:00h, sala de aula. <\/strong><a href=\"https:\/\/sites.ifi.unicamp.br\/maplima\/files\/2026\/04\/Unicamp_MQ.pdf\"><em>C\u00f3pia da Apresenta\u00e7\u00e3o: Clique aqui \ud83d\udd17<\/em><\/a><br \/>\nT\u00edtulo da Palestra: \u201cIA: O Tsunami que Vai Transformar sua Forma\u00e7\u00e3o\u201d.<br \/>\nNome: Prof. Sergio Ferraz Novaes.<br \/>\nInstitui\u00e7\u00e3o: AI2, UNESP (<a href=\"https:\/\/advancedinstitute.ai\">veja<\/a> \ud83d\udd17). Ser\u00e1 transmitida via <a href=\"https:\/\/meet.google.com\/oyr-gncc-dpw\">google meet. Clique \ud83d\udd17<\/a><br \/>\nPara um resumo (uma reflex\u00e3o com os alunos), <a href=\"https:\/\/sites.ifi.unicamp.br\/maplima\/ensino\/f689-2026-mq-com-ia\/palestras-123-e-4\/um-convite-a-reflexao-prof-sergio-novaes\/\">clique aqui \ud83d\udd17<\/a> &nbsp;<\/p>\n<p><strong>Palestra 4, dia 23\/3, 2a. feira, \u00e0s 10:00h, sala de aula. <\/strong><a href=\"https:\/\/sites.ifi.unicamp.br\/maplima\/files\/2026\/04\/Introducao-CQ-26.pptx-5.pdf\"><em>C\u00f3pia da Apresenta\u00e7\u00e3o: Clique aqui \ud83d\udd17<\/em><\/a><br \/>\nT\u00edtulo da Palestra: Computador Qu\u00e2ntico: do que se trata?<br \/>\nNome: Prof. Marcos Cesar de Oliveira (Diretor do IFGW)<br \/>\nInstitui\u00e7\u00e3o: DFMC, IFGW, UNICAMP.<br \/>\n<em>Mensagem do prof. Marcos para os alunos sobre IA alternativas: Hoje eu tive contato com o NotebookLM da Google e fiquei muito impressionado. Ele funciona com o que voc\u00ea fornece a ele. Veja o v\u00eddeo que ele criou de um artigo que acabamos de submeter. S\u00f3 carreguei o artigo e pedi para fazer um v\u00eddeo para n\u00e3o especialistas. <a href=\"https:\/\/sites.ifi.unicamp.br\/maplima\/files\/2026\/03\/MarcosOliveira.mp4\">Clique aqui \ud83d\udd17<\/a><\/em><\/p>","protected":false},"excerpt":{"rendered":"<p>Como (e porque) a Mec\u00e2nica Qu\u00e2ntica e\/ou a Intelig\u00eancia Artificial influenciam minha pesquisa e\/ou meu trabalho? Palestra 1, dia 11\/3, 4a. feira, \u00e0s 10:00h, sala de aula. C\u00f3pia da Apresenta\u00e7\u00e3o: Clique aqui \ud83d\udd17 T\u00edtulo da Palestra: &#8220;Uso Respons\u00e1vel de IA Generativa&#8221;. Nome: Prof. Matheus Souza (Coordenador do GGTE) Institui\u00e7\u00e3o: &nbsp;FEEC, UNICAMP Palestra 2, dia 16\/3, &hellip; <\/p>\n<p><a class=\"more-link btn\" href=\"https:\/\/sites.ifi.unicamp.br\/maplima\/ensino\/f689-2026-mq-com-ia\/palestras-123-e-4\/\">Continue lendo<\/a><\/p>\n","protected":false},"author":106,"featured_media":0,"parent":2637,"menu_order":10,"comment_status":"closed","ping_status":"closed","template":"","meta":{"ngg_post_thumbnail":0,"footnotes":""},"class_list":["post-3283","page","type-page","status-publish","hentry","nodate","item-wrap"],"_links":{"self":[{"href":"https:\/\/sites.ifi.unicamp.br\/maplima\/wp-json\/wp\/v2\/pages\/3283","targetHints":{"allow":["GET"]}}],"collection":[{"href":"https:\/\/sites.ifi.unicamp.br\/maplima\/wp-json\/wp\/v2\/pages"}],"about":[{"href":"https:\/\/sites.ifi.unicamp.br\/maplima\/wp-json\/wp\/v2\/types\/page"}],"author":[{"embeddable":true,"href":"https:\/\/sites.ifi.unicamp.br\/maplima\/wp-json\/wp\/v2\/users\/106"}],"replies":[{"embeddable":true,"href":"https:\/\/sites.ifi.unicamp.br\/maplima\/wp-json\/wp\/v2\/comments?post=3283"}],"version-history":[{"count":33,"href":"https:\/\/sites.ifi.unicamp.br\/maplima\/wp-json\/wp\/v2\/pages\/3283\/revisions"}],"predecessor-version":[{"id":3886,"href":"https:\/\/sites.ifi.unicamp.br\/maplima\/wp-json\/wp\/v2\/pages\/3283\/revisions\/3886"}],"up":[{"embeddable":true,"href":"https:\/\/sites.ifi.unicamp.br\/maplima\/wp-json\/wp\/v2\/pages\/2637"}],"wp:attachment":[{"href":"https:\/\/sites.ifi.unicamp.br\/maplima\/wp-json\/wp\/v2\/media?parent=3283"}],"curies":[{"name":"wp","href":"https:\/\/api.w.org\/{rel}","templated":true}]}}