{"id":85,"date":"2013-12-06T12:23:58","date_gmt":"2013-12-06T12:23:58","guid":{"rendered":"https:\/\/sites.ifi.unicamp.br\/modelo\/?page_id=26"},"modified":"2016-07-09T16:22:02","modified_gmt":"2016-07-09T19:22:02","slug":"pesquisa","status":"publish","type":"page","link":"https:\/\/sites.ifi.unicamp.br\/maplima\/pesquisa\/","title":{"rendered":"Pesquisa"},"content":{"rendered":"<p><\/p>\n<div>\n<div>\n<p style=\"text-align: justify\">ver tamb\u00e9m:<\/p>\n<ul>\n<li><strong><a href=\"http:\/\/www.ifi.unicamp.br\/~maplima\/sumula-Fapesp-MAPLIMA-201511.pdf\">S\u00famula Fapesp<\/a><\/strong><\/li>\n<li><strong><a href=\"http:\/\/buscatextual.cnpq.br\/buscatextual\/visualizacv.do?id=K4783080D5\">Curriculum Lattes<\/a><\/strong><\/li>\n<\/ul>\n<p style=\"text-align: justify\">Linha 1: Um resumo de minha pesquisa em espalhamento de el\u00e9trons por mol\u00e9culas se encontra no\u00a0 <a href=\"http:\/\/link.springer.com\/article\/10.1140%2Fepjd%2Fe2015-60192-6\">artigo de revis\u00e3o<\/a>: Romarly F. da Costa, M\u00e1rcio T. do N. Varella, M\u00e1rcio H. F. Bettega, and Marco A. P. Lima, \u201cRecent advances in the application of the Schwinger multichannel method with pseudopotentials to electron-molecule collisions\u201d, Eur. Phys. J. D 69, 1 (2015). DOI: 10.1140\/epjd\/e2015-60192-6. Esse artigo revisa diversas aplica\u00e7\u00f5es do m\u00e9todo utilizando pseudo potenciais ap\u00f3s a publica\u00e7\u00e3o do primeiro artigo no assunto: M\u00e1rcio H. F. Bettega, Luiz G. Ferreira, and Marco A. P. Lima, \u201cTransferability of Local-Density Norm-Conserving Pseudopotentials to Electron-Molecule Collision Calculations,\u201d Phys. Rev. A 47, 1111-8 (1993). DOI: <a href=\"http:\/\/dx.doi.org\/10.1103\/PhysRevA.47.1111\">http:\/\/dx.doi.org\/10.1103\/PhysRevA.47.1111<\/a><\/p>\n<p style=\"text-align: justify\">Linha 2: Em teoria e aplica\u00e7\u00f5es de espalhamento de p\u00f3sitrons por mol\u00e9culas, o primeiro artigo foi: Jos\u00e9 S. E. Germano and Marco A. P. Lima, \u201cThe Schwinger Multichannel Method for Positron-Molecule Scattering,\u201d Phys. Rev. A 47, 3976-82 (1993). DOI: <a href=\"http:\/\/dx.doi.org\/10.1103\/PhysRevA.47.3976\">http:\/\/dx.doi.org\/10.1103\/PhysRevA.47.3976<\/a>. Muitos artigos vieram depois deste. Ver lista de publica\u00e7\u00f5es (alguns DOI&#8217;s inclu\u00eddos)<\/p>\n<div style=\"text-align: justify\">\n<div>\n<hr \/>\n<p><b>Projeto atual: Pesquisador CNPq (deste 1987). N\u00edvel 1A.<br \/>\n<\/b><\/p>\n<\/div>\n<\/div>\n<div style=\"text-align: justify\">\n<div>Espalhamento de el\u00e9trons e p\u00f3sitrons por mol\u00e9culas<\/div>\n<\/div>\n<div style=\"text-align: justify\">\n<div>Resumo: Na \u00e1rea de espalhamento de el\u00e9trons pretendo, juntamente com alunos e colaboradores, (1) aplicar a vers\u00e3o computacional paralelizada do M\u00e9todo Multicanal de Schwinger com Pseudopotenciais para excita\u00e7\u00f5es eletr\u00f4nicas por impacto de el\u00e9trons para diversas mol\u00e9culas pequenas como H<sub>2<\/sub>O (\u00e1gua), CH<sub>2<\/sub>O (formalde\u00eddo) , CH<sub>3<\/sub>OH (metanol), e C<sub>2<\/sub>H<sub>5<\/sub>OH(etanol); (2) dar prosseguimento em estudos de excita\u00e7\u00f5es eletr\u00f4nicas de fragmentos moleculares provenientes da biomassa (furfural, a\u00e7\u00facares da celulose e da hemicelulose); (3) Estudar efeitos de micro solvata\u00e7\u00e3o na excita\u00e7\u00e3o eletr\u00f4nica de mol\u00e9culas (come\u00e7aremos com formalde\u00eddo com uma e duas mol\u00e9culas de \u00e1gua); (4) realizar desenvolvimento computacional para incluir ioniza\u00e7\u00e3o como um potencial complexo; (5) realizar desenvolvimento computacional para tratar conjuntos de estados eletr\u00f4nicos como degenerados (um limiar comum de excita\u00e7\u00e3o eletr\u00f4nica, estabelecido de forma fict\u00edcia para economizar tempo computacional). Na \u00e1rea de espalhamento de p\u00f3sitrons pretendo, juntamente com alunos e colaboradores, (6) modificar nossos programas computacionais desenvolvidos para o espalhamento de p\u00f3sitrons para utiliza\u00e7\u00e3o de computa\u00e7\u00e3o paralela; (7) ampliar o escopo de aplica\u00e7\u00f5es (alvos maiores) com essa nova gera\u00e7\u00e3o de programas; (8) tratar o canal de ioniza\u00e7\u00e3o (incluindo o de forma\u00e7\u00e3o de positr\u00f4nio) com aux\u00edlio de potenciais complexos. Pretendo, juntamente com alunos e colaboradores, come\u00e7ar a atuar em uma nova \u00e1rea de pesquisa, a de espalhamento de positr\u00f4nios por mol\u00e9culas. A ideia \u00e9, primeiramente, (1) extrair se\u00e7\u00f5es de choque a partir das amplitudes do espalhamento de el\u00e9trons e do espalhamento de p\u00f3sitrons calculadas de forma independente; e, em seguida, (2) desenvolver metodologia que permita a utiliza\u00e7\u00e3o do m\u00e9todo de Multicanal de Schwinger para o espalhamento de positr\u00f4nio por mol\u00e9culas.<\/div>\n<\/div>\n<div style=\"text-align: justify\">\n<div>\n<p><em>Situa\u00e7\u00e3o<\/em>: Em andamento; <em>Financiamento<\/em>: Conselho Nacional de Desenvolvimento Cient\u00edfico e Tecnol\u00f3gico (CNPq). Bolsa e reserva t\u00e9cnica.<\/p>\n<\/div>\n<\/div>\n<hr \/>\n<p style=\"text-align: justify\"><b>Tem\u00e1tico: 2009 &#8211; 2013<br \/>\n<\/b><\/p>\n<\/div>\n<\/div>\n<div style=\"text-align: justify\">\n<div>PROCESSING OF SUGARCANE CELLULOSE EMPLOYING ATMOSPHERIC PRESSURE PLASMAS<\/div>\n<\/div>\n<div style=\"text-align: justify\">\n<div>Abstrac (em ingl\u00eas, pois teve avalia\u00e7\u00e3o internacional): In this project we propose the implementation of a new method for selective treatment of lignocellulosic material based on atmospheric-pressure plasmas, which may become an important step towards the industrial production of second generation ethanol from sugarcane. The experiments in laboratory scale and the development of the equipment to produce the plasmas will be carried out at Instituto Tecnol\u00f3gico de Aeron\u00e1utica. We will then scale up the process at the Pilot Plant for Processes Development, which is now being projected, at Centro de Ci\u00eancia e Tecnologia do Bioetanol. From the theoretical point of view, the interaction of the plasma electrons with lignocellulosic material should be better understood and a study on this complex matter will be carried out in three different parts: (1) low-energy electron scattering from \u03b1-glucose and \u03b2-glucose monomers and dimmers. We expect these results to elucidate the differences in resonant processes responsible for the breakage of the respective (\u03b11\u21924) and (\u03b21\u21924) linkages. This study will be carried out at Centro de Ci\u00eancia e Tecnologia do Bioetanol and the resonance energies should provide invaluable information for optimizing the plasma-based pretreatment of lignocellulosic raw materials. (2) Once the resonance states are identified, we plan to study dissociation mechanisms by electron impact with the help of nuclear dynamics simulations, at Universidade Federal do ABC. (3) Lignocellulosic material contains a large amount of water. We also propose to investigate micro and macrosolvation effects through some standard approaches coded in quantum chemistry computational packages. This study will be done at Universidade de S\u00e3o Paulo.<\/div>\n<div><em>Situa\u00e7\u00e3o<\/em>: encerrado. <em>Estudantes<\/em>: Doutorado: (1). Integrantes: Marco Aurelio Pinheiro Lima &#8211; Coordenador \/ J. Amorim &#8211; integrante (coordenador das atividades experimentais). <em>Financiamento<\/em>: Tem\u00e1tico do BIOEN &#8211; Funda\u00e7\u00e3o de Amparo \u00e0 Pesquisa do Estado de S\u00e3o Paulo (FAPESP).<\/div>\n<\/div>\n<p style=\"text-align: justify\"><a name=\"PP_Espalhamento de el\u00e9trons e p\u00f3sitrons por mol\u00e9culas\"><\/a><\/p>\n<p>&nbsp;<\/p>","protected":false},"excerpt":{"rendered":"<p>ver tamb\u00e9m: S\u00famula Fapesp Curriculum Lattes Linha 1: Um resumo de minha pesquisa em espalhamento de el\u00e9trons por mol\u00e9culas se encontra no\u00a0 artigo de revis\u00e3o: Romarly F. da Costa, M\u00e1rcio T. do N. Varella, M\u00e1rcio H. F. Bettega, and Marco A. P. Lima, \u201cRecent advances in the application of the Schwinger multichannel method with pseudopotentials &hellip; <\/p>\n<p><a class=\"more-link btn\" href=\"https:\/\/sites.ifi.unicamp.br\/maplima\/pesquisa\/\">Continue lendo<\/a><\/p>\n","protected":false},"author":74,"featured_media":0,"parent":0,"menu_order":1,"comment_status":"closed","ping_status":"closed","template":"","meta":{"ngg_post_thumbnail":0,"footnotes":""},"class_list":["post-85","page","type-page","status-publish","hentry","nodate","item-wrap"],"_links":{"self":[{"href":"https:\/\/sites.ifi.unicamp.br\/maplima\/wp-json\/wp\/v2\/pages\/85","targetHints":{"allow":["GET"]}}],"collection":[{"href":"https:\/\/sites.ifi.unicamp.br\/maplima\/wp-json\/wp\/v2\/pages"}],"about":[{"href":"https:\/\/sites.ifi.unicamp.br\/maplima\/wp-json\/wp\/v2\/types\/page"}],"author":[{"embeddable":true,"href":"https:\/\/sites.ifi.unicamp.br\/maplima\/wp-json\/wp\/v2\/users\/74"}],"replies":[{"embeddable":true,"href":"https:\/\/sites.ifi.unicamp.br\/maplima\/wp-json\/wp\/v2\/comments?post=85"}],"version-history":[{"count":30,"href":"https:\/\/sites.ifi.unicamp.br\/maplima\/wp-json\/wp\/v2\/pages\/85\/revisions"}],"predecessor-version":[{"id":791,"href":"https:\/\/sites.ifi.unicamp.br\/maplima\/wp-json\/wp\/v2\/pages\/85\/revisions\/791"}],"wp:attachment":[{"href":"https:\/\/sites.ifi.unicamp.br\/maplima\/wp-json\/wp\/v2\/media?parent=85"}],"curies":[{"name":"wp","href":"https:\/\/api.w.org\/{rel}","templated":true}]}}