{"id":95,"date":"2014-01-06T16:08:16","date_gmt":"2014-01-06T16:08:16","guid":{"rendered":"https:\/\/sites.ifi.unicamp.br\/modelodocente\/?page_id=77"},"modified":"2026-04-10T17:37:26","modified_gmt":"2026-04-10T20:37:26","slug":"quem-sou","status":"publish","type":"page","link":"https:\/\/sites.ifi.unicamp.br\/maplima\/","title":{"rendered":"Sobre ele"},"content":{"rendered":"<p><\/p>\n<p style=\"text-align: left\"><strong>UM POUCO DA &nbsp;HIST\u00d3RIA PROFISSIONAL<\/strong><a href=\"https:\/\/sites.ifi.unicamp.br\/maplima\/files\/2020\/04\/Foto-em-30-04-2020-\u00e0s-10.21-1.jpg\"><br \/>\n<\/a><a href=\"https:\/\/sites.ifi.unicamp.br\/maplima\/files\/2021\/05\/Foto-em-31-05-2021-as-12.13.jpg\"><img decoding=\"async\" class=\"wp-image-2505 alignleft\" src=\"https:\/\/sites.ifi.unicamp.br\/maplima\/files\/2021\/05\/Foto-em-31-05-2021-as-12.13-300x284.jpg\" alt=\"\" width=\"223\" height=\"212\" srcset=\"https:\/\/sites.ifi.unicamp.br\/maplima\/files\/2021\/05\/Foto-em-31-05-2021-as-12.13-300x284.jpg 300w, https:\/\/sites.ifi.unicamp.br\/maplima\/files\/2021\/05\/Foto-em-31-05-2021-as-12.13-768x726.jpg 768w, https:\/\/sites.ifi.unicamp.br\/maplima\/files\/2021\/05\/Foto-em-31-05-2021-as-12.13-750x709.jpg 750w, https:\/\/sites.ifi.unicamp.br\/maplima\/files\/2021\/05\/Foto-em-31-05-2021-as-12.13.jpg 899w\" sizes=\"(max-width: 223px) 100vw, 223px\" \/><\/a><\/p>\n<p style=\"text-align: justify\">\ud83c\udf0dNasceu em S\u00e3o Paulo, em 1957. Cresceu e estudou em Caieiras, tendo realizado quase toda a sua forma\u00e7\u00e3o em institui\u00e7\u00f5es p\u00fablicas: Grupo Escolar Otto Weiszflog e Col\u00e9gio Estadual Walther Weiszflog, em Caieiras, e Universidade de S\u00e3o Paulo, onde concluiu a gradua\u00e7\u00e3o e o mestrado em F\u00edsica. Realizou o doutorado no California Institute of Technology (Caltech), em Pasadena, Estados Unidos, no per\u00edodo de 1981 a 1986. Antes de ingressar na Universidade Estadual de Campinas (Unicamp), em 1987, trabalhou no Instituto de Estudos Avan\u00e7ados do Centro T\u00e9cnico Aeroespacial, em S\u00e3o Jos\u00e9 dos Campos.<\/p>\n<div>\ud83d\udcda\u00c9 professor titular da Unicamp desde 1998. Proferiu numerosas palestras, a convite, em confer\u00eancias internacionais realizadas nos Estados Unidos, Inglaterra, \u00c1ustria, Dinamarca, Su\u00e9cia, Portugal, Jap\u00e3o, \u00cdndia, Venezuela, Argentina, Alemanha, R\u00fassia, Chile, Jord\u00e2nia e Cuba. Publicou mais de 180 artigos em revistas cient\u00edficas indexadas e possui mais de 4000 cita\u00e7\u00f5es segundo o Web of Science.<\/div>\n<div>&nbsp;<\/div>\n<div>\ud83c\udf10Atuou no Comit\u00ea Geral e foi vice-chairman do Encontro de Buenos Aires (2005) da <i>International Conference on Photonic, Electronic, and Atomic Collisions<\/i> (ICPEAC), tendo integrado tamb\u00e9m o comit\u00ea executivo da confer\u00eancia no per\u00edodo de 2005 a 2009. Em 2005, Ano Internacional da F\u00edsica, organizou no Brasil dois encontros sat\u00e9lites do ICPEAC: <a href=\"http:\/\/www.ems05.unicamp.br\">EMS05<\/a> (<em>Electron-Molecule Collisions and Swarms<\/em>) e <a href=\"http:\/\/www.positron05.unicamp.br\">Positron05<\/a> (<em>Low-Energy Positron and Positronium Physics<\/em>). A partir desse momento, em Campinas, esses dois encontros sat\u00e9lites continuaram a ocorrer permanentemente juntos com o nome <a href=\"https:\/\/www-user.yokohama-cu.ac.jp\/~tachi\/posmol2025\/\">POSMOL<\/a>.<\/div>\n<div>&nbsp;<\/div>\n<div>\ud83c\udfdb\ufe0fNa Unicamp, foi membro do Conselho Universit\u00e1rio (1992\u20131994) e da Congrega\u00e7\u00e3o do Instituto de F\u00edsica \u201cGleb Wataghin\u201d (IFGW) em diversas ocasi\u00f5es. Exerceu a fun\u00e7\u00e3o de Coordenador de Gradua\u00e7\u00e3o (1992\u20131994) e foi um dos autores do chamado <i>Curs\u00e3o <\/i>(Curso 51), uma a\u00e7\u00e3o conjunta do IFGW e do IMECC. Foi chefe do Departamento de Eletr\u00f4nica Qu\u00e2ntica (1998\u20132002) e avaliador do MEC para o curso de gradua\u00e7\u00e3o em F\u00edsica em 2001. Atuou como tesoureiro da Sociedade Brasileira de F\u00edsica (2000\u20132001).<\/div>\n<div>&nbsp;<\/div>\n<div>\n<p>\ud83c\udfdb\ufe0fEntre 2002 e 2005, atuou como assessor do Reitor da Unicamp, na gest\u00e3o do Prof. Carlos Henrique de Brito Cruz, per\u00edodo em que coordenou a reforma do pr\u00e9dio do Ciclo B\u00e1sico. Em 2006, a convite do ent\u00e3o Diretor Cient\u00edfico da FAPESP, Prof. Carlos Henrique de Brito Cruz, integrou um comit\u00ea encarregado de estudar a universidade do futuro em um horizonte de 20 anos. Como membro de uma subcomiss\u00e3o desse comit\u00ea, participou da elabora\u00e7\u00e3o de uma proposta para a cria\u00e7\u00e3o da <a href=\"https:\/\/sites.ifi.unicamp.br\/maplima\/files\/2026\/01\/ed4.pdf\">Universidade Aberta do Estado de S\u00e3o Paulo (UASP),<\/a> idealizada com caracter\u00edsticas inovadoras no que diz respeito \u00e0 avalia\u00e7\u00e3o dos alunos \u2014 um dos grandes desafios das universidades virtuais. Anos mais tarde, o Governo do Estado de S\u00e3o Paulo criou a UNIVESP, universidade p\u00fablica voltada ao ensino superior a dist\u00e2ncia, em um contexto mais amplo de discuss\u00e3o sobre novos modelos de universidade.<\/p>\n<\/div>\n<div>&nbsp;<\/div>\n<div>\ud83c\udf31De 2008 a 2012, foi diretor e respons\u00e1vel pela implanta\u00e7\u00e3o do <a href=\"https:\/\/lnbr.cnpem.br\/\">Laborat\u00f3rio Nacional de Ci\u00eancia e Tecnologia do Bioetanol (CTBE\/CNPEM), atualmente Laborat\u00f3rio Nacional de Biorrenov\u00e1veis (LNBR\/CNPEM)<\/a>. Para um pouco da hist\u00f3ria do CTBE (e lembrando Roberto Campos &#8220;o Brasil nunca perde uma oportunidade de perder uma oportunidade&#8221;), <a href=\"https:\/\/sites.ifi.unicamp.br\/maplima\/files\/2026\/04\/CTBE-30-6-10-BR-final.pdf\">veja uma apresenta\u00e7\u00e3o de 2011<\/a> ( um pouco mais de um ano ap\u00f3s a &nbsp;inaugura\u00e7\u00e3o do laborat\u00f3rio, 22\/01\/2010).<\/div>\n<div>&nbsp;<\/div>\n<div>\ud83d\udcda\u00c9 f\u00edsico te\u00f3rico, com atua\u00e7\u00e3o em f\u00edsica at\u00f4mica e molecular, na \u00e1rea de espalhamento de baixa energia de p\u00f3sitrons e el\u00e9trons por mol\u00e9culas. Orientou 17 teses de doutorado. Foi editor da revista <i>European Physical Journal D<\/i> entre 2004 e 2012. Atuou como pesquisador do CNPq, n\u00edvel 1A, de 2004 a 2021, al\u00e9m de \u00e1rbitro de peri\u00f3dicos internacionais e assessor de ag\u00eancias de fomento \u00e0 pesquisa, como Fapesp e CNPq. Coordenou projeto tem\u00e1tico da Fapesp (2009\u20132013) sobre aplica\u00e7\u00f5es de plasmas em biomassa para produ\u00e7\u00e3o de etanol.<\/div>\n<div>&nbsp;<\/div>\n<div>\ud83c\udfc5Recebeu o Pr\u00eamio de Reconhecimento Acad\u00eamico Zeferino Vaz em duas ocasi\u00f5es, em 2001 e 2013, e foi eleito membro titular da Academia de Ci\u00eancias do Estado de S\u00e3o Paulo em 2015.<\/div>\n<div>&nbsp;<\/div>\n<div>\ud83c\udfdb\ufe0fEntre 2017 e 2021, exerceu o cargo de <a href=\"http:\/\/www.depi.unicamp.br\">Diretor Executivo de Planejamento Integrado da Unicamp (DEPI)<\/a>, na gest\u00e3o do Prof. Marcelo Knobel, per\u00edodo em que coordenou a cria\u00e7\u00e3o do <a href=\"https:\/\/hids.unicamp.br\/\">Hub Internacional para o Desenvolvimento Sustent\u00e1vel (HIDS).<\/a><\/div>\n<div>&nbsp;<\/div>\n<div>\ud83c\udf31Ap\u00f3s se aposentar em 2022, e inspirado pelo esp\u00edrito do HIDS, passou a articular, em parceria com a Pontif\u00edcia Universidade Cat\u00f3lica de Campinas (PUC-Campinas), a cria\u00e7\u00e3o do <a href=\"https:\/\/www.puc-campinas.edu.br\/lands\/\">Laborat\u00f3rio Nacional para o Desenvolvimento Sustent\u00e1vel (LANDS)<\/a>. Com apoio t\u00e9cnico (dos coordenadores de programas) e pol\u00edtico, manteve interlocu\u00e7\u00e3o com diferentes minist\u00e9rios potencialmente interessados no tema, o que viabilizou uma apresenta\u00e7\u00e3o institucional do LANDS ao Vice-Presidente da Rep\u00fablica, Geraldo Alckmin, acompanhada de uma <a href=\"https:\/\/sites.ifi.unicamp.br\/maplima\/files\/2026\/01\/Lands_MDIC_20250201.pdf\">proposta com atua\u00e7\u00e3o vinculada ao Minist\u00e9rio do Desenvolvimento, Ind\u00fastria, Com\u00e9rcio e Servi\u00e7os (MDIC)<\/a>. O registro do relato indica que a <a href=\"https:\/\/sites.ifi.unicamp.br\/maplima\/files\/2026\/01\/Relato-reuniao-VP4.pdf\">iniciativa foi bem recebida<\/a>, havendo expectativa de que o LANDS venha a se concretizar. A denomina\u00e7\u00e3o <i>Laborat\u00f3rio Nacional <\/i>constitui um poderoso instrumento para mobilizar compet\u00eancias distribu\u00eddas em diferentes institui\u00e7\u00f5es, viabilizando projetos de Estado. O desenvolvimento sustent\u00e1vel, por sua vez, deve ser tratado como um verdadeiro projeto de Estado para o Brasil.<\/div>\n<div>&nbsp;<\/div>\n<div>\ud83c\udf31Atualmente, encontra-se de volta ao IFGW como colaborador volunt\u00e1rio (em fase de formaliza\u00e7\u00e3o) e, a pedido da Dire\u00e7\u00e3o do Instituto, est\u00e1 estruturando um projeto de sustentabilidade que dialogue com outras unidades da Unicamp, no \u00e2mbito da Iniciativa LDS (Laborat\u00f3rio para o Desenvolvimento Sustent\u00e1vel). A estrat\u00e9gia evoluiu e em uma conversa na nova Diretoria Executiva de Sustentabilidade (DExS), com seu diretor, diretor do IFGW e coordenador do NIPE, definimos os primeiros passos dessa jornada &nbsp;<a href=\"https:\/\/sites.ifi.unicamp.br\/maplima\/laboratorio-para-o-desenvolvimento-sustentavel-lds\/\">[saiba mais sobre a iniciativa LDS]<\/a><\/div>\n<div>&nbsp;<\/div>\n<div>\ud83e\ude9eParalelamente, prepara-se para lecionar a <a href=\"https:\/\/sites.ifi.unicamp.br\/maplima\/ensino\/f689-2026-mq-com-ia\/\">disciplina F689 \u2014 Mec\u00e2nica Qu\u00e2ntica \u2014 em uma vers\u00e3o desafiadora que faz uso intensivo de Intelig\u00eancia Artificial.<\/a> A Mec\u00e2nica Qu\u00e2ntica transformou profundamente a humanidade ao longo dos s\u00e9culos XX e XXI. A Intelig\u00eancia Artificial, tamb\u00e9m fruto dos avan\u00e7os tecnol\u00f3gicos viabilizados, em grande parte, por essa revolu\u00e7\u00e3o cient\u00edfica, tende a evoluir e a provocar mudan\u00e7as profundas nas rela\u00e7\u00f5es humanas em m\u00faltiplos n\u00edveis \u2014 educa\u00e7\u00e3o, sa\u00fade, pol\u00edtica, economia e trabalho, entre outros. Ensinar e aprender Mec\u00e2nica Qu\u00e2ntica com liberdade no uso da Intelig\u00eancia Artificial constitui, hoje, um desafio intelectual e pedag\u00f3gico particularmente estimulante.<\/div>\n<p><\/p>","protected":false},"excerpt":{"rendered":"<p>UM POUCO DA &nbsp;HIST\u00d3RIA PROFISSIONAL \ud83c\udf0dNasceu em S\u00e3o Paulo, em 1957. Cresceu e estudou em Caieiras, tendo realizado quase toda a sua forma\u00e7\u00e3o em institui\u00e7\u00f5es p\u00fablicas: Grupo Escolar Otto Weiszflog e Col\u00e9gio Estadual Walther Weiszflog, em Caieiras, e Universidade de S\u00e3o Paulo, onde concluiu a gradua\u00e7\u00e3o e o mestrado em F\u00edsica. Realizou o doutorado no &hellip; <\/p>\n<p><a class=\"more-link btn\" href=\"https:\/\/sites.ifi.unicamp.br\/maplima\/\">Continue lendo<\/a><\/p>\n","protected":false},"author":106,"featured_media":0,"parent":0,"menu_order":0,"comment_status":"closed","ping_status":"closed","template":"","meta":{"ngg_post_thumbnail":0,"footnotes":""},"class_list":["post-95","page","type-page","status-publish","hentry","nodate","item-wrap"],"_links":{"self":[{"href":"https:\/\/sites.ifi.unicamp.br\/maplima\/wp-json\/wp\/v2\/pages\/95","targetHints":{"allow":["GET"]}}],"collection":[{"href":"https:\/\/sites.ifi.unicamp.br\/maplima\/wp-json\/wp\/v2\/pages"}],"about":[{"href":"https:\/\/sites.ifi.unicamp.br\/maplima\/wp-json\/wp\/v2\/types\/page"}],"author":[{"embeddable":true,"href":"https:\/\/sites.ifi.unicamp.br\/maplima\/wp-json\/wp\/v2\/users\/106"}],"replies":[{"embeddable":true,"href":"https:\/\/sites.ifi.unicamp.br\/maplima\/wp-json\/wp\/v2\/comments?post=95"}],"version-history":[{"count":116,"href":"https:\/\/sites.ifi.unicamp.br\/maplima\/wp-json\/wp\/v2\/pages\/95\/revisions"}],"predecessor-version":[{"id":3858,"href":"https:\/\/sites.ifi.unicamp.br\/maplima\/wp-json\/wp\/v2\/pages\/95\/revisions\/3858"}],"wp:attachment":[{"href":"https:\/\/sites.ifi.unicamp.br\/maplima\/wp-json\/wp\/v2\/media?parent=95"}],"curies":[{"name":"wp","href":"https:\/\/api.w.org\/{rel}","templated":true}]}}