{"id":34,"date":"2014-10-24T18:05:53","date_gmt":"2014-10-24T18:05:53","guid":{"rendered":"https:\/\/sites.ifi.unicamp.br\/marcosoliveira\/?page_id=34"},"modified":"2022-08-18T16:34:09","modified_gmt":"2022-08-18T16:34:09","slug":"teaching","status":"publish","type":"page","link":"https:\/\/sites.ifi.unicamp.br\/marcosoliveira\/teaching\/","title":{"rendered":"Teaching"},"content":{"rendered":"<p><a href=\"https:\/\/sites.ifi.unicamp.br\/f429\/\">F\u00edsica Experimental IV<\/a><\/p>\n<p><a href=\"http:\/\/mecanicaquanticaf689.wordpress.com\/\" target=\"_blank\" rel=\"noopener\">Mec\u00e2nica Qu\u00e2ntica I \u2013 primeiro semestre 2013<\/a><\/p>\n<p><a title=\"M\u00e9todos Estoc\u00e1sticos em \u00d3ptica Qu\u00e2ntica e \u00d3ptica At\u00f4mica\" href=\"https:\/\/sites.ifi.unicamp.br\/marcosoliveira\/metodos-estocasticos-em-optica-quantica-e-optica-atomica\/\">M\u00e9todos estoc\u00e1sticos em \u00d3ptica Qu\u00e2ntica e \u00d3ptica At\u00f4mica<\/a><\/p>\n<p><a href=\"https:\/\/sites.ifi.unicamp.br\/marcosoliveira\/?page_id=82&amp;preview=true\">F320 Termodin\u00e2mica &#8211; segundo semestre 2022<\/a><\/p>\n<div class=\"page\" title=\"Page 1\">\n<div class=\"section\">\n<div class=\"layoutArea\">\n<div class=\"column\">\n<p><a href=\"https:\/\/sites.ifi.unicamp.br\/marcosoliveira\/teaching\/introducao-a-teoria-de-informacao-aspectos-classicos-e-quanticos\/\">F 349 (F 076)&nbsp;<span class=\"s1\">Introdu\u00e7\u00e3o \u00e0 Teoria de Informa\u00e7\u00e3o: Aspectos cl\u00e1ssicos e qu\u00e2nticos &nbsp;&#8211; Primeiro semestre 2022.<\/span><\/a><\/p>\n<\/div>\n<p><a href=\"https:\/\/sites.ifi.unicamp.br\/marcosoliveira\/teaching\/mecanica-quantica-ii\/\" target=\"_blank\" rel=\"noopener\">F789 Mec\u00e2nica Qu\u00e2ntica II &#8211; Segundo Semestre 2017.<\/a><\/p>\n<\/div>\n<\/div>\n<\/div>\n","protected":false},"excerpt":{"rendered":"<p>F\u00edsica Experimental IV Mec\u00e2nica Qu\u00e2ntica I \u2013 primeiro semestre 2013 M\u00e9todos estoc\u00e1sticos em \u00d3ptica Qu\u00e2ntica e \u00d3ptica At\u00f4mica F320 Termodin\u00e2mica &#8211; segundo semestre 2022 F 349 (F 076)&nbsp;Introdu\u00e7\u00e3o \u00e0 Teoria de Informa\u00e7\u00e3o: Aspectos cl\u00e1ssicos e qu\u00e2nticos &nbsp;&#8211; Primeiro semestre 2022. F789 Mec\u00e2nica Qu\u00e2ntica II &#8211; Segundo Semestre 2017.<\/p>\n","protected":false},"author":135,"featured_media":0,"parent":0,"menu_order":0,"comment_status":"open","ping_status":"open","template":"","meta":{"ngg_post_thumbnail":0,"footnotes":""},"class_list":["post-34","page","type-page","status-publish","hentry","nodate","item-wrap"],"_links":{"self":[{"href":"https:\/\/sites.ifi.unicamp.br\/marcosoliveira\/wp-json\/wp\/v2\/pages\/34","targetHints":{"allow":["GET"]}}],"collection":[{"href":"https:\/\/sites.ifi.unicamp.br\/marcosoliveira\/wp-json\/wp\/v2\/pages"}],"about":[{"href":"https:\/\/sites.ifi.unicamp.br\/marcosoliveira\/wp-json\/wp\/v2\/types\/page"}],"author":[{"embeddable":true,"href":"https:\/\/sites.ifi.unicamp.br\/marcosoliveira\/wp-json\/wp\/v2\/users\/135"}],"replies":[{"embeddable":true,"href":"https:\/\/sites.ifi.unicamp.br\/marcosoliveira\/wp-json\/wp\/v2\/comments?post=34"}],"version-history":[{"count":6,"href":"https:\/\/sites.ifi.unicamp.br\/marcosoliveira\/wp-json\/wp\/v2\/pages\/34\/revisions"}],"predecessor-version":[{"id":933,"href":"https:\/\/sites.ifi.unicamp.br\/marcosoliveira\/wp-json\/wp\/v2\/pages\/34\/revisions\/933"}],"wp:attachment":[{"href":"https:\/\/sites.ifi.unicamp.br\/marcosoliveira\/wp-json\/wp\/v2\/media?parent=34"}],"curies":[{"name":"wp","href":"https:\/\/api.w.org\/{rel}","templated":true}]}}