{"id":101,"date":"2013-12-06T12:23:58","date_gmt":"2013-12-06T12:23:58","guid":{"rendered":"https:\/\/sites.ifi.unicamp.br\/modelo\/?page_id=26"},"modified":"2014-08-26T17:12:34","modified_gmt":"2014-08-26T17:12:34","slug":"pesquisa","status":"publish","type":"page","link":"https:\/\/sites.ifi.unicamp.br\/marques\/pesquisa\/","title":{"rendered":"Pesquisa"},"content":{"rendered":"<p><\/p>\n<div class=\"layout-cell layout-cell-3 text-align-right\" style=\"color: #326c99\">\n<div class=\"layout-cell-pad-5 text-align-right\"><span style=\"color: #000000\"><b>1.\u00a0<\/b>Propriedades estruturais, termomec\u00e2nicas e optoeletr\u00f4nicas de semicondutores amorfos potencialmente aplic\u00e1ves em c\u00e9lula solares<\/span><\/div>\n<div class=\"layout-cell-pad-5 text-align-right\"><\/div>\n<div class=\"layout-cell-pad-5 text-align-right\"><span style=\"color: #000000\"><b>2.\u00a0<\/b>Desenvolvimento de c\u00e9lulas solares<\/span><\/div>\n<\/div>\n<p><\/p>","protected":false},"excerpt":{"rendered":"<p>1.\u00a0Propriedades estruturais, termomec\u00e2nicas e optoeletr\u00f4nicas de semicondutores amorfos potencialmente aplic\u00e1ves em c\u00e9lula solares 2.\u00a0Desenvolvimento de c\u00e9lulas solares<\/p>\n","protected":false},"author":123,"featured_media":0,"parent":0,"menu_order":1,"comment_status":"closed","ping_status":"closed","template":"","meta":{"ngg_post_thumbnail":0,"footnotes":""},"class_list":["post-101","page","type-page","status-publish","hentry","nodate","item-wrap"],"_links":{"self":[{"href":"https:\/\/sites.ifi.unicamp.br\/marques\/wp-json\/wp\/v2\/pages\/101","targetHints":{"allow":["GET"]}}],"collection":[{"href":"https:\/\/sites.ifi.unicamp.br\/marques\/wp-json\/wp\/v2\/pages"}],"about":[{"href":"https:\/\/sites.ifi.unicamp.br\/marques\/wp-json\/wp\/v2\/types\/page"}],"author":[{"embeddable":true,"href":"https:\/\/sites.ifi.unicamp.br\/marques\/wp-json\/wp\/v2\/users\/123"}],"replies":[{"embeddable":true,"href":"https:\/\/sites.ifi.unicamp.br\/marques\/wp-json\/wp\/v2\/comments?post=101"}],"version-history":[{"count":6,"href":"https:\/\/sites.ifi.unicamp.br\/marques\/wp-json\/wp\/v2\/pages\/101\/revisions"}],"predecessor-version":[{"id":183,"href":"https:\/\/sites.ifi.unicamp.br\/marques\/wp-json\/wp\/v2\/pages\/101\/revisions\/183"}],"wp:attachment":[{"href":"https:\/\/sites.ifi.unicamp.br\/marques\/wp-json\/wp\/v2\/media?parent=101"}],"curies":[{"name":"wp","href":"https:\/\/api.w.org\/{rel}","templated":true}]}}