{"id":108,"date":"2014-01-06T16:08:16","date_gmt":"2014-01-06T16:08:16","guid":{"rendered":"https:\/\/sites.ifi.unicamp.br\/modelodocente\/?page_id=77"},"modified":"2015-01-08T17:52:18","modified_gmt":"2015-01-08T17:52:18","slug":"quem-sou","status":"publish","type":"page","link":"https:\/\/sites.ifi.unicamp.br\/marques\/","title":{"rendered":"Quem sou"},"content":{"rendered":"<p>&nbsp;<\/p>\n<p><img loading=\"lazy\" decoding=\"async\" class=\"alignnone  wp-image-145\" src=\"https:\/\/sites.ifi.unicamp.br\/marques\/files\/2014\/01\/foto1-279x300.png\" alt=\"foto1\" width=\"365\" height=\"393\" \/><\/p>\n<p>&nbsp;<\/p>\n<p>Professor do Instituto de F\u00edsica Gleb Wataghin &#8211; Universidade Estadual de Campinas, Unicamp. Bacharel em F\u00edsica pela Universidade Federal do <span style=\"color: #000000\">Cear\u00e1 (1981); Mestre (1984) e Doutor (1989) em F\u00edsica pela Unicamp; P\u00f3s-Doutorado na Universidade Harvard, USA (1989-1991); professor Livre-Docente pela Unicamp (1996) e professor visitante na University of Utah, USA (1998-1999). Atua na \u00e1rea de F\u00edsica da Mat\u00e9ria Condensada, no estudo de propriedades optoeletr\u00f4nicas, estruturais e termomec\u00e2nicas de semicondutores amorfos e nanoestruturados para aplica\u00e7\u00f5es em dispositivos fotovoltaicos.<\/span><\/p>","protected":false},"excerpt":{"rendered":"<p>&nbsp; &nbsp; Professor do Instituto de F\u00edsica Gleb Wataghin &#8211; Universidade Estadual de Campinas, Unicamp. Bacharel em F\u00edsica pela Universidade Federal do Cear\u00e1 (1981); Mestre (1984) e Doutor (1989) em F\u00edsica pela Unicamp; P\u00f3s-Doutorado na Universidade Harvard, USA (1989-1991); professor Livre-Docente pela Unicamp (1996) e professor visitante na University of Utah, USA (1998-1999). Atua na &hellip; <\/p>\n<p><a class=\"more-link btn\" href=\"https:\/\/sites.ifi.unicamp.br\/marques\/\">Continue lendo<\/a><\/p>\n","protected":false},"author":123,"featured_media":0,"parent":0,"menu_order":0,"comment_status":"open","ping_status":"open","template":"","meta":{"ngg_post_thumbnail":0,"footnotes":""},"class_list":["post-108","page","type-page","status-publish","hentry","nodate","item-wrap"],"_links":{"self":[{"href":"https:\/\/sites.ifi.unicamp.br\/marques\/wp-json\/wp\/v2\/pages\/108","targetHints":{"allow":["GET"]}}],"collection":[{"href":"https:\/\/sites.ifi.unicamp.br\/marques\/wp-json\/wp\/v2\/pages"}],"about":[{"href":"https:\/\/sites.ifi.unicamp.br\/marques\/wp-json\/wp\/v2\/types\/page"}],"author":[{"embeddable":true,"href":"https:\/\/sites.ifi.unicamp.br\/marques\/wp-json\/wp\/v2\/users\/123"}],"replies":[{"embeddable":true,"href":"https:\/\/sites.ifi.unicamp.br\/marques\/wp-json\/wp\/v2\/comments?post=108"}],"version-history":[{"count":20,"href":"https:\/\/sites.ifi.unicamp.br\/marques\/wp-json\/wp\/v2\/pages\/108\/revisions"}],"predecessor-version":[{"id":128,"href":"https:\/\/sites.ifi.unicamp.br\/marques\/wp-json\/wp\/v2\/pages\/108\/revisions\/128"}],"wp:attachment":[{"href":"https:\/\/sites.ifi.unicamp.br\/marques\/wp-json\/wp\/v2\/media?parent=108"}],"curies":[{"name":"wp","href":"https:\/\/api.w.org\/{rel}","templated":true}]}}