{"id":95,"date":"2013-12-06T11:56:43","date_gmt":"2013-12-06T11:56:43","guid":{"rendered":"https:\/\/sites.ifi.unicamp.br\/padraoteste\/?page_id=28"},"modified":"2014-08-26T17:12:54","modified_gmt":"2014-08-26T17:12:54","slug":"publicacoes","status":"publish","type":"page","link":"https:\/\/sites.ifi.unicamp.br\/marques\/publicacoes\/","title":{"rendered":"Publica\u00e7\u00f5es"},"content":{"rendered":"<p>Para visualiza\u00e7\u00e3o das publica\u00e7\u00f5es e do curriculum, acesse o link abaixo.<\/p>\n<p><a href=\"http:\/\/buscatextual.cnpq.br\/buscatextual\/visualizacv.do?id=K4787937J4\" target=\"_blank\">Curriculum Lattes<\/a><\/p>","protected":false},"excerpt":{"rendered":"<p>Para visualiza\u00e7\u00e3o das publica\u00e7\u00f5es e do curriculum, acesse o link abaixo. Curriculum Lattes<\/p>\n","protected":false},"author":123,"featured_media":0,"parent":0,"menu_order":1,"comment_status":"open","ping_status":"open","template":"","meta":{"ngg_post_thumbnail":0,"footnotes":""},"class_list":["post-95","page","type-page","status-publish","hentry","nodate","item-wrap"],"_links":{"self":[{"href":"https:\/\/sites.ifi.unicamp.br\/marques\/wp-json\/wp\/v2\/pages\/95","targetHints":{"allow":["GET"]}}],"collection":[{"href":"https:\/\/sites.ifi.unicamp.br\/marques\/wp-json\/wp\/v2\/pages"}],"about":[{"href":"https:\/\/sites.ifi.unicamp.br\/marques\/wp-json\/wp\/v2\/types\/page"}],"author":[{"embeddable":true,"href":"https:\/\/sites.ifi.unicamp.br\/marques\/wp-json\/wp\/v2\/users\/123"}],"replies":[{"embeddable":true,"href":"https:\/\/sites.ifi.unicamp.br\/marques\/wp-json\/wp\/v2\/comments?post=95"}],"version-history":[{"count":3,"href":"https:\/\/sites.ifi.unicamp.br\/marques\/wp-json\/wp\/v2\/pages\/95\/revisions"}],"predecessor-version":[{"id":139,"href":"https:\/\/sites.ifi.unicamp.br\/marques\/wp-json\/wp\/v2\/pages\/95\/revisions\/139"}],"wp:attachment":[{"href":"https:\/\/sites.ifi.unicamp.br\/marques\/wp-json\/wp\/v2\/media?parent=95"}],"curies":[{"name":"wp","href":"https:\/\/api.w.org\/{rel}","templated":true}]}}