{"id":95,"date":"2014-01-06T16:08:16","date_gmt":"2014-01-06T16:08:16","guid":{"rendered":"https:\/\/sites.ifi.unicamp.br\/modelodocente\/?page_id=77"},"modified":"2022-05-15T11:37:37","modified_gmt":"2022-05-15T11:37:37","slug":"quem-sou","status":"publish","type":"page","link":"https:\/\/sites.ifi.unicamp.br\/mbonanca\/","title":{"rendered":"Quem sou"},"content":{"rendered":"<p><\/p>\n<table style=\"height: 335px;width: 100%\" width=\"552\">\n<tbody>\n<tr>\n<td style=\"width: 23.066666666666666%\"><a href=\"https:\/\/sites.ifi.unicamp.br\/mbonanca\/files\/2020\/09\/marcus2.jpg\"><img loading=\"lazy\" decoding=\"async\" class=\"alignnone size-medium wp-image-858\" src=\"https:\/\/sites.ifi.unicamp.br\/mbonanca\/files\/2020\/09\/marcus2-218x300.jpg\" alt=\"\" width=\"218\" height=\"300\" srcset=\"https:\/\/sites.ifi.unicamp.br\/mbonanca\/files\/2020\/09\/marcus2-218x300.jpg 218w, https:\/\/sites.ifi.unicamp.br\/mbonanca\/files\/2020\/09\/marcus2.jpg 600w\" sizes=\"auto, (max-width: 218px) 100vw, 218px\" \/><\/a><\/td>\n<td style=\"width: 76.8%\">\n<ul>\n<li>\n<h3>Atualmente sou Professor Associado no Instituto de F\u00edsica &#8220;Gleb Wataghin&#8221;, Universidade Estadual de Campinas, Campinas, SP.<\/h3>\n<\/li>\n<li>\n<h3>Meus interesses principais s\u00e3o mec\u00e2nica estat\u00edstica e termodin\u00e2mica fora do equil\u00edbrio e a interface desses t\u00f3picos com din\u00e2mica n\u00e3o-linear.<\/h3>\n<\/li>\n<\/ul>\n<p>&nbsp;<\/td>\n<\/tr>\n<\/tbody>\n<\/table>\n<p><\/p>","protected":false},"excerpt":{"rendered":"<p>Atualmente sou Professor Associado no Instituto de F\u00edsica &#8220;Gleb Wataghin&#8221;, Universidade Estadual de Campinas, Campinas, SP. Meus interesses principais s\u00e3o mec\u00e2nica estat\u00edstica e termodin\u00e2mica fora do equil\u00edbrio e a interface desses t\u00f3picos com din\u00e2mica n\u00e3o-linear. &nbsp;<\/p>\n","protected":false},"author":138,"featured_media":0,"parent":0,"menu_order":0,"comment_status":"closed","ping_status":"closed","template":"","meta":{"ngg_post_thumbnail":0,"footnotes":""},"class_list":["post-95","page","type-page","status-publish","hentry","nodate","item-wrap"],"_links":{"self":[{"href":"https:\/\/sites.ifi.unicamp.br\/mbonanca\/wp-json\/wp\/v2\/pages\/95","targetHints":{"allow":["GET"]}}],"collection":[{"href":"https:\/\/sites.ifi.unicamp.br\/mbonanca\/wp-json\/wp\/v2\/pages"}],"about":[{"href":"https:\/\/sites.ifi.unicamp.br\/mbonanca\/wp-json\/wp\/v2\/types\/page"}],"author":[{"embeddable":true,"href":"https:\/\/sites.ifi.unicamp.br\/mbonanca\/wp-json\/wp\/v2\/users\/138"}],"replies":[{"embeddable":true,"href":"https:\/\/sites.ifi.unicamp.br\/mbonanca\/wp-json\/wp\/v2\/comments?post=95"}],"version-history":[{"count":35,"href":"https:\/\/sites.ifi.unicamp.br\/mbonanca\/wp-json\/wp\/v2\/pages\/95\/revisions"}],"predecessor-version":[{"id":907,"href":"https:\/\/sites.ifi.unicamp.br\/mbonanca\/wp-json\/wp\/v2\/pages\/95\/revisions\/907"}],"wp:attachment":[{"href":"https:\/\/sites.ifi.unicamp.br\/mbonanca\/wp-json\/wp\/v2\/media?parent=95"}],"curies":[{"name":"wp","href":"https:\/\/api.w.org\/{rel}","templated":true}]}}