{"id":85,"date":"2013-12-06T12:23:58","date_gmt":"2013-12-06T12:23:58","guid":{"rendered":"https:\/\/sites.ifi.unicamp.br\/modelo\/?page_id=26"},"modified":"2014-03-12T16:22:40","modified_gmt":"2014-03-12T16:22:40","slug":"pesquisa","status":"publish","type":"page","link":"https:\/\/sites.ifi.unicamp.br\/mtamash\/pesquisa\/","title":{"rendered":"Pesquisa"},"content":{"rendered":"<p><\/p>\n<div>\n<div><b>2008 &#8211; 2012<\/b><\/div>\n<\/div>\n<div>\n<div>Rede de coopera\u00e7\u00e3o em f\u00edsica de altas energias (coopera\u00e7\u00e3o acad\u00eamica entre Unicamp, USP, CBPF e UFRJ)<\/div>\n<\/div>\n<div>\n<div><b>\u00a0<\/b><\/div>\n<\/div>\n<div>\n<div>Descri\u00e7\u00e3o: Projeto PROCAD (Programa Nacional de Coopera\u00e7\u00e3o Acad\u00eamica) 433\/2008.<br \/>\nSitua\u00e7\u00e3o: Em andamento; Natureza: Pesquisa.Integrantes: Mario Noboru Tamashiro &#8211; Integrante \/ Jun Takahashi &#8211; Coordenador \/ Marcio Jos\u00e9 Menon &#8211; Integrante.<br \/>\nFinanciador(es): Coordena\u00e7\u00e3o de Aperfei\u00e7oamento de Pessoal de N\u00edvel Superior &#8211; Coopera\u00e7\u00e3o.<\/p>\n<\/div>\n<\/div>\n<p><a name=\"PP_Modelo estat\u00edstico para a transi\u00e7\u00e3o ordem-desordem em lip\u00eddios carregados\"><\/a><\/p>\n<div>\n<div><b>2007 &#8211; 2010<\/b><\/div>\n<\/div>\n<div>\n<div>Modelo estat\u00edstico para a transi\u00e7\u00e3o ordem-desordem em lip\u00eddios carregados<\/div>\n<\/div>\n<div>\n<div><b>\u00a0<\/b><\/div>\n<\/div>\n<div>\n<div>Descri\u00e7\u00e3o: Projeto aux\u00edlio \u00e0 pesquisa (individual) Fapesp 06\/59841-0.<br \/>\nSitua\u00e7\u00e3o: Conclu\u00eddo; Natureza: Pesquisa.Integrantes: Mario Noboru Tamashiro &#8211; Coordenador.<br \/>\nFinanciador(es): Funda\u00e7\u00e3o de Amparo \u00e0 Pesquisa do Estado de S\u00e3o Paulo &#8211; Aux\u00edlio financeiro.<\/p>\n<\/div>\n<\/div>\n<p><a name=\"PP_Agregados anfif\u00edlicos em meio aquoso: propriedades t\u00e9rmicas e estruturais e intera\u00e7\u00f5es com mol\u00e9culas de interesse biol\u00f3gico\"><\/a><\/p>\n<div>\n<div><b>2005 &#8211; 2009<\/b><\/div>\n<\/div>\n<div>\n<div>Agregados anfif\u00edlicos em meio aquoso: propriedades t\u00e9rmicas e estruturais e intera\u00e7\u00f5es com mol\u00e9culas de interesse biol\u00f3gico<\/div>\n<\/div>\n<div>\n<div><b>\u00a0<\/b><\/div>\n<\/div>\n<div>\n<div>Descri\u00e7\u00e3o: Integrante de projeto tem\u00e1tico Fapesp 01\/11721-3 como pesquisador docente.<br \/>\nSitua\u00e7\u00e3o: Conclu\u00eddo; Natureza: Pesquisa.Integrantes: Mario Noboru Tamashiro &#8211; Integrante \/ Maria Teresa Moura Lamy &#8211; Coordenador.<br \/>\nFinanciador(es): Funda\u00e7\u00e3o de Amparo \u00e0 Pesquisa do Estado de S\u00e3o Paulo &#8211; Aux\u00edlio financeiro.<\/p>\n<\/div>\n<\/div>\n<p><a name=\"PP_Agregados anfif\u00edlicos em meio aquoso: propriedades t\u00e9rmicas e estruturais e intera\u00e7\u00f5es com mol\u00e9culas de interesse biol\u00f3gico\"><\/a><\/p>\n<div>\n<div><b>2003 &#8211; 2005<\/b><\/div>\n<\/div>\n<div>\n<div>Agregados anfif\u00edlicos em meio aquoso: propriedades t\u00e9rmicas e estruturais e intera\u00e7\u00f5es com mol\u00e9culas de interesse biol\u00f3gico<\/div>\n<\/div>\n<div>\n<div><b>\u00a0<\/b><\/div>\n<\/div>\n<div>\n<div>Descri\u00e7\u00e3o: Integrante de projeto tem\u00e1tico Fapesp 01\/11721-3 como p\u00f3s-doutor associado.<br \/>\nSitua\u00e7\u00e3o: Conclu\u00eddo; Natureza: Pesquisa.Integrantes: Mario Noboru Tamashiro &#8211; Integrante \/ Maria Teresa Moura Lamy &#8211; Coordenador.<br \/>\nFinanciador(es): Funda\u00e7\u00e3o de Amparo \u00e0 Pesquisa do Estado de S\u00e3o Paulo &#8211; Aux\u00edlio financeiro.<\/p>\n<\/div>\n<\/div>\n<p><\/p>","protected":false},"excerpt":{"rendered":"<p>2008 &#8211; 2012 Rede de coopera\u00e7\u00e3o em f\u00edsica de altas energias (coopera\u00e7\u00e3o acad\u00eamica entre Unicamp, USP, CBPF e UFRJ) \u00a0 Descri\u00e7\u00e3o: Projeto PROCAD (Programa Nacional de Coopera\u00e7\u00e3o Acad\u00eamica) 433\/2008. Situa\u00e7\u00e3o: Em andamento; Natureza: Pesquisa.Integrantes: Mario Noboru Tamashiro &#8211; Integrante \/ Jun Takahashi &#8211; Coordenador \/ Marcio Jos\u00e9 Menon &#8211; Integrante. Financiador(es): Coordena\u00e7\u00e3o de Aperfei\u00e7oamento de &hellip; <\/p>\n<p><a class=\"more-link btn\" href=\"https:\/\/sites.ifi.unicamp.br\/mtamash\/pesquisa\/\">Continue lendo<\/a><\/p>\n","protected":false},"author":74,"featured_media":0,"parent":0,"menu_order":1,"comment_status":"closed","ping_status":"closed","template":"","meta":{"ngg_post_thumbnail":0,"footnotes":""},"class_list":["post-85","page","type-page","status-publish","hentry","nodate","item-wrap"],"_links":{"self":[{"href":"https:\/\/sites.ifi.unicamp.br\/mtamash\/wp-json\/wp\/v2\/pages\/85","targetHints":{"allow":["GET"]}}],"collection":[{"href":"https:\/\/sites.ifi.unicamp.br\/mtamash\/wp-json\/wp\/v2\/pages"}],"about":[{"href":"https:\/\/sites.ifi.unicamp.br\/mtamash\/wp-json\/wp\/v2\/types\/page"}],"author":[{"embeddable":true,"href":"https:\/\/sites.ifi.unicamp.br\/mtamash\/wp-json\/wp\/v2\/users\/74"}],"replies":[{"embeddable":true,"href":"https:\/\/sites.ifi.unicamp.br\/mtamash\/wp-json\/wp\/v2\/comments?post=85"}],"version-history":[{"count":1,"href":"https:\/\/sites.ifi.unicamp.br\/mtamash\/wp-json\/wp\/v2\/pages\/85\/revisions"}],"predecessor-version":[{"id":136,"href":"https:\/\/sites.ifi.unicamp.br\/mtamash\/wp-json\/wp\/v2\/pages\/85\/revisions\/136"}],"wp:attachment":[{"href":"https:\/\/sites.ifi.unicamp.br\/mtamash\/wp-json\/wp\/v2\/media?parent=85"}],"curies":[{"name":"wp","href":"https:\/\/api.w.org\/{rel}","templated":true}]}}