{"id":95,"date":"2014-01-06T16:08:16","date_gmt":"2014-01-06T16:08:16","guid":{"rendered":"https:\/\/sites.ifi.unicamp.br\/modelodocente\/?page_id=77"},"modified":"2014-03-12T16:21:27","modified_gmt":"2014-03-12T16:21:27","slug":"quem-sou","status":"publish","type":"page","link":"https:\/\/sites.ifi.unicamp.br\/mtamash\/","title":{"rendered":"Quem sou"},"content":{"rendered":"<p><a href=\"https:\/\/sites.ifi.unicamp.br\/mtamash\/files\/2014\/01\/noboru.jpg\"><img decoding=\"async\" class=\"size-full wp-image-134 alignleft\" alt=\"noboru\" src=\"https:\/\/sites.ifi.unicamp.br\/mtamash\/files\/2014\/01\/noboru.jpg\" width=\"162\" height=\"242\" \/><\/a>Obteve os t\u00edtulos de Bacharel em F\u00edsica (1989), Mestre em Ci\u00eancias (1992) e Doutor em Ci\u00eancias (1996) pelo Instituto de F\u00edsica da Universidade de S\u00e3o Paulo. Foi pesquisador p\u00f3s-doutor nos seguintes grupos de pesquisa: Grupo de Fluidos Complexos, Instituto de F\u00edsica da Universidade Federal do Rio Grande do Sul (1997-1998); Self-assembling complex fluids\/Biomaterial microstructures (IRG1), Materials Research Laboratory, University of California at Santa Barbara (1998-2000); Theory Group, Max-Planck-Institut f\u00fcr Polymerforschung (2001-2003); Grupo de Biof\u00edsica e F\u00edsica M\u00e9dica, Instituto de F\u00edsica da Universidade de S\u00e3o Paulo (2001 e 2003-2005). Obteve no per\u00edodo 03\/2002 a 05\/2003 bolsa de pesquisador visitante da Funda\u00e7\u00e3o Alexander von Humboldt junto ao Max-Planck-Institut f\u00fcr Polymerforschung. Desde 11\/2005 \u00e9 professor doutor (MS-3) do Departamento de F\u00edsica Aplicada do Instituto de F\u00edsica Gleb Wataghin, Universidade Estadual de Campinas. Atua principalmente na \u00e1rea de f\u00edsica estat\u00edstica de equil\u00edbrio, com aplica\u00e7\u00f5es em mat\u00e9ria condensada macia (polieletr\u00f3litos e suspens\u00f5es coloidais i\u00f4nicas) e f\u00edsico-qu\u00edmica de sistemas biomim\u00e9ticos (transi\u00e7\u00f5es de fase em dispers\u00f5es aquosas de lip\u00eddios i\u00f4nicos).<\/p>","protected":false},"excerpt":{"rendered":"<p>Obteve os t\u00edtulos de Bacharel em F\u00edsica (1989), Mestre em Ci\u00eancias (1992) e Doutor em Ci\u00eancias (1996) pelo Instituto de F\u00edsica da Universidade de S\u00e3o Paulo. Foi pesquisador p\u00f3s-doutor nos seguintes grupos de pesquisa: Grupo de Fluidos Complexos, Instituto de F\u00edsica da Universidade Federal do Rio Grande do Sul (1997-1998); Self-assembling complex fluids\/Biomaterial microstructures (IRG1), &hellip; <\/p>\n<p><a class=\"more-link btn\" href=\"https:\/\/sites.ifi.unicamp.br\/mtamash\/\">Continue lendo<\/a><\/p>\n","protected":false},"author":74,"featured_media":0,"parent":0,"menu_order":0,"comment_status":"open","ping_status":"open","template":"","meta":{"ngg_post_thumbnail":0,"footnotes":""},"class_list":["post-95","page","type-page","status-publish","hentry","nodate","item-wrap"],"_links":{"self":[{"href":"https:\/\/sites.ifi.unicamp.br\/mtamash\/wp-json\/wp\/v2\/pages\/95","targetHints":{"allow":["GET"]}}],"collection":[{"href":"https:\/\/sites.ifi.unicamp.br\/mtamash\/wp-json\/wp\/v2\/pages"}],"about":[{"href":"https:\/\/sites.ifi.unicamp.br\/mtamash\/wp-json\/wp\/v2\/types\/page"}],"author":[{"embeddable":true,"href":"https:\/\/sites.ifi.unicamp.br\/mtamash\/wp-json\/wp\/v2\/users\/74"}],"replies":[{"embeddable":true,"href":"https:\/\/sites.ifi.unicamp.br\/mtamash\/wp-json\/wp\/v2\/comments?post=95"}],"version-history":[{"count":3,"href":"https:\/\/sites.ifi.unicamp.br\/mtamash\/wp-json\/wp\/v2\/pages\/95\/revisions"}],"predecessor-version":[{"id":135,"href":"https:\/\/sites.ifi.unicamp.br\/mtamash\/wp-json\/wp\/v2\/pages\/95\/revisions\/135"}],"wp:attachment":[{"href":"https:\/\/sites.ifi.unicamp.br\/mtamash\/wp-json\/wp\/v2\/media?parent=95"}],"curies":[{"name":"wp","href":"https:\/\/api.w.org\/{rel}","templated":true}]}}