{"id":88,"date":"2013-12-06T11:56:43","date_gmt":"2013-12-06T11:56:43","guid":{"rendered":"http:\/\/sites.ifi.unicamp.br\/padraoteste\/?page_id=28"},"modified":"2025-02-05T19:28:52","modified_gmt":"2025-02-05T22:28:52","slug":"publicacoes","status":"publish","type":"page","link":"https:\/\/sites.ifi.unicamp.br\/natori\/publicacoes\/","title":{"rendered":"Publica\u00e7\u00f5es"},"content":{"rendered":"<p>Lista de Publica\u00e7\u00f5es.<\/p>","protected":false},"excerpt":{"rendered":"<p>Lista de Publica\u00e7\u00f5es.<\/p>\n","protected":false},"author":7,"featured_media":0,"parent":0,"menu_order":1,"comment_status":"closed","ping_status":"closed","template":"","meta":{"ngg_post_thumbnail":0,"footnotes":""},"class_list":["post-88","page","type-page","status-publish","hentry","nodate","item-wrap"],"_links":{"self":[{"href":"https:\/\/sites.ifi.unicamp.br\/natori\/wp-json\/wp\/v2\/pages\/88","targetHints":{"allow":["GET"]}}],"collection":[{"href":"https:\/\/sites.ifi.unicamp.br\/natori\/wp-json\/wp\/v2\/pages"}],"about":[{"href":"https:\/\/sites.ifi.unicamp.br\/natori\/wp-json\/wp\/v2\/types\/page"}],"author":[{"embeddable":true,"href":"https:\/\/sites.ifi.unicamp.br\/natori\/wp-json\/wp\/v2\/users\/7"}],"replies":[{"embeddable":true,"href":"https:\/\/sites.ifi.unicamp.br\/natori\/wp-json\/wp\/v2\/comments?post=88"}],"version-history":[{"count":3,"href":"https:\/\/sites.ifi.unicamp.br\/natori\/wp-json\/wp\/v2\/pages\/88\/revisions"}],"predecessor-version":[{"id":151,"href":"https:\/\/sites.ifi.unicamp.br\/natori\/wp-json\/wp\/v2\/pages\/88\/revisions\/151"}],"wp:attachment":[{"href":"https:\/\/sites.ifi.unicamp.br\/natori\/wp-json\/wp\/v2\/media?parent=88"}],"curies":[{"name":"wp","href":"https:\/\/api.w.org\/{rel}","templated":true}]}}