{"id":95,"date":"2014-01-06T16:08:16","date_gmt":"2014-01-06T16:08:16","guid":{"rendered":"http:\/\/sites.ifi.unicamp.br\/modelodocente\/?page_id=77"},"modified":"2025-02-21T15:06:08","modified_gmt":"2025-02-21T18:06:08","slug":"quem-sou","status":"publish","type":"page","link":"https:\/\/sites.ifi.unicamp.br\/natori\/","title":{"rendered":"Quem sou eu?"},"content":{"rendered":"<p>&nbsp;<\/p>\n<p><img loading=\"lazy\" decoding=\"async\" class=\"alignnone size-medium wp-image-143\" src=\"https:\/\/sites.ifi.unicamp.br\/natori\/files\/2025\/02\/Selfie_Tower_Bridge-300x292.jpg\" alt=\"\" width=\"300\" height=\"292\" srcset=\"https:\/\/sites.ifi.unicamp.br\/natori\/files\/2025\/02\/Selfie_Tower_Bridge-300x292.jpg 300w, https:\/\/sites.ifi.unicamp.br\/natori\/files\/2025\/02\/Selfie_Tower_Bridge-1024x997.jpg 1024w, https:\/\/sites.ifi.unicamp.br\/natori\/files\/2025\/02\/Selfie_Tower_Bridge-768x748.jpg 768w, https:\/\/sites.ifi.unicamp.br\/natori\/files\/2025\/02\/Selfie_Tower_Bridge-1536x1496.jpg 1536w, https:\/\/sites.ifi.unicamp.br\/natori\/files\/2025\/02\/Selfie_Tower_Bridge-2048x1994.jpg 2048w, https:\/\/sites.ifi.unicamp.br\/natori\/files\/2025\/02\/Selfie_Tower_Bridge-750x730.jpg 750w\" sizes=\"auto, (max-width: 300px) 100vw, 300px\" \/><\/p>\n<p>Essa \u00e9 a p\u00e1gina do professor Willian Natori da Universidade Estadual de Campinas (Unicamp, Instituto de F\u00edsica Gleb Wataghin, Departamento de F\u00edsica de Mat\u00e9ria Condensada). Sou formado em Engenharia F\u00edsica pela Universidade Federal de S\u00e3o Carlos e fiz doutorado em F\u00edsica no Instituto de F\u00edsica de S\u00e3o Carlos (Universidade de S\u00e3o Paulo). Completei dois p\u00f3s-doutorados no Imperial College London (Londres, Reino Unido) e no Institut Laue-Langevin (Grenoble, Fran\u00e7a). Esta p\u00e1gina serve de reposit\u00f3rio para os meus cursos e servir\u00e1 como &#8220;cart\u00e3o de visita acad\u00eamico&#8221; (em constru\u00e7\u00e3o).<\/p>","protected":false},"excerpt":{"rendered":"<p>&nbsp; Essa \u00e9 a p\u00e1gina do professor Willian Natori da Universidade Estadual de Campinas (Unicamp, Instituto de F\u00edsica Gleb Wataghin, Departamento de F\u00edsica de Mat\u00e9ria Condensada). Sou formado em Engenharia F\u00edsica pela Universidade Federal de S\u00e3o Carlos e fiz doutorado em F\u00edsica no Instituto de F\u00edsica de S\u00e3o Carlos (Universidade de S\u00e3o Paulo). Completei dois &hellip; <\/p>\n<p><a class=\"more-link btn\" href=\"https:\/\/sites.ifi.unicamp.br\/natori\/\">Continue lendo<\/a><\/p>\n","protected":false},"author":7,"featured_media":0,"parent":0,"menu_order":0,"comment_status":"closed","ping_status":"closed","template":"","meta":{"ngg_post_thumbnail":0,"footnotes":""},"class_list":["post-95","page","type-page","status-publish","hentry","nodate","item-wrap"],"_links":{"self":[{"href":"https:\/\/sites.ifi.unicamp.br\/natori\/wp-json\/wp\/v2\/pages\/95","targetHints":{"allow":["GET"]}}],"collection":[{"href":"https:\/\/sites.ifi.unicamp.br\/natori\/wp-json\/wp\/v2\/pages"}],"about":[{"href":"https:\/\/sites.ifi.unicamp.br\/natori\/wp-json\/wp\/v2\/types\/page"}],"author":[{"embeddable":true,"href":"https:\/\/sites.ifi.unicamp.br\/natori\/wp-json\/wp\/v2\/users\/7"}],"replies":[{"embeddable":true,"href":"https:\/\/sites.ifi.unicamp.br\/natori\/wp-json\/wp\/v2\/comments?post=95"}],"version-history":[{"count":10,"href":"https:\/\/sites.ifi.unicamp.br\/natori\/wp-json\/wp\/v2\/pages\/95\/revisions"}],"predecessor-version":[{"id":188,"href":"https:\/\/sites.ifi.unicamp.br\/natori\/wp-json\/wp\/v2\/pages\/95\/revisions\/188"}],"wp:attachment":[{"href":"https:\/\/sites.ifi.unicamp.br\/natori\/wp-json\/wp\/v2\/media?parent=95"}],"curies":[{"name":"wp","href":"https:\/\/api.w.org\/{rel}","templated":true}]}}