{"id":226,"date":"2013-02-05T22:26:43","date_gmt":"2013-02-06T00:26:43","guid":{"rendered":"https:\/\/sites.ifi.unicamp.br\/odilon\/?page_id=226"},"modified":"2019-03-05T19:54:23","modified_gmt":"2019-03-05T21:54:23","slug":"f-107","status":"publish","type":"page","link":"https:\/\/sites.ifi.unicamp.br\/odilon\/teaching\/f-107\/","title":{"rendered":"F 107"},"content":{"rendered":"<p><\/p>\n<h4>F\u00edsica para Biologia (Turma B), 1\u00ba semestre de 2013<\/h4>\n<p>Para salvar o programa completo da disciplina<span style=\"color: #000080\"> <a href=\"https:\/\/sites.ifi.unicamp.br\/odilon\/files\/2013\/03\/F107-Programa1.pdf\" target=\"_blank\"><span style=\"color: #000080\">clique aqui<\/span><\/a><\/span><\/p>\n<h5><span style=\"text-decoration: underline\">Ementa<\/span><\/h5>\n<p><strong>0 \u2013 Fundamentos matem\u00e1ticos: <\/strong>N\u00fameros, Fun\u00e7\u00f5es, Vetores e Derivada<\/p>\n<p><strong>I &#8211; Movimento: <\/strong>Cinem\u00e1tica, Din\u00e2mica, Trabalho e Energia<\/p>\n<p><strong>II &#8211; Fluidos: <\/strong>Fluidos ideais e viscosos, Aplica\u00e7\u00f5es biol\u00f3gicas<\/p>\n<p><strong>III &#8211; Som: <\/strong>Ondas, Interfer\u00eancia, Resson\u00e2ncia, Efeito Doppler, Batimento e Detec\u00e7\u00e3o do som<\/p>\n<p><strong>IV \u2013 Eletricidade e Magnetismo: <\/strong>Carga, For\u00e7a, Campo El\u00e9trico, Corrente el\u00e9trica, Bioeletricidade, Magnetismo, Resson\u00e2ncia magn\u00e9tica nuclear<\/p>\n<p><strong>V\u00a0 &#8211; Luz: <\/strong>\u00d3tica geom\u00e9trica e vis\u00e3o, \u00d3tica ondulat\u00f3ria e instrumentos \u00f3ticos<\/p>\n<p><strong>VI \u2013 F\u00edsica Moderna: <\/strong>Princ\u00edpios da Mec\u00e2nica Qu\u00e2ntica, F\u00edsica At\u00f4mica e Nuclear, Radioatividade<\/p>\n<h5><\/h5>\n<h5><span style=\"text-decoration: underline\">Bibliografia<\/span><\/h5>\n<p><em>Physics with Health Science Applications<\/em>, P. P. Urone<\/p>\n<p><em>Physics of the Life Sciences<\/em><strong>, <\/strong>Jay Newman (vers\u00e3o digital disponibilizada pela Unicamp)<\/p>\n<p><em>Physics for Life Science<\/em>, A.H. Cromer<\/p>\n<p><em>Physics: Principles with applications<\/em>, D. C. Giancoli<\/p>\n<p><em>Fundamentos da F\u00edsica<\/em><strong><em>,<\/em><\/strong> Halliday, Resnick e Walker<\/p>\n<p><em>F\u00edsica<\/em><strong><em>,<\/em><\/strong> P. Tipler<\/p>\n<h5><span style=\"text-decoration: underline\">Crit\u00e9rios de aprova\u00e7\u00e3o<\/span><\/h5>\n<p>A avalia\u00e7\u00e3o ser\u00e1 baseada em 3 provas (P1, P2 e P3), 3 testes (T1, T2 e T3) e (se necess\u00e1rio) um exame (E). A m\u00e9dia (M) ser\u00e1 dada por: M=(P1+P2+P3+T)\/4, onde T=(T1+T2+T3)\/3.<\/p>\n<p>Se M\u22657, o aluno est\u00e1\u00a0 aprovado com m\u00e9dia final MF=M. Se M, o aluno deve fazer o exame e sua m\u00e9dia final ser\u00e1 MF=(M+E)\/2. O aluno ser\u00e1 aprovado se MF\u2265 5.<\/p>\n<h5><\/h5>\n<h5><\/h5>\n<h5><span style=\"text-decoration: underline\"><strong>Avalia\u00e7\u00f5es<\/strong><\/span><\/h5>\n<p><strong>T1:<\/strong> 26 de Mar\u00e7o\u00a0\u00a0\u00a0\u00a0\u00a0 \u00a0\u00a0\u00a0\u00a0\u00a0\u00a0\u00a0\u00a0\u00a0\u00a0\u00a0 <strong>P1<\/strong>: 08 de Abril<\/p>\n<p><strong>T2:<\/strong> 06 de Maio\u00a0\u00a0\u00a0\u00a0\u00a0\u00a0\u00a0 \u00a0\u00a0\u00a0\u00a0\u00a0\u00a0\u00a0\u00a0\u00a0\u00a0\u00a0 <strong>P2<\/strong>: 14 de Maio<\/p>\n<p><strong>T3:<\/strong> 11 de Junho\u00a0\u00a0\u00a0\u00a0\u00a0\u00a0\u00a0\u00a0\u00a0\u00a0\u00a0\u00a0\u00a0\u00a0\u00a0\u00a0 <strong>P3<\/strong>: 24 de Junho<\/p>\n<p><strong>Exame:<\/strong> 08 de Julho<\/p>\n<h5><span style=\"text-decoration: underline\"><strong>Observa\u00e7\u00f5es<\/strong><\/span><\/h5>\n<p><strong>*<\/strong>Aus\u00eancias em avalia\u00e7\u00f5es s\u00f3 ser\u00e3o consideradas justificadas com a apresenta\u00e7\u00e3o de um documento legal<strong><em>.<\/em><\/strong><\/p>\n<p><strong>**<\/strong>Os testes ser\u00e3o baseados nas listas de exerc\u00edcios fornecidas durante o curso.<\/p>","protected":false},"excerpt":{"rendered":"<p>F\u00edsica para Biologia (Turma B), 1\u00ba semestre de 2013 Para salvar o programa completo da disciplina clique aqui Ementa 0 \u2013 Fundamentos matem\u00e1ticos: N\u00fameros, Fun\u00e7\u00f5es, Vetores e Derivada I &#8211; Movimento: Cinem\u00e1tica, Din\u00e2mica, Trabalho e Energia II &#8211; Fluidos: Fluidos ideais e viscosos, Aplica\u00e7\u00f5es biol\u00f3gicas III &#8211; Som: Ondas, Interfer\u00eancia, Resson\u00e2ncia, Efeito Doppler, Batimento e &hellip; <\/p>\n<p><a class=\"more-link btn\" href=\"https:\/\/sites.ifi.unicamp.br\/odilon\/teaching\/f-107\/\">Continue lendo<\/a><\/p>\n","protected":false},"author":48,"featured_media":0,"parent":48,"menu_order":4,"comment_status":"closed","ping_status":"closed","template":"","meta":{"ngg_post_thumbnail":0,"footnotes":""},"class_list":["post-226","page","type-page","status-publish","hentry","nodate","item-wrap"],"_links":{"self":[{"href":"https:\/\/sites.ifi.unicamp.br\/odilon\/wp-json\/wp\/v2\/pages\/226","targetHints":{"allow":["GET"]}}],"collection":[{"href":"https:\/\/sites.ifi.unicamp.br\/odilon\/wp-json\/wp\/v2\/pages"}],"about":[{"href":"https:\/\/sites.ifi.unicamp.br\/odilon\/wp-json\/wp\/v2\/types\/page"}],"author":[{"embeddable":true,"href":"https:\/\/sites.ifi.unicamp.br\/odilon\/wp-json\/wp\/v2\/users\/48"}],"replies":[{"embeddable":true,"href":"https:\/\/sites.ifi.unicamp.br\/odilon\/wp-json\/wp\/v2\/comments?post=226"}],"version-history":[{"count":96,"href":"https:\/\/sites.ifi.unicamp.br\/odilon\/wp-json\/wp\/v2\/pages\/226\/revisions"}],"predecessor-version":[{"id":850,"href":"https:\/\/sites.ifi.unicamp.br\/odilon\/wp-json\/wp\/v2\/pages\/226\/revisions\/850"}],"up":[{"embeddable":true,"href":"https:\/\/sites.ifi.unicamp.br\/odilon\/wp-json\/wp\/v2\/pages\/48"}],"wp:attachment":[{"href":"https:\/\/sites.ifi.unicamp.br\/odilon\/wp-json\/wp\/v2\/media?parent=226"}],"curies":[{"name":"wp","href":"https:\/\/api.w.org\/{rel}","templated":true}]}}