{"id":349,"date":"2013-03-11T21:33:07","date_gmt":"2013-03-11T23:33:07","guid":{"rendered":"https:\/\/sites.ifi.unicamp.br\/odilon\/?page_id=349"},"modified":"2014-07-17T18:03:35","modified_gmt":"2014-07-17T20:03:35","slug":"listas-de-exercicios","status":"publish","type":"page","link":"https:\/\/sites.ifi.unicamp.br\/odilon\/teaching\/f-107\/listas-de-exercicios\/","title":{"rendered":"Listas de exerc\u00edcios"},"content":{"rendered":"<p><span style=\"color: #ffff00\"><span style=\"color: #000080\"><a href=\"https:\/\/sites.ifi.unicamp.br\/odilon\/files\/2013\/03\/Lista1.pdf\" target=\"_blank\"><span style=\"color: #000080\">Lista 1<\/span><\/a><\/span><span style=\"color: #ffff00\"><span style=\"color: #f5f5f5\">&#8211; <span style=\"color: #000000\">N\u00fameros e vetores.<\/span><\/span><\/span><span style=\"color: #000000\"><a href=\"https:\/\/sites.ifi.unicamp.br\/odilon\/files\/2013\/03\/Lista1.pdf\" target=\"_blank\"><span style=\"color: #000000\"><br \/>\n<\/span><\/a><\/span><\/span><\/p>\n<p><span style=\"color: #ffff00\"><span style=\"color: #000080\"><a href=\"https:\/\/sites.ifi.unicamp.br\/odilon\/files\/2013\/03\/Lista2.pdf\" target=\"_blank\"><span style=\"color: #000080\">Lista 2 <\/span><\/a><\/span><span style=\"color: #ffff00\"><span style=\"color: #f5f5f5\"><span style=\"color: #000080\">&#8211;<\/span> <span style=\"color: #000000\">Movimento em uma, duas e tr\u00eas dimens\u00f5es.<\/span><\/span><\/span><span style=\"color: #000000\"><a href=\"https:\/\/sites.ifi.unicamp.br\/odilon\/files\/2013\/03\/Lista2.pdf\" target=\"_blank\"><span style=\"color: #000000\"><br \/>\n<\/span><\/a><\/span><\/span><\/p>\n<p><span style=\"color: #ffff00\"><span style=\"color: #000080\"><a href=\"https:\/\/sites.ifi.unicamp.br\/odilon\/files\/2013\/03\/Lista3.pdf\" target=\"_blank\"><span style=\"color: #000080\">Lista 3<\/span><\/a><\/span><span style=\"color: #ffff00\"> <span style=\"color: #f5f5f5\"><span style=\"color: #000080\">&#8211;<\/span><span style=\"color: #000000\"> Leis de Newton, equil\u00edbrio, trabalho e energia.<\/span><\/span><\/span><span style=\"color: #000000\"><a href=\"https:\/\/sites.ifi.unicamp.br\/odilon\/files\/2013\/03\/Lista3.pdf\" target=\"_blank\"><span style=\"color: #000000\"><br \/>\n<\/span><\/a><\/span><\/span><\/p>","protected":false},"excerpt":{"rendered":"<p>Lista 1&#8211; N\u00fameros e vetores. Lista 2 &#8211; Movimento em uma, duas e tr\u00eas dimens\u00f5es. Lista 3 &#8211; Leis de Newton, equil\u00edbrio, trabalho e energia.<\/p>\n","protected":false},"author":48,"featured_media":0,"parent":226,"menu_order":0,"comment_status":"closed","ping_status":"closed","template":"","meta":{"ngg_post_thumbnail":0,"footnotes":""},"class_list":["post-349","page","type-page","status-publish","hentry","nodate","item-wrap"],"_links":{"self":[{"href":"https:\/\/sites.ifi.unicamp.br\/odilon\/wp-json\/wp\/v2\/pages\/349","targetHints":{"allow":["GET"]}}],"collection":[{"href":"https:\/\/sites.ifi.unicamp.br\/odilon\/wp-json\/wp\/v2\/pages"}],"about":[{"href":"https:\/\/sites.ifi.unicamp.br\/odilon\/wp-json\/wp\/v2\/types\/page"}],"author":[{"embeddable":true,"href":"https:\/\/sites.ifi.unicamp.br\/odilon\/wp-json\/wp\/v2\/users\/48"}],"replies":[{"embeddable":true,"href":"https:\/\/sites.ifi.unicamp.br\/odilon\/wp-json\/wp\/v2\/comments?post=349"}],"version-history":[{"count":15,"href":"https:\/\/sites.ifi.unicamp.br\/odilon\/wp-json\/wp\/v2\/pages\/349\/revisions"}],"predecessor-version":[{"id":600,"href":"https:\/\/sites.ifi.unicamp.br\/odilon\/wp-json\/wp\/v2\/pages\/349\/revisions\/600"}],"up":[{"embeddable":true,"href":"https:\/\/sites.ifi.unicamp.br\/odilon\/wp-json\/wp\/v2\/pages\/226"}],"wp:attachment":[{"href":"https:\/\/sites.ifi.unicamp.br\/odilon\/wp-json\/wp\/v2\/media?parent=349"}],"curies":[{"name":"wp","href":"https:\/\/api.w.org\/{rel}","templated":true}]}}