{"id":48,"date":"2013-02-02T14:12:40","date_gmt":"2013-02-02T16:12:40","guid":{"rendered":"https:\/\/sites.ifi.unicamp.br\/odilon\/?page_id=48"},"modified":"2019-12-02T19:50:00","modified_gmt":"2019-12-02T21:50:00","slug":"teaching","status":"publish","type":"page","link":"https:\/\/sites.ifi.unicamp.br\/odilon\/teaching\/","title":{"rendered":"ENSINO"},"content":{"rendered":"<p>Esta p\u00e1gina \u00e9 dedicada aos Cursos de Gradua\u00e7\u00e3o ministrados por mim no IFGW.<\/p>\n<p><span style=\"color: #ffff00\"><a href=\"https:\/\/sites.ifi.unicamp.br\/odilon\/pt\/teaching\/f-107\/\"><span style=\"color: #ffff00\">F 107<\/span><\/a><\/span><\/p>\n<p><\/p>","protected":false},"excerpt":{"rendered":"<p>Esta p\u00e1gina \u00e9 dedicada aos Cursos de Gradua\u00e7\u00e3o ministrados por mim no IFGW. F 107<\/p>\n","protected":false},"author":48,"featured_media":0,"parent":0,"menu_order":7,"comment_status":"closed","ping_status":"closed","template":"","meta":{"ngg_post_thumbnail":0,"footnotes":""},"class_list":["post-48","page","type-page","status-publish","hentry","nodate","item-wrap"],"_links":{"self":[{"href":"https:\/\/sites.ifi.unicamp.br\/odilon\/wp-json\/wp\/v2\/pages\/48","targetHints":{"allow":["GET"]}}],"collection":[{"href":"https:\/\/sites.ifi.unicamp.br\/odilon\/wp-json\/wp\/v2\/pages"}],"about":[{"href":"https:\/\/sites.ifi.unicamp.br\/odilon\/wp-json\/wp\/v2\/types\/page"}],"author":[{"embeddable":true,"href":"https:\/\/sites.ifi.unicamp.br\/odilon\/wp-json\/wp\/v2\/users\/48"}],"replies":[{"embeddable":true,"href":"https:\/\/sites.ifi.unicamp.br\/odilon\/wp-json\/wp\/v2\/comments?post=48"}],"version-history":[{"count":19,"href":"https:\/\/sites.ifi.unicamp.br\/odilon\/wp-json\/wp\/v2\/pages\/48\/revisions"}],"predecessor-version":[{"id":245,"href":"https:\/\/sites.ifi.unicamp.br\/odilon\/wp-json\/wp\/v2\/pages\/48\/revisions\/245"}],"wp:attachment":[{"href":"https:\/\/sites.ifi.unicamp.br\/odilon\/wp-json\/wp\/v2\/media?parent=48"}],"curies":[{"name":"wp","href":"https:\/\/api.w.org\/{rel}","templated":true}]}}