{"id":50,"date":"2013-02-02T14:12:56","date_gmt":"2013-02-02T16:12:56","guid":{"rendered":"https:\/\/sites.ifi.unicamp.br\/odilon\/?page_id=50"},"modified":"2019-05-19T20:34:21","modified_gmt":"2019-05-19T22:34:21","slug":"lab","status":"publish","type":"page","link":"https:\/\/sites.ifi.unicamp.br\/odilon\/lab\/","title":{"rendered":"LAB"},"content":{"rendered":"<p>Eu sou membro do Grupo de Propriedades \u00d3ticas (GPO) do Departamento de F\u00edsica da Mat\u00e9ria Condensada da Instituto de F\u00edsica Gleb Wataghin. Para maiores informa\u00e7\u00f5es sobre nosso grupo de pesquisa e laborat\u00f3rio visite a <span style=\"color: #ffff00\"><a href=\"http:\/\/www.ifi.unicamp.br\/~iikawa\/index.htm\" target=\"_blank\"><span style=\"color: #ffff00\">p\u00e1gina do grupo<\/span><\/a><\/span>.<\/p>\n<p>\u00a0<\/p>","protected":false},"excerpt":{"rendered":"<p>Eu sou membro do Grupo de Propriedades \u00d3ticas (GPO) do Departamento de F\u00edsica da Mat\u00e9ria Condensada da Instituto de F\u00edsica Gleb Wataghin. Para maiores informa\u00e7\u00f5es sobre nosso grupo de pesquisa e laborat\u00f3rio visite a p\u00e1gina do grupo. \u00a0<\/p>\n","protected":false},"author":48,"featured_media":0,"parent":0,"menu_order":4,"comment_status":"closed","ping_status":"closed","template":"","meta":{"ngg_post_thumbnail":0,"footnotes":""},"class_list":["post-50","page","type-page","status-publish","hentry","nodate","item-wrap"],"_links":{"self":[{"href":"https:\/\/sites.ifi.unicamp.br\/odilon\/wp-json\/wp\/v2\/pages\/50","targetHints":{"allow":["GET"]}}],"collection":[{"href":"https:\/\/sites.ifi.unicamp.br\/odilon\/wp-json\/wp\/v2\/pages"}],"about":[{"href":"https:\/\/sites.ifi.unicamp.br\/odilon\/wp-json\/wp\/v2\/types\/page"}],"author":[{"embeddable":true,"href":"https:\/\/sites.ifi.unicamp.br\/odilon\/wp-json\/wp\/v2\/users\/48"}],"replies":[{"embeddable":true,"href":"https:\/\/sites.ifi.unicamp.br\/odilon\/wp-json\/wp\/v2\/comments?post=50"}],"version-history":[{"count":19,"href":"https:\/\/sites.ifi.unicamp.br\/odilon\/wp-json\/wp\/v2\/pages\/50\/revisions"}],"predecessor-version":[{"id":908,"href":"https:\/\/sites.ifi.unicamp.br\/odilon\/wp-json\/wp\/v2\/pages\/50\/revisions\/908"}],"wp:attachment":[{"href":"https:\/\/sites.ifi.unicamp.br\/odilon\/wp-json\/wp\/v2\/media?parent=50"}],"curies":[{"name":"wp","href":"https:\/\/api.w.org\/{rel}","templated":true}]}}