{"id":585,"date":"2014-07-17T14:37:49","date_gmt":"2014-07-17T16:37:49","guid":{"rendered":"https:\/\/sites.ifi.unicamp.br\/odilon\/?page_id=585"},"modified":"2019-05-19T20:10:48","modified_gmt":"2019-05-19T22:10:48","slug":"emu","status":"publish","type":"page","link":"https:\/\/sites.ifi.unicamp.br\/odilon\/emu\/","title":{"rendered":"EMU"},"content":{"rendered":"<p>Esta p\u00e1gina \u00e9 dedicada equipamento multi-usu\u00e1rios (EMU) presente em nosso laborarat\u00f3rio. As regras de uso do equipamento est\u00e3o descritas no plano de gest\u00e3o seguinte.<\/p>\n<h5 style=\"text-align: justify\"><strong><span style=\"color: #000080\"><em>Plano para gest\u00e3o e uso do equipamento*<\/em><\/span><\/strong><\/h5>\n<p style=\"text-align: justify\"><strong>Descri\u00e7\u00e3o<\/strong><\/p>\n<p style=\"text-align: justify\">Este equipamento multi-usu\u00e1rios (EMU) est\u00e1 localizado no laborat\u00f3rio de modula\u00e7\u00e3o ac\u00fastica que faz parte das facilidades dispon\u00edveis no Grupo de Propriedades \u00d3ticas (GPO) do Instituto de F\u00edsica \u201cGleb Wataghin\u201d (FGW). Ele est\u00e1 associado ao Projeto Jovem Pesquisador 2012\/11382-9 concedido pela Fapesp.<\/p>\n<p style=\"text-align: justify\">O EMU consiste num sistema espectr\u00f4metro de imagem (iHR550) com detector tipo CCD (SII-3LS-256-BR), ambos fabricados pela Horiba. A principal aplica\u00e7\u00e3o deste sistema \u00e9 o imageamento de emiss\u00e3o de micro-fotoluminesc\u00eancia (PL) em nanoestruturas semicondutoras.<\/p>\n<p style=\"text-align: justify\"><strong>\u00a0<\/strong><\/p>\n<p style=\"text-align: justify\"><strong>Comit\u00ea de gest\u00e3o<\/strong><\/p>\n<p style=\"text-align: justify\">As regras e procedimentos para utiliza\u00e7\u00e3o do instrumento s\u00e3o definidas pelo pesquisador proponente do projeto EMU, Prof. Odilon D. D. Couto Jr. Al\u00e9m do gerenciamento do uso do equipamento, o Prof. Odilonser\u00e1 respons\u00e1vel pela aloca\u00e7\u00e3o de tempo necess\u00e1rio \u00e0 manuten\u00e7\u00e3o preventiva do equipamento e tempo dedicado \u00e0 calibra\u00e7\u00e3o e manuten\u00e7\u00e3o da qualidade dos dados.<\/p>\n<p style=\"text-align: justify\"><strong>\u00a0<\/strong><\/p>\n<p style=\"text-align: justify\"><strong>Uso do equipamento<\/strong><\/p>\n<p style=\"text-align: justify\">A utiliza\u00e7\u00e3o do equipamento dever\u00e1 ser solicitada pelos interessados atrav\u00e9s do envio de propostas de trabalho. As propostas ser\u00e3o avaliadas pelo comit\u00ea de gest\u00e3o. O comit\u00ea decidir\u00e1 sobre a realiza\u00e7\u00e3o das medidas de acordo com a disponibilidade de tempo do equipamento.<\/p>\n<p style=\"padding-left: 30px;text-align: justify\"><strong>Elabora\u00e7\u00e3o de Propostas<\/strong> (enviadas por email para odilon-at-ifi.unicamp.br):<\/p>\n<p style=\"padding-left: 30px;text-align: justify\">As propostas de trabalho devem ser enviadas em no m\u00e1ximo tr\u00eas folhas redigidas em papel A4 contendo as seguintes informa\u00e7\u00f5es:<\/p>\n<p style=\"padding-left: 30px;text-align: justify\">1 \u2013 Nome, email e telefone de contato das pessoas interessadas\/envolvidas na realiza\u00e7\u00e3o das medidas;<\/p>\n<p style=\"padding-left: 30px;text-align: justify\">2 &#8211; Objetivos e estado da arte do projeto;<\/p>\n<p style=\"padding-left: 30px;text-align: justify\">3 &#8211; Descri\u00e7\u00e3o detalhada das amostras que ser\u00e3o analisadas;<\/p>\n<p style=\"padding-left: 30px;text-align: justify\">4 &#8211; Descri\u00e7\u00e3o do tipo de medida a ser realizado (anexar caracteriza\u00e7\u00f5es pr\u00e9vias quando for o caso);<\/p>\n<p style=\"padding-left: 30px;text-align: justify\">5 &#8211; Cronograma de trabalho estipulado.<\/p>\n<p style=\"text-align: justify\"><strong>\u00a0<\/strong><\/p>\n<p style=\"text-align: justify\"><strong>Comit\u00ea de usu\u00e1rios<\/strong><\/p>\n<p style=\"text-align: justify\">Cabe ao comit\u00ea de usu\u00e1rios fazer avalia\u00e7\u00e3o cont\u00ednua dos registros de uso do equipamento e fazer sugest\u00f5es ao comit\u00ea gestor. O comit\u00ea de usu\u00e1rios deste EMU \u00e9 composto pelo Prof. Dr. Fernando Iikawa da Unicamp e pelo Prof. Dr. Helder V. A. Galeti da Universidade Federal de S\u00e3o Carlos (UFSCAR).<\/p>\n<p style=\"text-align: justify\"><strong>Manuten\u00e7\u00e3o e assist\u00eancia aos usu\u00e1rios<\/strong><\/p>\n<p style=\"text-align: justify\">O apoio t\u00e9cnico e a assist\u00eancia aos usu\u00e1rios ser\u00e3o realizados pelo pesquisador respons\u00e1vel pelo EMU e por um t\u00e9cnico de n\u00edvel superior disponibilizado pelo IFGW (atualmente, o Sr. Milton Tanabe: milton-at-ifi.unicamp.br).<\/p>\n<p style=\"text-align: justify\">Compete a estes profissionais administrar o uso do equipamento,\u00a0zelar pelo bom uso e manuten\u00e7\u00e3o, ensinar os usu\u00e1rios a oper\u00e1-lo, realizar suas manuten\u00e7\u00f5es preventivas, detectar falhas e problemas t\u00e9cnicos, realizar reparos quando poss\u00edvel e manter o funcionamento e organiza\u00e7\u00e3o do laborat\u00f3rio.<\/p>\n<p>&nbsp;<\/p>\n<p>&nbsp;<\/p>\n<p>&nbsp;<\/p>\n<p>* Este plano de gest\u00e3o foi formalmente aprovado pela Congrega\u00e7\u00e3o do IFGW do dia 05\/09\/2014.<\/p>","protected":false},"excerpt":{"rendered":"<p>Esta p\u00e1gina \u00e9 dedicada equipamento multi-usu\u00e1rios (EMU) presente em nosso laborarat\u00f3rio. As regras de uso do equipamento est\u00e3o descritas no plano de gest\u00e3o seguinte. Plano para gest\u00e3o e uso do equipamento* Descri\u00e7\u00e3o Este equipamento multi-usu\u00e1rios (EMU) est\u00e1 localizado no laborat\u00f3rio de modula\u00e7\u00e3o ac\u00fastica que faz parte das facilidades dispon\u00edveis no Grupo de Propriedades \u00d3ticas (GPO) &hellip; <\/p>\n<p><a class=\"more-link btn\" href=\"https:\/\/sites.ifi.unicamp.br\/odilon\/emu\/\">Continue lendo<\/a><\/p>\n","protected":false},"author":48,"featured_media":0,"parent":0,"menu_order":5,"comment_status":"closed","ping_status":"closed","template":"","meta":{"ngg_post_thumbnail":0,"footnotes":""},"class_list":["post-585","page","type-page","status-publish","hentry","nodate","item-wrap"],"_links":{"self":[{"href":"https:\/\/sites.ifi.unicamp.br\/odilon\/wp-json\/wp\/v2\/pages\/585","targetHints":{"allow":["GET"]}}],"collection":[{"href":"https:\/\/sites.ifi.unicamp.br\/odilon\/wp-json\/wp\/v2\/pages"}],"about":[{"href":"https:\/\/sites.ifi.unicamp.br\/odilon\/wp-json\/wp\/v2\/types\/page"}],"author":[{"embeddable":true,"href":"https:\/\/sites.ifi.unicamp.br\/odilon\/wp-json\/wp\/v2\/users\/48"}],"replies":[{"embeddable":true,"href":"https:\/\/sites.ifi.unicamp.br\/odilon\/wp-json\/wp\/v2\/comments?post=585"}],"version-history":[{"count":17,"href":"https:\/\/sites.ifi.unicamp.br\/odilon\/wp-json\/wp\/v2\/pages\/585\/revisions"}],"predecessor-version":[{"id":907,"href":"https:\/\/sites.ifi.unicamp.br\/odilon\/wp-json\/wp\/v2\/pages\/585\/revisions\/907"}],"wp:attachment":[{"href":"https:\/\/sites.ifi.unicamp.br\/odilon\/wp-json\/wp\/v2\/media?parent=585"}],"curies":[{"name":"wp","href":"https:\/\/api.w.org\/{rel}","templated":true}]}}