{"id":605,"date":"2014-07-17T18:27:12","date_gmt":"2014-07-17T20:27:12","guid":{"rendered":"https:\/\/sites.ifi.unicamp.br\/odilon\/?page_id=605"},"modified":"2019-03-05T20:02:13","modified_gmt":"2019-03-05T22:02:13","slug":"f-896","status":"publish","type":"page","link":"https:\/\/sites.ifi.unicamp.br\/odilon\/teaching\/f-896\/","title":{"rendered":"F 896 (monografia)"},"content":{"rendered":"<p>Trabalhos de monografia de fim de curso orientados por mim:<\/p>\n<ul>\n<li><a href=\"https:\/\/sites.ifi.unicamp.br\/odilon\/files\/2014\/07\/Monografia_Allan_Covacevice-final1.pdf\" target=\"_blank\">&#8220;<em>Sensores baseados em ondas ac\u00fasticas: introdu\u00e7\u00e3o e aplica\u00e7\u00f5es<\/em>&#8220;<\/a>, Allan C. T. Covacevice (2s\/2012)<\/li>\n<\/ul>\n<p><\/p>","protected":false},"excerpt":{"rendered":"<p>Trabalhos de monografia de fim de curso orientados por mim: &#8220;Sensores baseados em ondas ac\u00fasticas: introdu\u00e7\u00e3o e aplica\u00e7\u00f5es&#8220;, Allan C. T. Covacevice (2s\/2012)<\/p>\n","protected":false},"author":48,"featured_media":0,"parent":48,"menu_order":5,"comment_status":"closed","ping_status":"open","template":"","meta":{"ngg_post_thumbnail":0,"footnotes":""},"class_list":["post-605","page","type-page","status-publish","hentry","nodate","item-wrap"],"_links":{"self":[{"href":"https:\/\/sites.ifi.unicamp.br\/odilon\/wp-json\/wp\/v2\/pages\/605","targetHints":{"allow":["GET"]}}],"collection":[{"href":"https:\/\/sites.ifi.unicamp.br\/odilon\/wp-json\/wp\/v2\/pages"}],"about":[{"href":"https:\/\/sites.ifi.unicamp.br\/odilon\/wp-json\/wp\/v2\/types\/page"}],"author":[{"embeddable":true,"href":"https:\/\/sites.ifi.unicamp.br\/odilon\/wp-json\/wp\/v2\/users\/48"}],"replies":[{"embeddable":true,"href":"https:\/\/sites.ifi.unicamp.br\/odilon\/wp-json\/wp\/v2\/comments?post=605"}],"version-history":[{"count":10,"href":"https:\/\/sites.ifi.unicamp.br\/odilon\/wp-json\/wp\/v2\/pages\/605\/revisions"}],"predecessor-version":[{"id":860,"href":"https:\/\/sites.ifi.unicamp.br\/odilon\/wp-json\/wp\/v2\/pages\/605\/revisions\/860"}],"up":[{"embeddable":true,"href":"https:\/\/sites.ifi.unicamp.br\/odilon\/wp-json\/wp\/v2\/pages\/48"}],"wp:attachment":[{"href":"https:\/\/sites.ifi.unicamp.br\/odilon\/wp-json\/wp\/v2\/media?parent=605"}],"curies":[{"name":"wp","href":"https:\/\/api.w.org\/{rel}","templated":true}]}}