{"id":617,"date":"2014-07-17T18:47:00","date_gmt":"2014-07-17T20:47:00","guid":{"rendered":"https:\/\/sites.ifi.unicamp.br\/odilon\/?page_id=617"},"modified":"2020-05-13T12:56:49","modified_gmt":"2020-05-13T14:56:49","slug":"publications","status":"publish","type":"page","link":"https:\/\/sites.ifi.unicamp.br\/odilon\/publications\/","title":{"rendered":"Artigos publicados"},"content":{"rendered":"<p><\/p>\n<h5 style=\"text-align: justify\">Para mais informa\u00e7\u00f5es, consulte meu <span style=\"text-decoration: underline\"><span style=\"color: #000080;text-decoration: underline\"><a title=\"Curr\u00edculo Lattes\" href=\"http:\/\/lattes.cnpq.br\/3370040949589140\" target=\"_blank\" rel=\"noopener noreferrer\"><span style=\"color: #000080;text-decoration: underline\">Curr\u00edculo Lattes<\/span><\/a><\/span><\/span><span style=\"color: #000080\"><a title=\"Curr\u00edculo Lattes\" href=\"http:\/\/lattes.cnpq.br\/3370040949589140\" target=\"_blank\" rel=\"noopener noreferrer\"><span style=\"color: #000080\"><span style=\"color: #000000\">.<\/span><\/span><\/a><\/span><\/h5>\n<h4 style=\"text-align: justify\"><\/h4>\n<h4 style=\"text-align: justify\">Artigos publicados em revistas cient\u00edficas:<\/h4>\n<ul style=\"text-align: justify\">\n<li><span style=\"color: #000080\"><em>&#8220;<a href=\"http:\/\/pubs.acs.org\/doi\/abs\/10.1021\/nl302490y\" target=\"_blank\" rel=\"noopener noreferrer\"><span style=\"color: #000080\">Effect of a GaAsP shell on the optical properties of self-catalyzed GaAs nanowires grown on silicon<\/span><\/a>&#8220;<\/em><\/span>; O. D. D. Couto Jr., D. Sercombe, J. Puebla, L. Otubo, E. Chekhovic, I. Luxmoore, L. Wilson, H. Liu, M. S. Skolnick, and A. I. Tartakovskii;\u00a0 Nano Lett., <strong>12<\/strong>, 5269 (2012).<\/li>\n<\/ul>\n<ul style=\"text-align: justify\">\n<li><span style=\"color: #000080\"><a href=\"http:\/\/prb.aps.org\/abstract\/PRB\/v84\/i20\/e205332\" target=\"_blank\" rel=\"noopener noreferrer\"><span style=\"color: #000080\">&#8220;Zeeman splitting and spin dynamics tuning by exciton charging in two dimensional systems&#8221;<\/span><\/a><\/span>; L. K. Castelano, D. F. Cesar, V. Lopez-Richard, G. E. Marques, O. D. D. Couto Jr. F. Iikawa, R. Hey and P. V. Santos; Phys. Rev. B, 84, 205332 (2011).<\/li>\n<\/ul>\n<ul style=\"text-align: justify\">\n<li><span style=\"color: #000080\"><a href=\"http:\/\/prb.aps.org\/abstract\/PRB\/v84\/i12\/e125301\" target=\"_blank\" rel=\"noopener noreferrer\"><span style=\"color: #000080\">&#8220;Charge control in InP\/(Ga,In)P single quantum dots embedded Schottky diodes&#8221;<\/span><\/a><\/span>; O. D. D. Couto Jr., J. L. P. Nunez, E. A. Chekhovich, I. L. Luxmoore, C. J. Elliott, N. Babazadeh, M. S. Skolnick, A. I. Tartakovskii and A. B. Krysa; Phys. Rev. B, 84, 125301 (2011).<\/li>\n<\/ul>\n<ul style=\"text-align: justify\">\n<li><span style=\"color: #000080\"><a href=\"http:\/\/proceedings.aip.org\/resource\/2\/apcpcs\/1399\/1\/1035_1?isAuthorized=no\" target=\"_blank\" rel=\"noopener noreferrer\"><span style=\"color: #000080\">&#8220;Acoustically driven Single Photon Sources on (311)A GaAs&#8221;<\/span><\/a><\/span>; S. Lazic, O. D. D. Couto Jr., F. Iikawa, J. A. H. Stotz, R. Hey, and P. V. Santos; AIP Conf. Proc. 1399, 1035 (2011).<\/li>\n<\/ul>\n<ul style=\"text-align: justify\">\n<li><span style=\"color: #000080\"><a href=\"http:\/\/apl.aip.org\/resource\/1\/applab\/v96\/i16\/p162106_s1\" target=\"_blank\" rel=\"noopener noreferrer\"><span style=\"color: #000080\">&#8220;Electronic channels for acoustic transport in semiconductor heterostructures&#8221;<\/span><\/a><span style=\"color: #000000\">; K. Biermann, O. D. D. Couto Jr., W. Seidel, R. Hey, and P. V. Santos; Appl. Phys. Lett., 96, 162106 (2010).<\/span><\/span><\/li>\n<\/ul>\n<ul style=\"text-align: justify\">\n<li><span style=\"color: #000080\">&#8220;<a href=\"http:\/\/www.sciencedirect.com\/science\/article\/pii\/S1386947709004573\" target=\"_blank\" rel=\"noopener noreferrer\"><span style=\"color: #000080\">Evidence for photon anti-bunching in acoustically pumped dots<\/span><\/a>&#8220;<\/span>; O. D. D. Couto Jr., S. Lazic, F. Iikawa, J. A. Stotz, U. Jahn, R. Hey, and P. V. Santos; Physica E, 42, 2497 (2010).<\/li>\n<\/ul>\n<ul style=\"text-align: justify\">\n<li><span style=\"color: #000080\"><a href=\"http:\/\/link.periodicos.capes.gov.br\/sfxlcl41?&amp;url_ver=Z39.88-2004&amp;url_ctx_fmt=info:ofi\/fmt:kev:mtx:ctx&amp;rft_val_fmt=info:ofi\/fmt:kev:mtx:journal&amp;rft.atitle=Spin%20Transport%20in%20%28110%29%20GaAs-Based%20Cavity%20Structures&amp;rft.aufirst=K.&amp;rft.aulast=Biermann&amp;rft.date=2010&amp;rft.epage=30&amp;rft.genre=article&amp;rft.issn=1557-1939&amp;rft.issue=1&amp;rft.jtitle=JOURNAL%20OF%20SUPERCONDUCTIVITY%20AND%20NOVEL%20MAGNETISM&amp;rft.pages=27-30&amp;rft.part=SI&amp;rft.spage=27&amp;rft.stitle=J%20SUPERCOND%20NOV%20MAGN&amp;rft.volume=23&amp;rfr_id=info:sid\/www.isinet.com:WoK:WOS&amp;rft.au=Couto%2C%20O.%20D.%20D.%2C%20Jr.&amp;rft.au=Cerda%2C%20E.&amp;rft.au=de%20Carvalho%2C%20H.%20B.&amp;rft.au=Hey%2C%20R.&amp;rft_id=info:doi\/10.1007%2Fs10948-009-0562-x\" target=\"_blank\" rel=\"noopener noreferrer\"><span style=\"color: #000080\">&#8220;<\/span><\/a><a href=\"http:\/\/link.periodicos.capes.gov.br\/sfxlcl41?&amp;url_ver=Z39.88-2004&amp;url_ctx_fmt=info:ofi\/fmt:kev:mtx:ctx&amp;rft_val_fmt=info:ofi\/fmt:kev:mtx:journal&amp;rft.atitle=Spin%20Transport%20in%20%28110%29%20GaAs-Based%20Cavity%20Structures&amp;rft.aufirst=K.&amp;rft.aulast=Biermann&amp;rft.date=2010&amp;rft.epage=30&amp;rft.genre=article&amp;rft.issn=1557-1939&amp;rft.issue=1&amp;rft.jtitle=JOURNAL%20OF%20SUPERCONDUCTIVITY%20AND%20NOVEL%20MAGNETISM&amp;rft.pages=27-30&amp;rft.part=SI&amp;rft.spage=27&amp;rft.stitle=J%20SUPERCOND%20NOV%20MAGN&amp;rft.volume=23&amp;rfr_id=info:sid\/www.isinet.com:WoK:WOS&amp;rft.au=Couto%2C%20O.%20D.%20D.%2C%20Jr.&amp;rft.au=Cerda%2C%20E.&amp;rft.au=de%20Carvalho%2C%20H.%20B.&amp;rft.au=Hey%2C%20R.&amp;rft_id=info:doi\/10.1007%2Fs10948-009-0562-x\" target=\"_blank\" rel=\"noopener noreferrer\"><span style=\"color: #000080\">Spin transport in (110) GaAs based cavity structures<\/span><\/a><a href=\"http:\/\/link.periodicos.capes.gov.br\/sfxlcl41?&amp;url_ver=Z39.88-2004&amp;url_ctx_fmt=info:ofi\/fmt:kev:mtx:ctx&amp;rft_val_fmt=info:ofi\/fmt:kev:mtx:journal&amp;rft.atitle=Spin%20Transport%20in%20%28110%29%20GaAs-Based%20Cavity%20Structures&amp;rft.aufirst=K.&amp;rft.aulast=Biermann&amp;rft.date=2010&amp;rft.epage=30&amp;rft.genre=article&amp;rft.issn=1557-1939&amp;rft.issue=1&amp;rft.jtitle=JOURNAL%20OF%20SUPERCONDUCTIVITY%20AND%20NOVEL%20MAGNETISM&amp;rft.pages=27-30&amp;rft.part=SI&amp;rft.spage=27&amp;rft.stitle=J%20SUPERCOND%20NOV%20MAGN&amp;rft.volume=23&amp;rfr_id=info:sid\/www.isinet.com:WoK:WOS&amp;rft.au=Couto%2C%20O.%20D.%20D.%2C%20Jr.&amp;rft.au=Cerda%2C%20E.&amp;rft.au=de%20Carvalho%2C%20H.%20B.&amp;rft.au=Hey%2C%20R.&amp;rft_id=info:doi\/10.1007%2Fs10948-009-0562-x\" target=\"_blank\" rel=\"noopener noreferrer\"><span style=\"color: #000080\">&#8220;<\/span><\/a><\/span>; K. Biermann, O. D. D. Couto Jr., E. Cerda, H. B. de Carvalho, R. Hey, and P. V. Santos; J. Supercond. Nov. Mag., 23, 27-30 (2010).<\/li>\n<\/ul>\n<ul style=\"text-align: justify\">\n<li><span style=\"color: #000080\"><a href=\"http:\/\/www.nature.com\/nphoton\/journal\/v3\/n11\/abs\/nphoton.2009.191.html\" target=\"_blank\" rel=\"noopener noreferrer\"><span style=\"color: #000080\">&#8220;Photon anti-bunching in acoustically pumped quantum dots&#8221;<\/span><\/a><\/span>; O. D. D. Couto Jr., S. Lazic, F. Iikawa, J. A. Stotz, U. Jahn, R. Hey, and P. V. Santos; Nature Photonics, 3, 645 (2009).<\/li>\n<\/ul>\n<ul style=\"text-align: justify\">\n<li><span style=\"color: #000080\"><a href=\"http:\/\/prb.aps.org\/abstract\/PRB\/v78\/i15\/e153305\" target=\"_blank\" rel=\"noopener noreferrer\"><span style=\"color: #000080\">&#8220;Spin dynamics in (110) GaAs quantum wells under surface acoustic waves&#8221;<\/span><\/a><\/span>; O. D. D. Couto Jr., R. Hey, and P. V. Santos; Phys. Rev. B, 78, 153305 (2008). (Paper also selected to the Virtual Journal of Nanoscale Science and Technology, vol. 18, issue 17, (2008))<\/li>\n<\/ul>\n<ul style=\"text-align: justify\">\n<li><span style=\"color: #000080\">&#8220;<a href=\"http:\/\/www.sciencedirect.com\/science\/article\/pii\/S1386947707003566\" target=\"_blank\" rel=\"noopener noreferrer\"><span style=\"color: #000080\">Spin-orbit dependence on carrier momentum in (110) quantum wells<\/span><\/a>&#8220;<\/span>; O. D. D. Couto Jr., J. Rudolph, F. Iikawa, R. Hey, and P. V. Santos; Physica E, 40, 1797 (2008).<\/li>\n<\/ul>\n<ul style=\"text-align: justify\">\n<li><span style=\"color: #000080\">&#8220;<a href=\"http:\/\/www.sciencedirect.com\/science\/article\/pii\/S0022024806014631\" target=\"_blank\" rel=\"noopener noreferrer\"><span style=\"color: #000080\">Growth of (In,Ga)As\/(Al,Ga)As quantum wells on GaAs (110) by MBE<\/span><\/a>&#8220;<span style=\"color: #000000\">; R. Hey, A. Trampert. U. Jahn, O. D. D. Couto Jr., and P. V. Santos; J. Cryst. Growth, 301-302, 158 (2007).<\/span><\/span><\/li>\n<\/ul>\n<ul style=\"text-align: justify\">\n<li><span style=\"color: #000080\"><a href=\"http:\/\/prl.aps.org\/abstract\/PRL\/v98\/i3\/e036603\" target=\"_blank\" rel=\"noopener noreferrer\"><span style=\"color: #000080\">&#8220;Anisotropic spin transport in (110) GaAs quantum wells&#8221;<\/span><\/a><\/span>; O. D. D. Couto Jr., F. Iikawa, J. Rudolph, R. Hey, and P. V. Santos; Phys. Rev. Lett., vol 98, 036603 (2007). (Paper also selected to the Virtual Journal of Nanoscale Science and Technology)<\/li>\n<\/ul>\n<ul style=\"text-align: justify\">\n<li><span style=\"color: #000080\"><a href=\"http:\/\/proceedings.aip.org\/resource\/2\/apcpcs\/893\/1\/1273_1?isAuthorized=no\" target=\"_blank\" rel=\"noopener noreferrer\"><span style=\"color: #000080\">&#8220;Long-range spin transport in (110) GaAs quantum wells&#8221;<\/span><\/a><\/span>; O. D. D. Couto Jr., F. Iikawa, J. Rudolph, R. Hey, P. V. Santos, and K. H. Ploog; AIP Conf. Proc. 893, 1273 (2007).<\/li>\n<\/ul>\n<ul style=\"text-align: justify\">\n<li><span style=\"color: #000080\"><a href=\"http:\/\/onlinelibrary.wiley.com\/doi\/10.1002\/pssc.200672804\/abstract\" target=\"_blank\" rel=\"noopener noreferrer\"><span style=\"color: #000080\">&#8220;Coherent spin transport by acoustic elds in GaAs quantum wells&#8221;<\/span><\/a><\/span>; O.D.D. Couto Jr., F. Iikawa, J. Stotz, R. Hey, and P. V. Santos; Phys. Stat. Sol. (c) 3, No. 12, 4307 (2007).<\/li>\n<\/ul>\n<ul style=\"text-align: justify\">\n<li><span style=\"color: #000080\"><a href=\"http:\/\/apl.aip.org\/resource\/1\/applab\/v88\/i15\/p151906_s1\" target=\"_blank\" rel=\"noopener noreferrer\"><span style=\"color: #000080\">&#8220;Strain redistribution at the phase transition of MnAs\/GaAs (001) films&#8221;<\/span><\/a><\/span>; C. Adriano, C. Giles, O. D. D. Couto, M. J. S. P. Brasil, and F. Iikawa; Appl. Phys. Lett., vol. 88, 151906 (2006).<\/li>\n<\/ul>\n<ul style=\"text-align: justify\">\n<li><span style=\"color: #000080\"><a href=\"http:\/\/prl.aps.org\/abstract\/PRL\/v95\/i7\/e077203\" target=\"_blank\" rel=\"noopener noreferrer\"><span style=\"color: #000080\">&#8220;Lattice distortion effects on the magneto-structural phase transition of MnAs&#8221;<\/span><\/a><\/span>; F. Iikawa, M. J. S. P. Brasil, C. Adriano, O. D. D. Couto, C. Giles, P. V. Santos, L. Daeweritz, I. Rungger, and S. Sanvito; Phys. Rev. Lett. , vol 95, 077203 (2005).<\/li>\n<\/ul>\n<ul style=\"text-align: justify\">\n<li><span style=\"color: #000080\"><a href=\"http:\/\/apl.aip.org\/resource\/1\/applab\/v86\/i7\/p071906_s1\" target=\"_blank\" rel=\"noopener noreferrer\"><span style=\"color: #000080\">&#8220;Ferromagnetic nanoclusters formed by Mn implantation in GaAs&#8221;<\/span><\/a><\/span>; O. D. D. Couto Jr, M. J. S. P. Brasil, F. Iikawa, C. Giles, C. Adriano, J. R. R. Bortoleto, M. A. A. Pudenzi, H. R. Gutierrez, and I. Danilov; Appl. Phys. Lett., vol. 85, 071906 (2005).<\/li>\n<\/ul>\n<ul style=\"text-align: justify\">\n<li><span style=\"color: #000080\"><a href=\"http:\/\/apl.aip.org\/resource\/1\/applab\/v85\/i12\/p2250_s1\" target=\"_blank\" rel=\"noopener noreferrer\"><span style=\"color: #000080\">&#8220;Effect of MnAs\/GaAs(001) film accommodations on the phase transition temperature&#8221;<\/span><\/a><\/span>; F. Iikawa, P. V. Santos, C. Adriano, O. D. D. Couto Jr, M. J. S. P. Brasil, C. Giles, R. Magalh\u00e3es, Paniago, and L. Daeweritz; Appl. Phys. Lett., vol. 85, 12, 2250 (2004).<\/li>\n<\/ul>\n<ul style=\"text-align: justify\">\n<li><span style=\"color: #000080\"><a href=\"http:\/\/prb.aps.org\/abstract\/PRB\/v71\/i4\/e045319\" target=\"_blank\" rel=\"noopener noreferrer\"><span style=\"color: #000080\">&#8220;Effect of a magnetic field on the magnetostructural phase transition of MnAs lms on GaAs&#8221;<\/span><\/a><\/span>; F. Iikawa, M. Knobel, P. V. Santos, C. Adriano, O. D. D. Couto Jr, M. J. S. P. Brasil, C. Giles, R. Magalh\u00e3es-Paniago, and L. Daweritz; Phys. Rev. B, B 71, 045319 (2004).<\/li>\n<\/ul>\n<ul style=\"text-align: justify\">\n<li><span style=\"color: #000080\"><a href=\"http:\/\/www.sciencedirect.com\/science\/article\/pii\/S0304885303024958\" target=\"_blank\" rel=\"noopener noreferrer\"><span style=\"color: #000080\">&#8220;Apparent split between magnetic and structural phase transitions in epitaxial MnAs films&#8221;<\/span><\/a><\/span>; F. Iikawa, M. Knobel, P. V. Santos, C. Adriano, O. D. D. Couto Jr., M. S. J. P. Brasil, C. Giles, R. Magalh\u00e3es-Paniago, and L. Daeweritz; J. Magn. Magn. Mater., Vols. 272-276, Part 2, 1154 (2004).<\/li>\n<\/ul>\n<ul>\n<li style=\"text-align: justify\"><span style=\"color: #000080\"><a href=\"http:\/\/www.sciencedirect.com\/science\/article\/pii\/S0038109804002996\" target=\"_blank\" rel=\"noopener noreferrer\"><span style=\"color: #000080\">&#8220;Effects of chlorine gas exposure on the optical properties of rodium phtalocyaninefi films&#8221;<\/span><\/a><\/span>; L. Gaffo, O. D. D. Couto Jr., R. Giro, M. J. S. P. Brasil, D. S. Galv\u00e3o, F. Cerdeira, O. N. de Oliveira Jr., and K. Wohnrath; Solid State Comm., 131, 53 (2004).<\/li>\n<\/ul>\n<p><\/p>","protected":false},"excerpt":{"rendered":"<p>Para mais informa\u00e7\u00f5es, consulte meu Curr\u00edculo Lattes. Artigos publicados em revistas cient\u00edficas: &#8220;Effect of a GaAsP shell on the optical properties of self-catalyzed GaAs nanowires grown on silicon&#8220;; O. D. D. Couto Jr., D. Sercombe, J. Puebla, L. Otubo, E. Chekhovic, I. Luxmoore, L. Wilson, H. Liu, M. S. Skolnick, and A. I. Tartakovskii;\u00a0 Nano &hellip; <\/p>\n<p><a class=\"more-link btn\" href=\"https:\/\/sites.ifi.unicamp.br\/odilon\/publications\/\">Continue lendo<\/a><\/p>\n","protected":false},"author":48,"featured_media":0,"parent":0,"menu_order":0,"comment_status":"closed","ping_status":"closed","template":"","meta":{"ngg_post_thumbnail":0,"footnotes":""},"class_list":["post-617","page","type-page","status-publish","hentry","nodate","item-wrap"],"_links":{"self":[{"href":"https:\/\/sites.ifi.unicamp.br\/odilon\/wp-json\/wp\/v2\/pages\/617","targetHints":{"allow":["GET"]}}],"collection":[{"href":"https:\/\/sites.ifi.unicamp.br\/odilon\/wp-json\/wp\/v2\/pages"}],"about":[{"href":"https:\/\/sites.ifi.unicamp.br\/odilon\/wp-json\/wp\/v2\/types\/page"}],"author":[{"embeddable":true,"href":"https:\/\/sites.ifi.unicamp.br\/odilon\/wp-json\/wp\/v2\/users\/48"}],"replies":[{"embeddable":true,"href":"https:\/\/sites.ifi.unicamp.br\/odilon\/wp-json\/wp\/v2\/comments?post=617"}],"version-history":[{"count":23,"href":"https:\/\/sites.ifi.unicamp.br\/odilon\/wp-json\/wp\/v2\/pages\/617\/revisions"}],"predecessor-version":[{"id":980,"href":"https:\/\/sites.ifi.unicamp.br\/odilon\/wp-json\/wp\/v2\/pages\/617\/revisions\/980"}],"wp:attachment":[{"href":"https:\/\/sites.ifi.unicamp.br\/odilon\/wp-json\/wp\/v2\/media?parent=617"}],"curies":[{"name":"wp","href":"https:\/\/api.w.org\/{rel}","templated":true}]}}