{"id":848,"date":"2019-03-05T19:54:06","date_gmt":"2019-03-05T21:54:06","guid":{"rendered":"https:\/\/sites.ifi.unicamp.br\/odilon\/?page_id=848"},"modified":"2024-08-01T17:34:57","modified_gmt":"2024-08-01T19:34:57","slug":"f-428","status":"publish","type":"page","link":"https:\/\/sites.ifi.unicamp.br\/odilon\/teaching\/f-428\/","title":{"rendered":"F 428"},"content":{"rendered":"<h3>F\u00edsica Geral IV<\/h3>\n<p>&nbsp;<\/p>\n<p><strong>Notas de aula<\/strong><\/p>\n<p><a href=\"https:\/\/sites.ifi.unicamp.br\/odilon\/files\/2020\/09\/Aula01-Ondas-Eletromagneticas-1.pdf\"><strong>Aula 01<\/strong> &#8211; Ondas eletromagn\u00e9ticas 1<\/a><\/p>\n<p><a href=\"https:\/\/sites.ifi.unicamp.br\/odilon\/files\/2020\/09\/Aula02-Ondas-Eletromagneticas.pdf\"><strong>Aula 02<\/strong> &#8211; Ondas eletromagn\u00e9ticas 2<\/a><\/p>\n<p><a href=\"https:\/\/sites.ifi.unicamp.br\/odilon\/files\/2020\/09\/Aula03-Interferencia.pdf\"><strong>Aula 03<\/strong> &#8211; Interfer\u00eancia<\/a><\/p>\n<p><a href=\"https:\/\/sites.ifi.unicamp.br\/odilon\/files\/2020\/10\/Aula04-Difracao.pdf\"><strong>Aula 04<\/strong> &#8211; Difra\u00e7\u00e3o<\/a><\/p>\n<p><a href=\"https:\/\/sites.ifi.unicamp.br\/odilon\/files\/2020\/10\/Aula05-Relatividade-I.pdf\"><strong>Aula 05<\/strong> &#8211; Relatividade 1<\/a><\/p>\n<p><a href=\"https:\/\/sites.ifi.unicamp.br\/odilon\/files\/2020\/10\/Aula06-Relatividade-II.pdf\"><strong>Aula 06<\/strong> &#8211; Relatividade 2<\/a><\/p>\n<p><a href=\"https:\/\/sites.ifi.unicamp.br\/odilon\/files\/2020\/10\/Aula07-Foton-e-ondas-de-materia-I.pdf\"><strong>Aula 07<\/strong> &#8211; F\u00f3tons e ondas de mat\u00e9ria 1<\/a><\/p>\n<p><a href=\"https:\/\/sites.ifi.unicamp.br\/odilon\/files\/2020\/10\/Aula08-Foton-e-ondas-de-materia-II.pdf\"><strong>Aula 08<\/strong> &#8211; F\u00f3tons e ondas de mat\u00e9ria 2<\/a><\/p>\n<p>&nbsp;<\/p>\n<p>&nbsp;<\/p>\n<p>&nbsp;<\/p>\n<p>&nbsp;<\/p>\n","protected":false},"excerpt":{"rendered":"<p>F\u00edsica Geral IV &nbsp; Notas de aula Aula 01 &#8211; Ondas eletromagn\u00e9ticas 1 Aula 02 &#8211; Ondas eletromagn\u00e9ticas 2 Aula 03 &#8211; Interfer\u00eancia Aula 04 &#8211; Difra\u00e7\u00e3o Aula 05 &#8211; Relatividade 1 Aula 06 &#8211; Relatividade 2 Aula 07 &#8211; F\u00f3tons e ondas de mat\u00e9ria 1 Aula 08 &#8211; F\u00f3tons e ondas de mat\u00e9ria 2 &hellip; <\/p>\n<p><a class=\"more-link btn\" href=\"https:\/\/sites.ifi.unicamp.br\/odilon\/teaching\/f-428\/\">Continue lendo<\/a><\/p>\n","protected":false},"author":48,"featured_media":0,"parent":48,"menu_order":3,"comment_status":"closed","ping_status":"closed","template":"","meta":{"ngg_post_thumbnail":0,"footnotes":""},"class_list":["post-848","page","type-page","status-publish","hentry","nodate","item-wrap"],"_links":{"self":[{"href":"https:\/\/sites.ifi.unicamp.br\/odilon\/wp-json\/wp\/v2\/pages\/848","targetHints":{"allow":["GET"]}}],"collection":[{"href":"https:\/\/sites.ifi.unicamp.br\/odilon\/wp-json\/wp\/v2\/pages"}],"about":[{"href":"https:\/\/sites.ifi.unicamp.br\/odilon\/wp-json\/wp\/v2\/types\/page"}],"author":[{"embeddable":true,"href":"https:\/\/sites.ifi.unicamp.br\/odilon\/wp-json\/wp\/v2\/users\/48"}],"replies":[{"embeddable":true,"href":"https:\/\/sites.ifi.unicamp.br\/odilon\/wp-json\/wp\/v2\/comments?post=848"}],"version-history":[{"count":20,"href":"https:\/\/sites.ifi.unicamp.br\/odilon\/wp-json\/wp\/v2\/pages\/848\/revisions"}],"predecessor-version":[{"id":1074,"href":"https:\/\/sites.ifi.unicamp.br\/odilon\/wp-json\/wp\/v2\/pages\/848\/revisions\/1074"}],"up":[{"embeddable":true,"href":"https:\/\/sites.ifi.unicamp.br\/odilon\/wp-json\/wp\/v2\/pages\/48"}],"wp:attachment":[{"href":"https:\/\/sites.ifi.unicamp.br\/odilon\/wp-json\/wp\/v2\/media?parent=848"}],"curies":[{"name":"wp","href":"https:\/\/api.w.org\/{rel}","templated":true}]}}