{"id":95,"date":"2014-01-06T16:08:16","date_gmt":"2014-01-06T16:08:16","guid":{"rendered":"https:\/\/sites.ifi.unicamp.br\/modelodocente\/?page_id=77"},"modified":"2023-07-16T19:25:37","modified_gmt":"2023-07-16T22:25:37","slug":"quem-sou","status":"publish","type":"page","link":"https:\/\/sites.ifi.unicamp.br\/orlando\/","title":{"rendered":"Quem sou"},"content":{"rendered":"<p><a href=\"https:\/\/sites.ifi.unicamp.br\/orlando\/files\/2017\/12\/foto_orlando.jpg\"><img loading=\"lazy\" decoding=\"async\" class=\"alignnone size-medium wp-image-701\" src=\"https:\/\/sites.ifi.unicamp.br\/orlando\/files\/2017\/12\/foto_orlando-300x200.jpg\" alt=\"\" width=\"300\" height=\"200\" srcset=\"https:\/\/sites.ifi.unicamp.br\/orlando\/files\/2017\/12\/foto_orlando-300x200.jpg 300w, https:\/\/sites.ifi.unicamp.br\/orlando\/files\/2017\/12\/foto_orlando-768x512.jpg 768w, https:\/\/sites.ifi.unicamp.br\/orlando\/files\/2017\/12\/foto_orlando-1024x682.jpg 1024w, https:\/\/sites.ifi.unicamp.br\/orlando\/files\/2017\/12\/foto_orlando.jpg 1280w\" sizes=\"auto, (max-width: 300px) 100vw, 300px\" \/><\/a><\/p>\n<p style=\"color: #333333\">Seja bem-vindo a minha webpage. Eu sou professor (MS-6) do Departamento de Raios C\u00f3smicos e Cronologia (DRCC) do Instituto de F\u00edsica Gleb Wataghin (IFGW) da Universidade de Campinas (Unicamp).<\/p>\n<p style=\"color: #333333\">Minha linha de pesquisa \u00e9 focada em f\u00edsica de neutrinos e suas interessantes propriedades como oscila\u00e7\u00e3o de sabores, que transforma um neutrino de um tipo em outro tipo de neutrino.<\/p>\n<p style=\"color: #333333\">Nestas p\u00e1ginas, voc\u00ea encontrar\u00e1 mais informa\u00e7\u00f5es sobre meus interesses de pesquisa e os cursos que estou atualmente lecionando ou que lecionei &nbsp;na Unicamp.<\/p>\n<p><\/p>","protected":false},"excerpt":{"rendered":"<p>Seja bem-vindo a minha webpage. Eu sou professor (MS-6) do Departamento de Raios C\u00f3smicos e Cronologia (DRCC) do Instituto de F\u00edsica Gleb Wataghin (IFGW) da Universidade de Campinas (Unicamp). Minha linha de pesquisa \u00e9 focada em f\u00edsica de neutrinos e suas interessantes propriedades como oscila\u00e7\u00e3o de sabores, que transforma um neutrino de um tipo em &hellip; <\/p>\n<p><a class=\"more-link btn\" href=\"https:\/\/sites.ifi.unicamp.br\/orlando\/\">Continue lendo<\/a><\/p>\n","protected":false},"author":30,"featured_media":0,"parent":0,"menu_order":0,"comment_status":"open","ping_status":"open","template":"","meta":{"ngg_post_thumbnail":0,"footnotes":""},"class_list":["post-95","page","type-page","status-publish","hentry","nodate","item-wrap"],"_links":{"self":[{"href":"https:\/\/sites.ifi.unicamp.br\/orlando\/wp-json\/wp\/v2\/pages\/95","targetHints":{"allow":["GET"]}}],"collection":[{"href":"https:\/\/sites.ifi.unicamp.br\/orlando\/wp-json\/wp\/v2\/pages"}],"about":[{"href":"https:\/\/sites.ifi.unicamp.br\/orlando\/wp-json\/wp\/v2\/types\/page"}],"author":[{"embeddable":true,"href":"https:\/\/sites.ifi.unicamp.br\/orlando\/wp-json\/wp\/v2\/users\/30"}],"replies":[{"embeddable":true,"href":"https:\/\/sites.ifi.unicamp.br\/orlando\/wp-json\/wp\/v2\/comments?post=95"}],"version-history":[{"count":7,"href":"https:\/\/sites.ifi.unicamp.br\/orlando\/wp-json\/wp\/v2\/pages\/95\/revisions"}],"predecessor-version":[{"id":1036,"href":"https:\/\/sites.ifi.unicamp.br\/orlando\/wp-json\/wp\/v2\/pages\/95\/revisions\/1036"}],"wp:attachment":[{"href":"https:\/\/sites.ifi.unicamp.br\/orlando\/wp-json\/wp\/v2\/media?parent=95"}],"curies":[{"name":"wp","href":"https:\/\/api.w.org\/{rel}","templated":true}]}}