{"id":86,"date":"2013-12-06T12:24:32","date_gmt":"2013-12-06T12:24:32","guid":{"rendered":"https:\/\/sites.ifi.unicamp.br\/modelo\/?page_id=28"},"modified":"2014-03-24T13:14:18","modified_gmt":"2014-03-24T13:14:18","slug":"ensino","status":"publish","type":"page","link":"https:\/\/sites.ifi.unicamp.br\/oteschke\/ensino\/","title":{"rendered":"Ensino"},"content":{"rendered":"<p>Esta p\u00e1gina pode conter informa\u00e7\u00f5es sobre as disciplinas ministradas no IFGW pelo docente ou at\u00e9 mesmo sub-p\u00e1ginas para cada disciplina ministrada.<\/p>\n<p>Para adicionar sub-p\u00e1ginas basta escolher em &#8220;Atributtos de p\u00e1gina&#8221; no combo a &#8220;m\u00e3e&#8221;, a p\u00e1gina&#8221;Ensino&#8221; .<\/p>","protected":false},"excerpt":{"rendered":"<p>Esta p\u00e1gina pode conter informa\u00e7\u00f5es sobre as disciplinas ministradas no IFGW pelo docente ou at\u00e9 mesmo sub-p\u00e1ginas para cada disciplina ministrada. Para adicionar sub-p\u00e1ginas basta escolher em &#8220;Atributtos de p\u00e1gina&#8221; no combo a &#8220;m\u00e3e&#8221;, a p\u00e1gina&#8221;Ensino&#8221; .<\/p>\n","protected":false},"author":74,"featured_media":0,"parent":0,"menu_order":2,"comment_status":"open","ping_status":"closed","template":"","meta":{"ngg_post_thumbnail":0,"footnotes":""},"class_list":["post-86","page","type-page","status-publish","hentry","nodate","item-wrap"],"_links":{"self":[{"href":"https:\/\/sites.ifi.unicamp.br\/oteschke\/wp-json\/wp\/v2\/pages\/86","targetHints":{"allow":["GET"]}}],"collection":[{"href":"https:\/\/sites.ifi.unicamp.br\/oteschke\/wp-json\/wp\/v2\/pages"}],"about":[{"href":"https:\/\/sites.ifi.unicamp.br\/oteschke\/wp-json\/wp\/v2\/types\/page"}],"author":[{"embeddable":true,"href":"https:\/\/sites.ifi.unicamp.br\/oteschke\/wp-json\/wp\/v2\/users\/74"}],"replies":[{"embeddable":true,"href":"https:\/\/sites.ifi.unicamp.br\/oteschke\/wp-json\/wp\/v2\/comments?post=86"}],"version-history":[{"count":1,"href":"https:\/\/sites.ifi.unicamp.br\/oteschke\/wp-json\/wp\/v2\/pages\/86\/revisions"}],"predecessor-version":[{"id":136,"href":"https:\/\/sites.ifi.unicamp.br\/oteschke\/wp-json\/wp\/v2\/pages\/86\/revisions\/136"}],"wp:attachment":[{"href":"https:\/\/sites.ifi.unicamp.br\/oteschke\/wp-json\/wp\/v2\/media?parent=86"}],"curies":[{"name":"wp","href":"https:\/\/api.w.org\/{rel}","templated":true}]}}