{"id":95,"date":"2014-01-06T16:08:16","date_gmt":"2014-01-06T16:08:16","guid":{"rendered":"https:\/\/sites.ifi.unicamp.br\/modelodocente\/?page_id=77"},"modified":"2014-03-24T18:49:23","modified_gmt":"2014-03-24T18:49:23","slug":"quem-sou","status":"publish","type":"page","link":"https:\/\/sites.ifi.unicamp.br\/oteschke\/","title":{"rendered":"Dados pessoais"},"content":{"rendered":"<p><a href=\"https:\/\/sites.ifi.unicamp.br\/oteschke\/files\/2014\/03\/Image17.jpg\"><img loading=\"lazy\" decoding=\"async\" class=\" wp-image-151 alignleft\" alt=\"Image17\" src=\"https:\/\/sites.ifi.unicamp.br\/oteschke\/files\/2014\/03\/Image17-225x300.jpg\" width=\"108\" height=\"144\" srcset=\"https:\/\/sites.ifi.unicamp.br\/oteschke\/files\/2014\/03\/Image17-225x300.jpg 225w, https:\/\/sites.ifi.unicamp.br\/oteschke\/files\/2014\/03\/Image17-768x1024.jpg 768w\" sizes=\"auto, (max-width: 108px) 100vw, 108px\" \/><\/a><\/p>\n<p>&nbsp;<\/p>\n<p>Possuo gradua\u00e7\u00e3o em Engenharia El\u00e9trica pela Universidade Federal do Rio Grande do Sul(1967), mestrado em Engenharia El\u00e9trica pela Pontif\u00edcia Universidade Cat\u00f3lica do Rio de Janeiro(1969), doutorado em Fisica pela University of California System(1975) e p\u00f3s-doutorado pela Bell Telephone Laboratories(1977). Atualmente sou Professor Titular MS 6 da Universidade Estadual de Campinas. Tem experi\u00eancia na \u00e1rea de F\u00edsica, com \u00eanfase em \u00c1reas Cl\u00e1ssicas de Fenomenologia e suas Aplica\u00e7\u00f5es. Atuando principalmente nos seguintes temas:Laser de Corante, Excitacao Molecular, Geracao de Pulsos Luminosos.<\/p>","protected":false},"excerpt":{"rendered":"<p>&nbsp; Possuo gradua\u00e7\u00e3o em Engenharia El\u00e9trica pela Universidade Federal do Rio Grande do Sul(1967), mestrado em Engenharia El\u00e9trica pela Pontif\u00edcia Universidade Cat\u00f3lica do Rio de Janeiro(1969), doutorado em Fisica pela University of California System(1975) e p\u00f3s-doutorado pela Bell Telephone Laboratories(1977). Atualmente sou Professor Titular MS 6 da Universidade Estadual de Campinas. Tem experi\u00eancia na \u00e1rea &hellip; <\/p>\n<p><a class=\"more-link btn\" href=\"https:\/\/sites.ifi.unicamp.br\/oteschke\/\">Continue lendo<\/a><\/p>\n","protected":false},"author":74,"featured_media":0,"parent":0,"menu_order":0,"comment_status":"open","ping_status":"open","template":"","meta":{"ngg_post_thumbnail":0,"footnotes":""},"class_list":["post-95","page","type-page","status-publish","hentry","nodate","item-wrap"],"_links":{"self":[{"href":"https:\/\/sites.ifi.unicamp.br\/oteschke\/wp-json\/wp\/v2\/pages\/95","targetHints":{"allow":["GET"]}}],"collection":[{"href":"https:\/\/sites.ifi.unicamp.br\/oteschke\/wp-json\/wp\/v2\/pages"}],"about":[{"href":"https:\/\/sites.ifi.unicamp.br\/oteschke\/wp-json\/wp\/v2\/types\/page"}],"author":[{"embeddable":true,"href":"https:\/\/sites.ifi.unicamp.br\/oteschke\/wp-json\/wp\/v2\/users\/74"}],"replies":[{"embeddable":true,"href":"https:\/\/sites.ifi.unicamp.br\/oteschke\/wp-json\/wp\/v2\/comments?post=95"}],"version-history":[{"count":17,"href":"https:\/\/sites.ifi.unicamp.br\/oteschke\/wp-json\/wp\/v2\/pages\/95\/revisions"}],"predecessor-version":[{"id":199,"href":"https:\/\/sites.ifi.unicamp.br\/oteschke\/wp-json\/wp\/v2\/pages\/95\/revisions\/199"}],"wp:attachment":[{"href":"https:\/\/sites.ifi.unicamp.br\/oteschke\/wp-json\/wp\/v2\/media?parent=95"}],"curies":[{"name":"wp","href":"https:\/\/api.w.org\/{rel}","templated":true}]}}