{"id":95,"date":"2014-01-06T16:08:16","date_gmt":"2014-01-06T16:08:16","guid":{"rendered":"https:\/\/sites.ifi.unicamp.br\/modelodocente\/?page_id=77"},"modified":"2014-03-12T16:48:06","modified_gmt":"2014-03-12T16:48:06","slug":"quem-sou","status":"publish","type":"page","link":"https:\/\/sites.ifi.unicamp.br\/paixao\/","title":{"rendered":"Quem sou"},"content":{"rendered":"<p><img loading=\"lazy\" decoding=\"async\" class=\"alignleft size-full wp-image-107\" alt=\"nofoto\" src=\"https:\/\/sites.ifi.unicamp.br\/paixao\/files\/2014\/01\/nofoto.jpg\" width=\"142\" height=\"182\" \/>Possui gradua\u00e7\u00e3o em Bacharel em F\u00edsica pela Universidade Federal da Para\u00edba(1972), mestrado em F\u00edsica pela Universidade Estadual de Campinas(1976), doutorado em F\u00edsica pela Universidade Estadual de Campinas(1980) e p\u00f3s-doutorado pela Joint Institute For Laboratory Astrophysics(1985). Atualmente \u00e9 Professor associado da Universidade Estadual de Campinas e Revisor de peri\u00f3dico da the physical review letters. Tem experi\u00eancia na \u00e1rea de F\u00edsica, com \u00eanfase em F\u00edsica At\u00f4mica e Molecular. Atuando principalmente nos seguintes temas:Alinhamento e Orientacao, Aplicacao de Grupos Unitarios, Colisao Eletron-Atomo, Efeitos de Muitos Corpos, Espectro Rotovibracional Molecular e Regras de Selecao.<\/p>","protected":false},"excerpt":{"rendered":"<p>Possui gradua\u00e7\u00e3o em Bacharel em F\u00edsica pela Universidade Federal da Para\u00edba(1972), mestrado em F\u00edsica pela Universidade Estadual de Campinas(1976), doutorado em F\u00edsica pela Universidade Estadual de Campinas(1980) e p\u00f3s-doutorado pela Joint Institute For Laboratory Astrophysics(1985). Atualmente \u00e9 Professor associado da Universidade Estadual de Campinas e Revisor de peri\u00f3dico da the physical review letters. Tem experi\u00eancia &hellip; <\/p>\n<p><a class=\"more-link btn\" href=\"https:\/\/sites.ifi.unicamp.br\/paixao\/\">Continue lendo<\/a><\/p>\n","protected":false},"author":74,"featured_media":0,"parent":0,"menu_order":0,"comment_status":"open","ping_status":"open","template":"","meta":{"ngg_post_thumbnail":0,"footnotes":""},"class_list":["post-95","page","type-page","status-publish","hentry","nodate","item-wrap"],"_links":{"self":[{"href":"https:\/\/sites.ifi.unicamp.br\/paixao\/wp-json\/wp\/v2\/pages\/95","targetHints":{"allow":["GET"]}}],"collection":[{"href":"https:\/\/sites.ifi.unicamp.br\/paixao\/wp-json\/wp\/v2\/pages"}],"about":[{"href":"https:\/\/sites.ifi.unicamp.br\/paixao\/wp-json\/wp\/v2\/types\/page"}],"author":[{"embeddable":true,"href":"https:\/\/sites.ifi.unicamp.br\/paixao\/wp-json\/wp\/v2\/users\/74"}],"replies":[{"embeddable":true,"href":"https:\/\/sites.ifi.unicamp.br\/paixao\/wp-json\/wp\/v2\/comments?post=95"}],"version-history":[{"count":2,"href":"https:\/\/sites.ifi.unicamp.br\/paixao\/wp-json\/wp\/v2\/pages\/95\/revisions"}],"predecessor-version":[{"id":138,"href":"https:\/\/sites.ifi.unicamp.br\/paixao\/wp-json\/wp\/v2\/pages\/95\/revisions\/138"}],"wp:attachment":[{"href":"https:\/\/sites.ifi.unicamp.br\/paixao\/wp-json\/wp\/v2\/media?parent=95"}],"curies":[{"name":"wp","href":"https:\/\/api.w.org\/{rel}","templated":true}]}}