{"id":35,"date":"2014-03-17T15:27:41","date_gmt":"2014-03-17T15:27:41","guid":{"rendered":"https:\/\/sites.ifi.unicamp.br\/modelogrupo\/?page_id=35"},"modified":"2024-10-25T22:06:54","modified_gmt":"2024-10-26T01:06:54","slug":"links","status":"publish","type":"page","link":"https:\/\/sites.ifi.unicamp.br\/pibid\/links\/","title":{"rendered":"Edital &#8211; Professores"},"content":{"rendered":"<p><a href=\"https:\/\/sites.ifi.unicamp.br\/pibid\/files\/2024\/10\/Inscricoes-Homologadas-SUPERVISOR.pdf\">Inscri\u00e7\u00f5es Homologadas &#8211; SUPERVISOR<\/a><\/p>\n<p><a href=\"https:\/\/sites.ifi.unicamp.br\/pibid\/files\/2024\/10\/PIBID-Fisica-Unicamp-2024-Edital-Supervisores.pdf\">EDITAL PIBID &#8211; F\u00edsica Supervisores &#8211; 2024<\/a><\/p>\n<p><a href=\"https:\/\/sites.ifi.unicamp.br\/pibid\/files\/2024\/10\/APROVADOS-SUPERVISOR.pdf\">APROVADOS &#8211; SUPERVISOR<\/a><\/p>","protected":false},"excerpt":{"rendered":"<p>Inscri\u00e7\u00f5es Homologadas &#8211; SUPERVISOR EDITAL PIBID &#8211; F\u00edsica Supervisores &#8211; 2024 APROVADOS &#8211; SUPERVISOR<\/p>\n","protected":false},"author":239,"featured_media":0,"parent":0,"menu_order":0,"comment_status":"closed","ping_status":"closed","template":"","meta":{"ngg_post_thumbnail":0,"footnotes":""},"class_list":["post-35","page","type-page","status-publish","hentry","nodate","item-wrap"],"_links":{"self":[{"href":"https:\/\/sites.ifi.unicamp.br\/pibid\/wp-json\/wp\/v2\/pages\/35","targetHints":{"allow":["GET"]}}],"collection":[{"href":"https:\/\/sites.ifi.unicamp.br\/pibid\/wp-json\/wp\/v2\/pages"}],"about":[{"href":"https:\/\/sites.ifi.unicamp.br\/pibid\/wp-json\/wp\/v2\/types\/page"}],"author":[{"embeddable":true,"href":"https:\/\/sites.ifi.unicamp.br\/pibid\/wp-json\/wp\/v2\/users\/239"}],"replies":[{"embeddable":true,"href":"https:\/\/sites.ifi.unicamp.br\/pibid\/wp-json\/wp\/v2\/comments?post=35"}],"version-history":[{"count":2,"href":"https:\/\/sites.ifi.unicamp.br\/pibid\/wp-json\/wp\/v2\/pages\/35\/revisions"}],"predecessor-version":[{"id":107,"href":"https:\/\/sites.ifi.unicamp.br\/pibid\/wp-json\/wp\/v2\/pages\/35\/revisions\/107"}],"wp:attachment":[{"href":"https:\/\/sites.ifi.unicamp.br\/pibid\/wp-json\/wp\/v2\/media?parent=35"}],"curies":[{"name":"wp","href":"https:\/\/api.w.org\/{rel}","templated":true}]}}