{"id":83,"date":"2024-09-25T11:18:18","date_gmt":"2024-09-25T14:18:18","guid":{"rendered":"https:\/\/sites.ifi.unicamp.br\/pibid\/?page_id=83"},"modified":"2024-10-10T08:08:58","modified_gmt":"2024-10-10T11:08:58","slug":"noticias","status":"publish","type":"page","link":"https:\/\/sites.ifi.unicamp.br\/pibid\/noticias\/","title":{"rendered":"Edital &#8211; Estudantes"},"content":{"rendered":"<p>Nesta p\u00e1gina voc\u00eas ir\u00e3o encontrar o edital para inscri\u00e7\u00e3o no processo seletivo do programa. Ap\u00f3s ler o edital, voc\u00ea pode acessar o link para a inscri\u00e7\u00e3o.<\/p>\n<p><a href=\"https:\/\/sites.ifi.unicamp.br\/pibid\/files\/2024\/09\/PIBID-Fisica-Unicamp-2024-Edital-Bolsistas.pdf\">PIBID &#8211; F\u00edsica &#8211; Unicamp &#8211; 2024 &#8211; Edital &#8211; Bolsistas<\/a><\/p>\n<p>Inscri\u00e7\u00e3o: <a href=\"https:\/\/forms.gle\/KDLRN52QdVVLsaCd8\">https:\/\/forms.gle\/KDLRN52QdVVLsaCd8<\/a>&nbsp;&nbsp;<\/p>\n<p><a href=\"https:\/\/sites.ifi.unicamp.br\/pibid\/files\/2024\/10\/Retificacao-do-Cronograma.pdf\">Retifica\u00e7\u00e3o do Cronograma<\/a><\/p>\n<p><a href=\"https:\/\/sites.ifi.unicamp.br\/pibid\/files\/2024\/10\/Inscricoes-Homologadas.pdf\">Inscri\u00e7\u00f5es Homologadas<\/a><\/p>","protected":false},"excerpt":{"rendered":"<p>Nesta p\u00e1gina voc\u00eas ir\u00e3o encontrar o edital para inscri\u00e7\u00e3o no processo seletivo do programa. Ap\u00f3s ler o edital, voc\u00ea pode acessar o link para a inscri\u00e7\u00e3o. PIBID &#8211; F\u00edsica &#8211; Unicamp &#8211; 2024 &#8211; Edital &#8211; Bolsistas Inscri\u00e7\u00e3o: https:\/\/forms.gle\/KDLRN52QdVVLsaCd8&nbsp;&nbsp; Retifica\u00e7\u00e3o do Cronograma Inscri\u00e7\u00f5es Homologadas<\/p>\n","protected":false},"author":239,"featured_media":0,"parent":0,"menu_order":0,"comment_status":"closed","ping_status":"closed","template":"","meta":{"ngg_post_thumbnail":0,"footnotes":""},"class_list":["post-83","page","type-page","status-publish","hentry","nodate","item-wrap"],"_links":{"self":[{"href":"https:\/\/sites.ifi.unicamp.br\/pibid\/wp-json\/wp\/v2\/pages\/83","targetHints":{"allow":["GET"]}}],"collection":[{"href":"https:\/\/sites.ifi.unicamp.br\/pibid\/wp-json\/wp\/v2\/pages"}],"about":[{"href":"https:\/\/sites.ifi.unicamp.br\/pibid\/wp-json\/wp\/v2\/types\/page"}],"author":[{"embeddable":true,"href":"https:\/\/sites.ifi.unicamp.br\/pibid\/wp-json\/wp\/v2\/users\/239"}],"replies":[{"embeddable":true,"href":"https:\/\/sites.ifi.unicamp.br\/pibid\/wp-json\/wp\/v2\/comments?post=83"}],"version-history":[{"count":6,"href":"https:\/\/sites.ifi.unicamp.br\/pibid\/wp-json\/wp\/v2\/pages\/83\/revisions"}],"predecessor-version":[{"id":102,"href":"https:\/\/sites.ifi.unicamp.br\/pibid\/wp-json\/wp\/v2\/pages\/83\/revisions\/102"}],"wp:attachment":[{"href":"https:\/\/sites.ifi.unicamp.br\/pibid\/wp-json\/wp\/v2\/media?parent=83"}],"curies":[{"name":"wp","href":"https:\/\/api.w.org\/{rel}","templated":true}]}}