{"id":85,"date":"2013-12-06T12:23:58","date_gmt":"2013-12-06T12:23:58","guid":{"rendered":"http:\/\/sites.ifi.unicamp.br\/modelo\/?page_id=26"},"modified":"2025-11-24T14:54:48","modified_gmt":"2025-11-24T17:54:48","slug":"pesquisa","status":"publish","type":"page","link":"https:\/\/sites.ifi.unicamp.br\/plouis\/pesquisa\/","title":{"rendered":"Pesquisa"},"content":{"rendered":"<p><strong>Not\u00edcias:<\/strong><\/p>\n<p>No<a href=\"https:\/\/outreach.ictp-saifr.org\/especial-quantica\/\"> &#8220;Especial Qu\u00e2ntica&#8221;<\/a> do ICTP-SAIFR, a se\u00e7\u00e3o\u00a0<a href=\"https:\/\/outreach.ictp-saifr.org\/quantica-computacao-quantica-brasil\/#processadoresfotonicos\">Computa\u00e7\u00e3o Qu\u00e2ntica no Brasil: Processadores fot\u00f4nicos<\/a> fala do nosso trabalho para o desenvolvimento de processadores fot\u00f4nicos projetados no Brasil e quais as perspectivas desse tipo de dispositivo no futuro pr\u00f3ximo.<\/p>","protected":false},"excerpt":{"rendered":"<p>Not\u00edcias: No &#8220;Especial Qu\u00e2ntica&#8221; do ICTP-SAIFR, a se\u00e7\u00e3o\u00a0Computa\u00e7\u00e3o Qu\u00e2ntica no Brasil: Processadores fot\u00f4nicos fala do nosso trabalho para o desenvolvimento de processadores fot\u00f4nicos projetados no Brasil e quais as perspectivas desse tipo de dispositivo no futuro pr\u00f3ximo.<\/p>\n","protected":false},"author":7,"featured_media":0,"parent":0,"menu_order":1,"comment_status":"closed","ping_status":"closed","template":"","meta":{"footnotes":""},"class_list":["post-85","page","type-page","status-publish","hentry","nodate","item-wrap"],"_links":{"self":[{"href":"https:\/\/sites.ifi.unicamp.br\/plouis\/wp-json\/wp\/v2\/pages\/85","targetHints":{"allow":["GET"]}}],"collection":[{"href":"https:\/\/sites.ifi.unicamp.br\/plouis\/wp-json\/wp\/v2\/pages"}],"about":[{"href":"https:\/\/sites.ifi.unicamp.br\/plouis\/wp-json\/wp\/v2\/types\/page"}],"author":[{"embeddable":true,"href":"https:\/\/sites.ifi.unicamp.br\/plouis\/wp-json\/wp\/v2\/users\/7"}],"replies":[{"embeddable":true,"href":"https:\/\/sites.ifi.unicamp.br\/plouis\/wp-json\/wp\/v2\/comments?post=85"}],"version-history":[{"count":4,"href":"https:\/\/sites.ifi.unicamp.br\/plouis\/wp-json\/wp\/v2\/pages\/85\/revisions"}],"predecessor-version":[{"id":221,"href":"https:\/\/sites.ifi.unicamp.br\/plouis\/wp-json\/wp\/v2\/pages\/85\/revisions\/221"}],"wp:attachment":[{"href":"https:\/\/sites.ifi.unicamp.br\/plouis\/wp-json\/wp\/v2\/media?parent=85"}],"curies":[{"name":"wp","href":"https:\/\/api.w.org\/{rel}","templated":true}]}}