{"id":95,"date":"2014-01-06T16:08:16","date_gmt":"2014-01-06T16:08:16","guid":{"rendered":"http:\/\/sites.ifi.unicamp.br\/modelodocente\/?page_id=77"},"modified":"2025-09-04T11:10:19","modified_gmt":"2025-09-04T14:10:19","slug":"quem-sou","status":"publish","type":"page","link":"https:\/\/sites.ifi.unicamp.br\/plouis\/","title":{"rendered":"Quem sou"},"content":{"rendered":"<p><\/p>\n<table style=\"height: 195px\">\n<tbody>\n<tr style=\"height: 39px\">\n<td style=\"width: 50%;height: 39px\" rowspan=\"2\"><img fetchpriority=\"high\" decoding=\"async\" class=\" wp-image-218 alignleft\" src=\"https:\/\/sites.ifi.unicamp.br\/plouis\/files\/2025\/09\/Pierre-Louis-Photo-300x300.jpg\" alt=\"\" width=\"347\" height=\"347\" data-wp-editing=\"1\" srcset=\"https:\/\/sites.ifi.unicamp.br\/plouis\/files\/2025\/09\/Pierre-Louis-Photo-300x300.jpg 300w, https:\/\/sites.ifi.unicamp.br\/plouis\/files\/2025\/09\/Pierre-Louis-Photo-1024x1024.jpg 1024w, https:\/\/sites.ifi.unicamp.br\/plouis\/files\/2025\/09\/Pierre-Louis-Photo-150x150.jpg 150w, https:\/\/sites.ifi.unicamp.br\/plouis\/files\/2025\/09\/Pierre-Louis-Photo-768x767.jpg 768w, https:\/\/sites.ifi.unicamp.br\/plouis\/files\/2025\/09\/Pierre-Louis-Photo-1536x1534.jpg 1536w, https:\/\/sites.ifi.unicamp.br\/plouis\/files\/2025\/09\/Pierre-Louis-Photo-750x749.jpg 750w, https:\/\/sites.ifi.unicamp.br\/plouis\/files\/2025\/09\/Pierre-Louis-Photo.jpg 1824w\" sizes=\"(max-width: 347px) 100vw, 347px\" \/><\/td>\n<td style=\"width: 50%;height: 39px\"><span style=\"font-size: 14pt\"><strong>Hist\u00f3rico acad\u00eamico: <\/strong><\/span><\/p>\n<p>Fiz minha gradua\u00e7\u00e3o (2004), mestrado (2007) e doutorado (2011) na Universidade Federal de Minas Gerais. Entre 2012 e 2013 trabalhei em um p\u00f3s-doutorado no Institut N\u00e9el, em Grenoble, Fran\u00e7a. Entre 2014 e 2016, voltei \u00e0 UFMG para um outro p\u00f3s-doutorado. Desde 2017 sou professor no Departamento de F\u00edsica Aplicada do IFGW.<\/p>\n<p>Atualmente sou Professor Associado.<\/td>\n<\/tr>\n<tr style=\"height: 39px\">\n<td style=\"width: 50%;height: 39px\"><span style=\"font-size: 14pt\"><strong>Interesses de pesquisa: <\/strong><\/span><\/p>\n<p>Desde o doutorado, trabalho na \u00e1rea de <span style=\"color: #993300\"><strong>informa\u00e7\u00e3o qu\u00e2ntica experimental<\/strong><\/span>, com foco em <span style=\"color: #993300\"><strong>\u00f3ptica<\/strong><\/span>. Atualmente, meu principal interesse \u00e9 o desenvolvimento de tecnologias importantes para tornar poss\u00edvel o processamento de informa\u00e7\u00e3o qu\u00e2ntica utilizando luz.<\/p>\n<p>A <span style=\"color: #993300\"><strong>computa\u00e7\u00e3o qu\u00e2ntica<\/strong><\/span> \u00e9 muito promissora, mas ainda h\u00e1 um longo caminho at\u00e9 que seja poss\u00edvel utiliz\u00e1-la para <strong><span style=\"color: #993300\">resolver problemas relevantes para a sociedade<\/span><\/strong>.\u00a0 Para superar os muitos obst\u00e1culos neste caminho, devemos <span style=\"color: #993300\"><strong>desenvolver solu\u00e7\u00f5es inovadoras<\/strong><\/span> e <span style=\"color: #993300\"><strong>avan\u00e7ar o conhecimento<\/strong><\/span> em \u00e1reas como:<\/p>\n<ul>\n<li>Novos emissores de f\u00f3tons<\/li>\n<li>Novas arquiteturas e algoritmos para computa\u00e7\u00e3o qu\u00e2ntica fot\u00f4nica<\/li>\n<li>Projeto, fabrica\u00e7\u00e3o e controle de processadores fot\u00f4nicos<\/li>\n<li>Integra\u00e7\u00e3o de fontes, processador e detectores em um mesmo chip<\/li>\n<\/ul>\n<\/td>\n<\/tr>\n<\/tbody>\n<\/table>\n<p>&nbsp;<\/p>\n<p>&nbsp;<\/p>","protected":false},"excerpt":{"rendered":"<p>Hist\u00f3rico acad\u00eamico: Fiz minha gradua\u00e7\u00e3o (2004), mestrado (2007) e doutorado (2011) na Universidade Federal de Minas Gerais. Entre 2012 e 2013 trabalhei em um p\u00f3s-doutorado no Institut N\u00e9el, em Grenoble, Fran\u00e7a. Entre 2014 e 2016, voltei \u00e0 UFMG para um outro p\u00f3s-doutorado. Desde 2017 sou professor no Departamento de F\u00edsica Aplicada do IFGW. Atualmente sou &hellip; <\/p>\n<p><a class=\"more-link btn\" href=\"https:\/\/sites.ifi.unicamp.br\/plouis\/\">Continue lendo<\/a><\/p>\n","protected":false},"author":7,"featured_media":0,"parent":0,"menu_order":0,"comment_status":"closed","ping_status":"closed","template":"","meta":{"footnotes":""},"class_list":["post-95","page","type-page","status-publish","hentry","nodate","item-wrap"],"_links":{"self":[{"href":"https:\/\/sites.ifi.unicamp.br\/plouis\/wp-json\/wp\/v2\/pages\/95","targetHints":{"allow":["GET"]}}],"collection":[{"href":"https:\/\/sites.ifi.unicamp.br\/plouis\/wp-json\/wp\/v2\/pages"}],"about":[{"href":"https:\/\/sites.ifi.unicamp.br\/plouis\/wp-json\/wp\/v2\/types\/page"}],"author":[{"embeddable":true,"href":"https:\/\/sites.ifi.unicamp.br\/plouis\/wp-json\/wp\/v2\/users\/7"}],"replies":[{"embeddable":true,"href":"https:\/\/sites.ifi.unicamp.br\/plouis\/wp-json\/wp\/v2\/comments?post=95"}],"version-history":[{"count":3,"href":"https:\/\/sites.ifi.unicamp.br\/plouis\/wp-json\/wp\/v2\/pages\/95\/revisions"}],"predecessor-version":[{"id":219,"href":"https:\/\/sites.ifi.unicamp.br\/plouis\/wp-json\/wp\/v2\/pages\/95\/revisions\/219"}],"wp:attachment":[{"href":"https:\/\/sites.ifi.unicamp.br\/plouis\/wp-json\/wp\/v2\/media?parent=95"}],"curies":[{"name":"wp","href":"https:\/\/api.w.org\/{rel}","templated":true}]}}