{"id":32,"date":"2014-10-08T17:14:21","date_gmt":"2014-10-08T17:14:21","guid":{"rendered":"https:\/\/sites.ifi.unicamp.br\/qcd-tnt4\/?page_id=32"},"modified":"2015-09-09T01:02:49","modified_gmt":"2015-09-09T01:02:49","slug":"participants","status":"publish","type":"page","link":"https:\/\/sites.ifi.unicamp.br\/qcd-tnt4\/participants\/","title":{"rendered":"Participants"},"content":{"rendered":"<p><strong>List of participants<\/strong><\/p>\n<p>&nbsp;<\/p>\n<ol>\n<li>Arlene C. Aguilar &#8211; University of Campinas, Brazil<\/li>\n<li>Adnan Bashir\u00a0 &#8211; Universidad Michoacana de San Nicol\u00e1s de Hidalgo, Mexico<\/li>\n<li>Daniele Binosi &#8211; ECT* &#8211; Fondazione Bruno Kessler, Italy<\/li>\n<li>F\u00e1bio Braghin &#8211; UFGO, Goi\u00e1is, Brazil<\/li>\n<li>Stanley J. Brodsky &#8211; SLAC &#8211; Stanford University &#8211; USA<\/li>\n<li>Ian Cl\u00f6et &#8211; Argonne National Laboratory, USA<\/li>\n<li>Attilio Cucchieri &#8211; USP, Brazil<\/li>\n<li>David Dudal,\u00a0 &#8211; University of Leuven, Belgium<\/li>\n<li>Bruno El-Bennich (LFTC &#8211; University of Cruzeiro do Sul, Brazil)<\/li>\n<li>Jeff Greensite &#8211; San Francisco State University, USA<\/li>\n<li>Marcelo Guimar\u00e3es &#8211; UERJ, Brazil<\/li>\n<li>Bob Holdom &#8211; University of Toronto, Canada<\/li>\n<li>Markus Q. Huber -University of Graz &#8211; Austria<\/li>\n<li>Thomas Kl\u00e4hn &#8211; Wroclaw University, Poland<\/li>\n<li>Gast\u00e3o Krein &#8211; IFT &#8211; S\u00e3o Paulo State University, Brazil<\/li>\n<li>Beno\u00eet Loiseau &#8211; LPNHE, Jussieu, Paris, France<\/li>\n<li>Biagio Lucini &#8211; Swansea University, UK<\/li>\n<li>\u00a0Emerson G. S. Luna &#8211;\u00a0 UFRGS, Brazil<\/li>\n<li>F\u00e1tima Machado &#8211; University of Pittsburgh, USA<\/li>\n<li>Tereza Mendes\u00a0 &#8211; USP, S\u00e3o Paulo, Brazil<\/li>\n<li>Mario Mitter &#8211; Heidelberg University &#8211; Germany<\/li>\n<li>Adriano A. Natale &#8211; IFT &#8211; S\u00e3o Paulo State University, Brazil<\/li>\n<li>Orlando Oliveira &#8211; Coimbra University, Portugal<\/li>\n<li>Luis E Oxman &#8211; UFF, RJ, Brazil<\/li>\n<li>Let\u00edcia Palhares, UERJ, Brazil<\/li>\n<li>Joannis Papavassiliou &#8211; University of Valencia, Spain<\/li>\n<li>Owe Philipsen- University of Frankfurt, Germany<\/li>\n<li>Hugo Reinhardt &#8211; University of Tuebingen, Germany<\/li>\n<li>Craig D. Roberts &#8211; Argonne National Laboratory, USA<\/li>\n<li>Silvio P. Sorella &#8211; UERJ &#8211; Brazil<\/li>\n<li>Adam Szczepaniak &#8211; University of Indiana, USA<\/li>\n<li>Anthony Thomas &#8211; University of Adelaide, Australia<\/li>\n<li>Matthieu\u00a0 Tissier &#8211; LPTMC &#8211; Universit\u00e9 Pierre et Marie Curie, France<\/li>\n<\/ol>\n<p>&nbsp;<\/p>\n<p>Students:<\/p>\n<ol>\n<li>Jeyner Castro Cardona &#8211; Unicamp, SP, Brazil<\/li>\n<li>Ant\u00f4nio Maur\u00edcio S. N. Ferreira\u00a0 &#8211; Unicamp, SP, Brazil<\/li>\n<li>Clara Teixeira Figueiredo &#8211; Unicamp, SP, Brazil<\/li>\n<li><span class=\"il\">John<\/span> D. <span class=\"il\">Gomez,\u00a0 UFABC, SP &#8211; Brazil<\/span><\/li>\n<li>Igor Figueiredo Justo &#8211; UERJ, RJ, Brazil<\/li>\n<li>Gabriel da Costa Santos Rosa &#8211; UFF, RJ &#8211; Brazil<\/li>\n<li>Willian Matioli Serenone &#8211; USP &#8211; S\u00e3o Carlos, SP, Brazil<\/li>\n<li>Fernando Serna &#8211; IFT-Unesp<\/li>\n<\/ol>\n<p><\/p>","protected":false},"excerpt":{"rendered":"<p>List of participants &nbsp; Arlene C. Aguilar &#8211; University of Campinas, Brazil Adnan Bashir\u00a0 &#8211; Universidad Michoacana de San Nicol\u00e1s de Hidalgo, Mexico Daniele Binosi &#8211; ECT* &#8211; Fondazione Bruno Kessler, Italy F\u00e1bio Braghin &#8211; UFGO, Goi\u00e1is, Brazil Stanley J. Brodsky &#8211; SLAC &#8211; Stanford University &#8211; USA Ian Cl\u00f6et &#8211; Argonne National Laboratory, USA &hellip; <\/p>\n<p><a class=\"more-link btn\" href=\"https:\/\/sites.ifi.unicamp.br\/qcd-tnt4\/participants\/\">Continue reading<\/a><\/p>\n","protected":false},"author":74,"featured_media":0,"parent":0,"menu_order":5,"comment_status":"open","ping_status":"open","template":"","meta":{"ngg_post_thumbnail":0,"footnotes":""},"class_list":["post-32","page","type-page","status-publish","hentry","nodate","item-wrap"],"_links":{"self":[{"href":"https:\/\/sites.ifi.unicamp.br\/qcd-tnt4\/wp-json\/wp\/v2\/pages\/32","targetHints":{"allow":["GET"]}}],"collection":[{"href":"https:\/\/sites.ifi.unicamp.br\/qcd-tnt4\/wp-json\/wp\/v2\/pages"}],"about":[{"href":"https:\/\/sites.ifi.unicamp.br\/qcd-tnt4\/wp-json\/wp\/v2\/types\/page"}],"author":[{"embeddable":true,"href":"https:\/\/sites.ifi.unicamp.br\/qcd-tnt4\/wp-json\/wp\/v2\/users\/74"}],"replies":[{"embeddable":true,"href":"https:\/\/sites.ifi.unicamp.br\/qcd-tnt4\/wp-json\/wp\/v2\/comments?post=32"}],"version-history":[{"count":50,"href":"https:\/\/sites.ifi.unicamp.br\/qcd-tnt4\/wp-json\/wp\/v2\/pages\/32\/revisions"}],"predecessor-version":[{"id":68,"href":"https:\/\/sites.ifi.unicamp.br\/qcd-tnt4\/wp-json\/wp\/v2\/pages\/32\/revisions\/68"}],"wp:attachment":[{"href":"https:\/\/sites.ifi.unicamp.br\/qcd-tnt4\/wp-json\/wp\/v2\/media?parent=32"}],"curies":[{"name":"wp","href":"https:\/\/api.w.org\/{rel}","templated":true}]}}