{"id":45,"date":"2014-10-24T17:45:37","date_gmt":"2014-10-24T17:45:37","guid":{"rendered":"https:\/\/sites.ifi.unicamp.br\/qinfunicamp\/?page_id=45"},"modified":"2014-10-24T17:45:56","modified_gmt":"2014-10-24T17:45:56","slug":"contact","status":"publish","type":"page","link":"https:\/\/sites.ifi.unicamp.br\/qinfunicamp\/contact\/","title":{"rendered":"Contact"},"content":{"rendered":"<p>Marcos Cesar de Oliveira<\/p>\n<p>Universidade Estadual de Campinas \u2013 UNICAMP<br \/>\nInstituto de F\u00edsica \u201cGleb Wataghin\u201d<br \/>\nDepartamento de F\u00edsica da Mat\u00e9ria Condensada<br \/>\nRua S\u00e9rgio Buarque de Holanda 777<br \/>\nCidade Universit\u00e1ria Zeferino Vaz<br \/>\n13083-859 Campinas SP -Brasil<\/p>\n<p>E-mail: marcos@<span class=\"skimlinks-unlinked\">ifi.unicamp.br<\/span><\/p>\n<p>Phone: +55 19 3521 5488<br \/>\nFax: +55 19 3521 4146<\/p>","protected":false},"excerpt":{"rendered":"<p>Marcos Cesar de Oliveira Universidade Estadual de Campinas \u2013 UNICAMP Instituto de F\u00edsica \u201cGleb Wataghin\u201d Departamento de F\u00edsica da Mat\u00e9ria Condensada Rua S\u00e9rgio Buarque de Holanda 777 Cidade Universit\u00e1ria Zeferino Vaz 13083-859 Campinas SP -Brasil E-mail: marcos@ifi.unicamp.br Phone: +55 19 3521 5488 Fax: +55 19 3521 4146<\/p>\n","protected":false},"author":74,"featured_media":0,"parent":0,"menu_order":0,"comment_status":"open","ping_status":"open","template":"","meta":{"ngg_post_thumbnail":0,"footnotes":""},"class_list":["post-45","page","type-page","status-publish","hentry","nodate","item-wrap"],"_links":{"self":[{"href":"https:\/\/sites.ifi.unicamp.br\/qinfunicamp\/wp-json\/wp\/v2\/pages\/45","targetHints":{"allow":["GET"]}}],"collection":[{"href":"https:\/\/sites.ifi.unicamp.br\/qinfunicamp\/wp-json\/wp\/v2\/pages"}],"about":[{"href":"https:\/\/sites.ifi.unicamp.br\/qinfunicamp\/wp-json\/wp\/v2\/types\/page"}],"author":[{"embeddable":true,"href":"https:\/\/sites.ifi.unicamp.br\/qinfunicamp\/wp-json\/wp\/v2\/users\/74"}],"replies":[{"embeddable":true,"href":"https:\/\/sites.ifi.unicamp.br\/qinfunicamp\/wp-json\/wp\/v2\/comments?post=45"}],"version-history":[{"count":2,"href":"https:\/\/sites.ifi.unicamp.br\/qinfunicamp\/wp-json\/wp\/v2\/pages\/45\/revisions"}],"predecessor-version":[{"id":48,"href":"https:\/\/sites.ifi.unicamp.br\/qinfunicamp\/wp-json\/wp\/v2\/pages\/45\/revisions\/48"}],"wp:attachment":[{"href":"https:\/\/sites.ifi.unicamp.br\/qinfunicamp\/wp-json\/wp\/v2\/media?parent=45"}],"curies":[{"name":"wp","href":"https:\/\/api.w.org\/{rel}","templated":true}]}}