{"id":32,"date":"2014-03-17T13:53:09","date_gmt":"2014-03-17T13:53:09","guid":{"rendered":"https:\/\/sites.ifi.unicamp.br\/modelogrupo\/?page_id=25"},"modified":"2019-06-11T21:27:01","modified_gmt":"2019-06-12T00:27:01","slug":"o-grupo","status":"publish","type":"page","link":"https:\/\/sites.ifi.unicamp.br\/raios-cosmicos\/","title":{"rendered":"O Grupo"},"content":{"rendered":"<p>O Grupo de Raios C\u00f3smicos do DRCC se ocupa de estudos e pesquisas sobre os Raios C\u00f3smicos, em especial os de alt\u00edssimas energias. Estuda novas gera\u00e7\u00f5es de detectores para esses raios c\u00f3smicos. Estuda tamb\u00e9m os detectores de superf\u00edcie do Observat\u00f3rio Pierre Auger. O grupo tem estreita intera\u00e7\u00e3o com o Observat\u00f3rio.<\/p>\n<p>Para conhecer as linhas de pesquisa <a href=\"https:\/\/sites.ifi.unicamp.br\/raios-cosmicos\/pesquisa\/\" target=\"_blank\" rel=\"noopener noreferrer\">clique aqui<\/a><\/p>","protected":false},"excerpt":{"rendered":"<p>O Grupo de Raios C\u00f3smicos do DRCC se ocupa de estudos e pesquisas sobre os Raios C\u00f3smicos, em especial os de alt\u00edssimas energias. Estuda novas gera\u00e7\u00f5es de detectores para esses raios c\u00f3smicos. Estuda tamb\u00e9m os detectores de superf\u00edcie do Observat\u00f3rio Pierre Auger. O grupo tem estreita intera\u00e7\u00e3o com o Observat\u00f3rio. Para conhecer as linhas de &hellip; <\/p>\n<p><a class=\"more-link btn\" href=\"https:\/\/sites.ifi.unicamp.br\/raios-cosmicos\/\">Continue lendo<\/a><\/p>\n","protected":false},"author":100,"featured_media":0,"parent":0,"menu_order":0,"comment_status":"closed","ping_status":"closed","template":"","meta":{"ngg_post_thumbnail":0,"footnotes":""},"class_list":["post-32","page","type-page","status-publish","hentry","nodate","item-wrap"],"_links":{"self":[{"href":"https:\/\/sites.ifi.unicamp.br\/raios-cosmicos\/wp-json\/wp\/v2\/pages\/32","targetHints":{"allow":["GET"]}}],"collection":[{"href":"https:\/\/sites.ifi.unicamp.br\/raios-cosmicos\/wp-json\/wp\/v2\/pages"}],"about":[{"href":"https:\/\/sites.ifi.unicamp.br\/raios-cosmicos\/wp-json\/wp\/v2\/types\/page"}],"author":[{"embeddable":true,"href":"https:\/\/sites.ifi.unicamp.br\/raios-cosmicos\/wp-json\/wp\/v2\/users\/100"}],"replies":[{"embeddable":true,"href":"https:\/\/sites.ifi.unicamp.br\/raios-cosmicos\/wp-json\/wp\/v2\/comments?post=32"}],"version-history":[{"count":6,"href":"https:\/\/sites.ifi.unicamp.br\/raios-cosmicos\/wp-json\/wp\/v2\/pages\/32\/revisions"}],"predecessor-version":[{"id":109,"href":"https:\/\/sites.ifi.unicamp.br\/raios-cosmicos\/wp-json\/wp\/v2\/pages\/32\/revisions\/109"}],"wp:attachment":[{"href":"https:\/\/sites.ifi.unicamp.br\/raios-cosmicos\/wp-json\/wp\/v2\/media?parent=32"}],"curies":[{"name":"wp","href":"https:\/\/api.w.org\/{rel}","templated":true}]}}