{"id":85,"date":"2013-12-06T12:23:58","date_gmt":"2013-12-06T12:23:58","guid":{"rendered":"https:\/\/sites.ifi.unicamp.br\/modelo\/?page_id=26"},"modified":"2014-03-11T17:12:37","modified_gmt":"2014-03-11T17:12:37","slug":"pesquisa","status":"publish","type":"page","link":"https:\/\/sites.ifi.unicamp.br\/rbmerlo\/pesquisa\/","title":{"rendered":"Pesquisa"},"content":{"rendered":"<p><\/p>\n<div>\n<div><b>2008 &#8211; 2011<\/b><\/div>\n<\/div>\n<div>\n<div>Supercondutividade e ferromagnetismo em sistemas baseados em carbono<\/div>\n<\/div>\n<div>\n<div><b>\u00a0<\/b><\/div>\n<\/div>\n<div>\n<div>Situa\u00e7\u00e3o: Conclu\u00eddo; Natureza: Pesquisa.<\/p>\n<p>Integrantes: Rafael Borges Merlo &#8211; Coordenador.<\/p><\/div>\n<\/div>\n<p><a tabindex=\"65\" name=\"PP_Oscila\u00e7\u00f5es qu\u00e2nticas em semimetais: grafite e bismuto\"><\/a><\/p>\n<div>\n<div><b>2007 &#8211; 2008<\/b><\/div>\n<\/div>\n<div>\n<div>Oscila\u00e7\u00f5es qu\u00e2nticas em semimetais: grafite e bismuto<\/div>\n<\/div>\n<div>\n<div><b>\u00a0<\/b><\/div>\n<\/div>\n<div>\n<div>Situa\u00e7\u00e3o: Em andamento; Natureza: Pesquisa.<\/p>\n<p>Integrantes: Rafael Borges Merlo &#8211; Integrante \/ Iakov Veniaminovitch Kopelevitch &#8211; Coordenador.<\/p><\/div>\n<\/div>\n<p><\/p>","protected":false},"excerpt":{"rendered":"<p>2008 &#8211; 2011 Supercondutividade e ferromagnetismo em sistemas baseados em carbono \u00a0 Situa\u00e7\u00e3o: Conclu\u00eddo; Natureza: Pesquisa. Integrantes: Rafael Borges Merlo &#8211; Coordenador. 2007 &#8211; 2008 Oscila\u00e7\u00f5es qu\u00e2nticas em semimetais: grafite e bismuto \u00a0 Situa\u00e7\u00e3o: Em andamento; Natureza: Pesquisa. Integrantes: Rafael Borges Merlo &#8211; Integrante \/ Iakov Veniaminovitch Kopelevitch &#8211; Coordenador.<\/p>\n","protected":false},"author":5,"featured_media":0,"parent":0,"menu_order":1,"comment_status":"closed","ping_status":"closed","template":"","meta":{"ngg_post_thumbnail":0,"footnotes":""},"class_list":["post-85","page","type-page","status-publish","hentry","nodate","item-wrap"],"_links":{"self":[{"href":"https:\/\/sites.ifi.unicamp.br\/rbmerlo\/wp-json\/wp\/v2\/pages\/85","targetHints":{"allow":["GET"]}}],"collection":[{"href":"https:\/\/sites.ifi.unicamp.br\/rbmerlo\/wp-json\/wp\/v2\/pages"}],"about":[{"href":"https:\/\/sites.ifi.unicamp.br\/rbmerlo\/wp-json\/wp\/v2\/types\/page"}],"author":[{"embeddable":true,"href":"https:\/\/sites.ifi.unicamp.br\/rbmerlo\/wp-json\/wp\/v2\/users\/5"}],"replies":[{"embeddable":true,"href":"https:\/\/sites.ifi.unicamp.br\/rbmerlo\/wp-json\/wp\/v2\/comments?post=85"}],"version-history":[{"count":2,"href":"https:\/\/sites.ifi.unicamp.br\/rbmerlo\/wp-json\/wp\/v2\/pages\/85\/revisions"}],"predecessor-version":[{"id":141,"href":"https:\/\/sites.ifi.unicamp.br\/rbmerlo\/wp-json\/wp\/v2\/pages\/85\/revisions\/141"}],"wp:attachment":[{"href":"https:\/\/sites.ifi.unicamp.br\/rbmerlo\/wp-json\/wp\/v2\/media?parent=85"}],"curies":[{"name":"wp","href":"https:\/\/api.w.org\/{rel}","templated":true}]}}