{"id":95,"date":"2014-01-06T16:08:16","date_gmt":"2014-01-06T16:08:16","guid":{"rendered":"https:\/\/sites.ifi.unicamp.br\/modelodocente\/?page_id=77"},"modified":"2018-05-15T18:52:20","modified_gmt":"2018-05-15T18:52:20","slug":"quem-sou","status":"publish","type":"page","link":"https:\/\/sites.ifi.unicamp.br\/rbmerlo\/","title":{"rendered":"Quem sou"},"content":{"rendered":"<p><img decoding=\"async\" class=\"wp-image-152 size-full alignleft\" src=\"https:\/\/sites.ifi.unicamp.br\/rbmerlo\/files\/2018\/05\/foto_lattes-e1526409757278.jpg\" alt=\"\" width=\"150\" height=\"164\">Sou Assistente de Pesquisa no Instituto de F\u00edsica Gleb Wataghin desde 2010, prestando suporte \u00e0s atividades do Grupo de Pesquisas Fotovolt\u00e1icas do Departamento de F\u00edsica Aplicada. Sou especialista em F\u00edsica Experimental, V\u00e1cuo e Criogenia, com \u00eanfase em T\u00e9cnicas de Fabrica\u00e7\u00e3o e Caracteriza\u00e7\u00e3o de Filmes Finos aplicados \u00e0s \u00e1reas de Materiais Fotovolt\u00e1icos, Microeletr\u00f4nica e Metalurgia, entre outras.<\/p>\n<p>Tenho experi\u00eancia em Ensino Superior, lecionando disciplinas nas \u00e1reas de F\u00edsica Geral e Matem\u00e1tica B\u00e1sica (2012-2014). Sou Mestre em F\u00edsica pela UNICAMP (2011) e graduado em Bacharelado (2008) e Licenciatura (2010) em F\u00edsica pela UNICAMP.<\/p>\n<p>Sou T\u00e9cnico em Mec\u00e2nica formado pelo Col\u00e9gio T\u00e9cnico de Campinas &#8211; COTUCA (2001), com experi\u00eancia na Ind\u00fastria Mec\u00e2nica nas \u00e1reas de Desenvolvimento de Produtos, Desenho T\u00e9cnico e Projetos Mec\u00e2nicos.<\/p>","protected":false},"excerpt":{"rendered":"<p>Sou Assistente de Pesquisa no Instituto de F\u00edsica Gleb Wataghin desde 2010, prestando suporte \u00e0s atividades do Grupo de Pesquisas Fotovolt\u00e1icas do Departamento de F\u00edsica Aplicada. Sou especialista em F\u00edsica Experimental, V\u00e1cuo e Criogenia, com \u00eanfase em T\u00e9cnicas de Fabrica\u00e7\u00e3o e Caracteriza\u00e7\u00e3o de Filmes Finos aplicados \u00e0s \u00e1reas de Materiais Fotovolt\u00e1icos, Microeletr\u00f4nica e Metalurgia, entre &hellip; <\/p>\n<p><a class=\"more-link btn\" href=\"https:\/\/sites.ifi.unicamp.br\/rbmerlo\/\">Continue lendo<\/a><\/p>\n","protected":false},"author":82,"featured_media":0,"parent":0,"menu_order":0,"comment_status":"open","ping_status":"open","template":"","meta":{"ngg_post_thumbnail":0,"footnotes":""},"class_list":["post-95","page","type-page","status-publish","hentry","nodate","item-wrap"],"_links":{"self":[{"href":"https:\/\/sites.ifi.unicamp.br\/rbmerlo\/wp-json\/wp\/v2\/pages\/95","targetHints":{"allow":["GET"]}}],"collection":[{"href":"https:\/\/sites.ifi.unicamp.br\/rbmerlo\/wp-json\/wp\/v2\/pages"}],"about":[{"href":"https:\/\/sites.ifi.unicamp.br\/rbmerlo\/wp-json\/wp\/v2\/types\/page"}],"author":[{"embeddable":true,"href":"https:\/\/sites.ifi.unicamp.br\/rbmerlo\/wp-json\/wp\/v2\/users\/82"}],"replies":[{"embeddable":true,"href":"https:\/\/sites.ifi.unicamp.br\/rbmerlo\/wp-json\/wp\/v2\/comments?post=95"}],"version-history":[{"count":6,"href":"https:\/\/sites.ifi.unicamp.br\/rbmerlo\/wp-json\/wp\/v2\/pages\/95\/revisions"}],"predecessor-version":[{"id":155,"href":"https:\/\/sites.ifi.unicamp.br\/rbmerlo\/wp-json\/wp\/v2\/pages\/95\/revisions\/155"}],"wp:attachment":[{"href":"https:\/\/sites.ifi.unicamp.br\/rbmerlo\/wp-json\/wp\/v2\/media?parent=95"}],"curies":[{"name":"wp","href":"https:\/\/api.w.org\/{rel}","templated":true}]}}