{"id":34,"date":"2013-10-03T12:14:11","date_gmt":"2013-10-03T15:14:11","guid":{"rendered":"https:\/\/sites.ifi.unicamp.br\/retinhaxxv\/?page_id=34"},"modified":"2013-11-20T15:02:01","modified_gmt":"2013-11-20T18:02:01","slug":"acomodacao","status":"publish","type":"page","link":"https:\/\/sites.ifi.unicamp.br\/retinhaxxv\/acomodacao\/","title":{"rendered":"Acomoda\u00e7\u00e3o"},"content":{"rendered":"<p><\/p>\n<h2><strong>Estadia<a href=\"https:\/\/sites.ifi.unicamp.br\/retinhaxxv\/files\/2013\/10\/hotel_wifi1.jpg\"><img loading=\"lazy\" decoding=\"async\" class=\"alignright size-thumbnail wp-image-124\" alt=\"\" src=\"https:\/\/sites.ifi.unicamp.br\/retinhaxxv\/files\/2013\/10\/hotel_wifi1-150x150.jpg\" width=\"150\" height=\"150\" srcset=\"https:\/\/sites.ifi.unicamp.br\/retinhaxxv\/files\/2013\/10\/hotel_wifi1-150x150.jpg 150w, https:\/\/sites.ifi.unicamp.br\/retinhaxxv\/files\/2013\/10\/hotel_wifi1.jpg 224w\" sizes=\"auto, (max-width: 150px) 100vw, 150px\" \/><\/a><\/strong><\/h2>\n<p style=\"text-align: justify\">A cidade de Campinas constitui um centro comercial, industrial, tecnol\u00f3gico e empresarial, caracterizado por um padr\u00e3o econ\u00f4mico relativamente elevado. Embora a cidade possua uma rede hoteleira ampla, diversificada e at\u00e9\u00a0 sofisticada, os pre\u00e7os, em geral, n\u00e3o s\u00e3o econ\u00f4micos.<\/p>\n<p style=\"text-align: justify\">Por outro lado, o Distrito de Bar\u00e3o Geraldo (BG), com perto de 65.000 residentes (50.000 flutuantes), possui 2 hot\u00e9is de bom padr\u00e3o (um no interior do campus da Unicamp, outro no centro do distrito) e um grande n\u00famero de pousadas, pens\u00f5es, pensionatos, hostels, de padr\u00f5es diferenciados e pre\u00e7os acess\u00edveis. Dado o crescimento nos \u00faltimos anos, a regi\u00e3o central do distrito de BG possui tamb\u00e9m op\u00e7\u00f5es diversificadas de bons restaurantes, bares e caf\u00e9s. Localizando-se o campus da Unicamp a apenas 2 Km do centro do distrito, pode-se caminhar (perto de 20 min em ruas e avenidas arborizadas), utilizar taxi ou\u00a0 \u00f4nibus urbano (sa\u00edda do Terminal no centro de BG).<\/p>\n<p style=\"text-align: justify\">Pelas raz\u00f5es acima, nossa sugest\u00e3o \u00e9 que a hospedagem seja concentrada em BG. Para tanto, ap\u00f3s uma verifica\u00e7\u00e3o in loco de v\u00e1rias op\u00e7\u00f5es, elaboramos uma lista ordenada de sugest\u00f5es, levando em conta: (1) infra-estrutura, (2) acesso ao local do evento, (3) pre\u00e7o. A lista \u00e9 apresentada a seguir, juntamente com outras informa\u00e7\u00f5es.<\/p>\n<p style=\"text-align: justify\"><strong>Importante:<\/strong> Nos casos poss\u00edveis, efetuamos o bloqueio de um n\u00famero razo\u00e1vel de reservas, at\u00e9 a <span style=\"text-decoration: underline\"><span style=\"color: #ff0000;text-decoration: underline\">data limite de 15 de dezembro<\/span><\/span><strong><\/strong><strong>. <\/strong>Devido aos cursos de ver\u00e3o, eventos e outras atividades no campus em janeiro e fevereiro, \u00e9 fundamental que as reservas sejam confirmadas at\u00e9 a data acima. A partir dela, as op\u00e7\u00f5es diminuem e n\u00e3o teremos condi\u00e7\u00f5es de garantir reservas.<\/p>\n<p style=\"text-align: justify\"><strong><span style=\"color: #ff0000\">Aten\u00e7\u00e3o:<\/span> <strong>Somente para reservas nos hot\u00e9is, e<\/strong>nviar email para Cristina no endere\u00e7o <span style=\"color: #ff0000\">retinhaxxv@gmail.com<\/span> . N\u00e3o se esque\u00e7a de especificar no email:<\/strong><\/p>\n<ol>\n<li><strong>Hor\u00e1rio estimado da entrada:<\/strong><\/li>\n<li><strong>Data de entrada: <\/strong><\/li>\n<li><strong>Data de sa\u00edda. <\/strong><\/li>\n<\/ol>\n<p style=\"text-align: justify\"><strong>As reservas para as pousadas e hostel devem ser feitas diretamente com eles por telefone ou site.<\/strong><\/p>\n<h2><strong>Sugest\u00f5es de Hot\u00e9is:<\/strong><\/h2>\n<p style=\"text-align: justify\">Reservas: <span style=\"color: #ff0000\">at\u00e9 15 de dezembro de 2013<\/span>.<\/p>\n<p style=\"text-align: justify\">Enviar nome completo atrav\u00e9s do email: <span style=\"color: #ff0000\">retinhaxxv@gmail.com<\/span> especificando a op\u00e7\u00e3o\u00a0 desejada. No caso de alojamentos duplos\/triplos, informar se h\u00e1 ou n\u00e3o prefer\u00eancia por colega de quarto (em caso afirmativo, informe nome completo).<\/p>\n<p><span style=\"text-decoration: underline\"><span style=\"color: #ff0000;text-decoration: underline\">1. Casa do Professor Visitante (CPV)<\/span><\/span><\/p>\n<ul>\n<li>Av. \u00c9rico Ver\u00edssimo, 1251, Campus da Unicamp;<\/li>\n<li>tel: (19) 3521-2809 \/ (19) 3521-2810.<\/li>\n<li><a href=\"http:\/\/www.funcamp.unicamp.br\/cpv\/\">http:\/\/www.funcamp.unicamp.br\/cpv\/ <\/a><\/li>\n<li><span style=\"text-decoration: underline\">Valores das di\u00e1rias (quartos) descritos no site (de R$ 165,00 a 215,00).<\/span><\/li>\n<li>Di\u00e1rias incluem caf\u00e9 da manh\u00e3, acesso Internet Wi-fi, estacionamento.<\/li>\n<li>Dist\u00e2ncia ao IFGW: 300 m.<\/li>\n<\/ul>\n<p><span style=\"text-decoration: underline\"><span style=\"color: #ff0000;text-decoration: underline\">2.\u00a0 Hotel Sol Inn Bar\u00e3o Geraldo<\/span><\/span><\/p>\n<ul>\n<li>Av. Albino J. B. de Oliveira, 1700 &#8211; Centro de Bar\u00e3o Geraldo;<\/li>\n<li>Tel: (19) 3749-8500.<\/li>\n<li><a href=\"http:\/\/www.hotelariabrasil.com.br\/solinnbaraogeraldo\/\">http:\/\/www.hotelariabrasil.com.br\/solinnbaraogeraldo\/<\/a><\/li>\n<li>Valores das di\u00e1rias (quarto) com conv\u00eanio da Unicamp (+ 5% ISS)<\/li>\n<li><span style=\"text-decoration: underline\">Pre\u00e7os sujeitos a altera\u00e7\u00f5es:<\/span><\/li>\n<li><span style=\"text-decoration: underline\">individual R$ 216,00; duplo R$ 240,00; triplo R$ 300,00.<\/span><\/li>\n<li>Caf\u00e9 da manh\u00e3 R$ 16,50 por pessoa.<\/li>\n<li>Di\u00e1rias incluem: acesso Internet Wi-fi, estacionamento e academia.<\/li>\n<li>Dist\u00e2ncia da Unicamp: 1,7 km (20 minutos caminhando).<\/li>\n<li>Ponto de taxi em frente ao hotel; terminal de \u00f4nibus a 500 m.<\/li>\n<\/ul>\n<h2><strong>Sugest\u00f5es de Pousadas e Hostel:<\/strong><\/h2>\n<p style=\"text-align: justify\">Reservas: at\u00e9 <span style=\"color: #ff0000\">15 de dezembro de 2013<\/span>, <span style=\"text-decoration: underline\"><span style=\"color: #3366ff;text-decoration: underline\">diretamente no endere\u00e7o (tel\/site) da pousada\/hostel<\/span><\/span>, utilizando como c\u00f3digo de refer\u00eancia retinha25.<\/p>\n<p style=\"text-align: justify\">Todas as sugest\u00f5es localizam-se no centro de Bar\u00e3o Geraldo.<\/p>\n<p style=\"text-align: justify\"><span style=\"text-decoration: underline\"><span style=\"color: #ff0000;text-decoration: underline\">1-Pousada Universit\u00e1ria<\/span><\/span><\/p>\n<ul>\n<li>Rua Antonio Galv\u00e3o de Oliveira Barros, 101<\/li>\n<li>Tel: (19) 3308-6656.<\/li>\n<li><a href=\"http:\/\/pousadauniversitaria.com.br\/\">http:\/\/pousadauniversitaria.com.br\/<\/a><\/li>\n<li><span style=\"text-decoration: underline\">Valores das di\u00e1rias descritos no site (entre R$ 95,00 e R$ 198,00).<\/span><\/li>\n<li>Quartos individuais, duplos ou triplos.<\/li>\n<li>Di\u00e1rias incluem: caf\u00e9 da manh\u00e3, acesso Internet Wi-fi, estacionamento, roupa de cama e banho.<\/li>\n<li>Descri\u00e7\u00e3o: todos quartos com banheiros privativos, frigobar e TV a cabo.<\/li>\n<li>Dist\u00e2ncia da Unicamp: 2 Km (20-25 minutos caminhando).<\/li>\n<li>Terminal de \u00f4nibus e ponto de t\u00e1xi a 120 m.<\/li>\n<\/ul>\n<p><span style=\"color: #ff0000\">2-Pousada Solar dos P\u00e1ssaros<\/span><\/p>\n<ul>\n<li>Rua Jean Nassif Mokarzel, 201;<\/li>\n<li>\u00a0Tel: (19) 3288-09 12 e (19) 2121-0925.<\/li>\n<li><a href=\"http:\/\/www.pousadasolardospassaros.com\/\">http:\/\/www.pousadasolardospassaros.com\/<\/a><\/li>\n<li><span style=\"text-decoration: underline\">Pre\u00e7os por quarto (sujeitos a altera\u00e7\u00f5es):<\/span><\/li>\n<li><span style=\"text-decoration: underline\">duplos com\/sem banheiro privativo (R$ 160,00 \/ R$ 120,00 respectivamente );<\/span><\/li>\n<li><span style=\"text-decoration: underline\">triplos com\/sem banheiro privativo (R$ 210,00 \/ R$ 150,00 respectivamente ).<\/span><\/li>\n<li>Di\u00e1rias incluem: caf\u00e9 da manh\u00e3, acesso Internet Wi-fi, estacionamento (poucas vagas),\u00a0 roupa de cama e banho .<\/li>\n<li>Descri\u00e7\u00e3o: casa convertida em pousada, alguns quartos contam com banheiros privativos outros n\u00e3o (especificar a op\u00e7\u00e3o com o sem banheiro privativo no momento da reserva); sala de TV coletiva, piscina (n\u00e3o \u00e9 oferecido toalhas adicionais para piscina).<\/li>\n<li>Dist\u00e2ncia da Unicamp: 1,5 Km (15 minutos caminhando).<\/li>\n<li>Terminal de \u00f4nibus e ponto de t\u00e1xi a 200 m.<\/li>\n<\/ul>\n<p style=\"text-align: justify\"><span style=\"color: #ff0000\">3-Pousada Bar\u00e3o<\/span><\/p>\n<ul>\n<li>Av. Albino Jos\u00e9 Barbosa de Oliveira, 724;<\/li>\n<li>Tel: (19) 3396 70 60 ou (19) 9759 70 60.<\/li>\n<li><a href=\"http:\/\/www.pousadabaraogeraldo.com\/\">http:\/\/www.pousadabaraogeraldo.com\/<\/a><\/li>\n<li>Pre\u00e7os por quarto (sujeitos a altera\u00e7\u00e3o):<\/li>\n<li><span style=\"text-decoration: underline\">individual com banheiro privativo, R$ 80,00;<\/span><\/li>\n<li><span style=\"text-decoration: underline\">duplos com banheiro privativo, R$ 120,00 &#8211; R$ 130,00;<\/span><\/li>\n<li><span style=\"text-decoration: underline\">triplos com banheiro privativo, R$ 170,00.<\/span><\/li>\n<li>Di\u00e1rias incluem: caf\u00e9 da manh\u00e3, acesso Internet Wi-fi, estacionamento, roupa de cama e banho .<\/li>\n<li>Descri\u00e7\u00e3o: casa convertida em pousada, a grande maioria dos quartos conta com banheiros privativos (especificar a op\u00e7\u00e3o\u00a0 com ou sem banheiro privativo no momento da reserva); sala de TV coletiva.<\/li>\n<li>Dist\u00e2ncia da Unicamp: 2 Km (20-25 minutos caminhando).<\/li>\n<li>Terminal de \u00f4nibus e ponto de taxi a 200 m.<\/li>\n<\/ul>\n<p><span style=\"color: #ff0000\">4-\u00a0 Hostel Chaplins<\/span><\/p>\n<ul>\n<li>Rua Germano Casellato 199;<\/li>\n<li>Tel: (19) 3325-0097.<\/li>\n<li><a href=\"http:\/\/chaplins.com.br\/\">http:\/\/chaplins.com.br\/ <\/a><\/li>\n<li><span style=\"text-decoration: underline\">Valores das di\u00e1rias descritos no site (de R$ 50,00 a R$ 140,00).<\/span><\/li>\n<li>Di\u00e1rias incluem: caf\u00e9 da manh\u00e3, acesso Internet Wi-fi, estacionamento (poucas vagas), roupa de cama e banho.<\/li>\n<li>\u00a0Descri\u00e7\u00e3o: casa convertida em hostel, quartos mistos (feminino\/masculino) com no m\u00ednimo 2 beliches e\u00a0 arm\u00e1rios estilo lockers (cadeados s\u00e3o fornecidos); banheiros coletivos; sala de TV e cozinha coletiva; sala de estar, piscina.<\/li>\n<li>Dist\u00e2ncia da Unicamp: 1,5 Km (15 minutos caminhando).<\/li>\n<li>\u00a0Terminal de \u00f4nibus e ponto de t\u00e1xi a 500 m.<\/li>\n<\/ul>\n<h2><strong>Observa\u00e7\u00f5es:<\/strong><\/h2>\n<p style=\"text-align: justify\">1. A Central de Informa\u00e7\u00f5es da Unicamp indica tamb\u00e9m outras possibilidades de hospedagem:\u00a0\u00a0 <a href=\"http:\/\/www.informacoes.unicamp.br\/hospedagem.php\">http:\/\/www.informacoes.unicamp.br\/hospedagem.php<\/a><\/p>\n<p style=\"text-align: justify\">2. Pontos de t\u00e1xi em Bar\u00e3o Geraldo:<\/p>\n<ul>\n<li>Central de Bar\u00e3o Geraldo (em frente ao terminal de \u00f4nibus): tel 3289 3300<\/li>\n<li>Hotel Sol Inn (em frente ao hotel): tel 3304 0044 e 3288 0125.<\/li>\n<\/ul>\n<p><\/p>","protected":false},"excerpt":{"rendered":"<p>Estadia A cidade de Campinas constitui um centro comercial, industrial, tecnol\u00f3gico e empresarial, caracterizado por um padr\u00e3o econ\u00f4mico relativamente elevado. Embora a cidade possua uma rede hoteleira ampla, diversificada e at\u00e9\u00a0 sofisticada, os pre\u00e7os, em geral, n\u00e3o s\u00e3o econ\u00f4micos. Por &hellip; <a href=\"https:\/\/sites.ifi.unicamp.br\/retinhaxxv\/acomodacao\/\">Continue lendo <span class=\"meta-nav\">&rarr;<\/span><\/a><\/p>\n","protected":false},"author":37,"featured_media":0,"parent":0,"menu_order":5,"comment_status":"closed","ping_status":"closed","template":"","meta":{"ngg_post_thumbnail":0,"footnotes":""},"class_list":["post-34","page","type-page","status-publish","hentry"],"_links":{"self":[{"href":"https:\/\/sites.ifi.unicamp.br\/retinhaxxv\/wp-json\/wp\/v2\/pages\/34","targetHints":{"allow":["GET"]}}],"collection":[{"href":"https:\/\/sites.ifi.unicamp.br\/retinhaxxv\/wp-json\/wp\/v2\/pages"}],"about":[{"href":"https:\/\/sites.ifi.unicamp.br\/retinhaxxv\/wp-json\/wp\/v2\/types\/page"}],"author":[{"embeddable":true,"href":"https:\/\/sites.ifi.unicamp.br\/retinhaxxv\/wp-json\/wp\/v2\/users\/37"}],"replies":[{"embeddable":true,"href":"https:\/\/sites.ifi.unicamp.br\/retinhaxxv\/wp-json\/wp\/v2\/comments?post=34"}],"version-history":[{"count":40,"href":"https:\/\/sites.ifi.unicamp.br\/retinhaxxv\/wp-json\/wp\/v2\/pages\/34\/revisions"}],"predecessor-version":[{"id":36,"href":"https:\/\/sites.ifi.unicamp.br\/retinhaxxv\/wp-json\/wp\/v2\/pages\/34\/revisions\/36"}],"wp:attachment":[{"href":"https:\/\/sites.ifi.unicamp.br\/retinhaxxv\/wp-json\/wp\/v2\/media?parent=34"}],"curies":[{"name":"wp","href":"https:\/\/api.w.org\/{rel}","templated":true}]}}