{"id":60,"date":"2013-10-03T21:44:40","date_gmt":"2013-10-04T00:44:40","guid":{"rendered":"https:\/\/sites.ifi.unicamp.br\/retinhaxxv\/?page_id=60"},"modified":"2014-01-29T07:16:08","modified_gmt":"2014-01-29T10:16:08","slug":"bem-vindos-2","status":"publish","type":"page","link":"https:\/\/sites.ifi.unicamp.br\/retinhaxxv\/","title":{"rendered":"Bem-Vindos"},"content":{"rendered":"<p><\/p>\n<p class=\"hide-if-no-js\">Sejam bem-vindos \u00e0 p\u00e1gina da XXV <strong><span style=\"color: #ff0000\">RE<\/span><\/strong>uni\u00e3o de <strong><span style=\"color: #ff0000\">T<\/span><\/strong>rabalho sobre <strong><span style=\"color: #ff0000\">In<\/span><\/strong>tera\u00e7\u00f5es <strong><span style=\"color: #ff0000\">Ha<\/span><\/strong>dr\u00f4nicas &#8211; <strong><span style=\"color: #ff0000\">RETINHA XXV<\/span><\/strong> que ser\u00e1 realizada nos dias 5, 6 e 7 de fevereiro de 2014 no <strong>Audit\u00f3rio do Instituto de Matem\u00e1tica, Estat\u00edstica e Computa\u00e7\u00e3o Cient\u00edfica (IMECC)<\/strong> localizado no Campus da Universidade Estadual de Campinas &#8211; Unicamp. (<a href=\"https:\/\/sites.ifi.unicamp.br\/retinhaxxv\/files\/2014\/01\/poster_v2.pdf\">Clique aqui para ver o poster<\/a><\/p>\n<p class=\"hide-if-no-js\"><a href=\"https:\/\/sites.ifi.unicamp.br\/retinhaxxv\/files\/2013\/10\/placa_unicamp_.jpg\"><img loading=\"lazy\" decoding=\"async\" class=\"aligncenter size-full wp-image-66\" alt=\"\" src=\"https:\/\/sites.ifi.unicamp.br\/retinhaxxv\/files\/2013\/10\/placa_unicamp_.jpg\" width=\"620\" height=\"408\" srcset=\"https:\/\/sites.ifi.unicamp.br\/retinhaxxv\/files\/2013\/10\/placa_unicamp_.jpg 620w, https:\/\/sites.ifi.unicamp.br\/retinhaxxv\/files\/2013\/10\/placa_unicamp_-300x197.jpg 300w\" sizes=\"auto, (max-width: 620px) 100vw, 620px\" \/><\/a><strong><\/strong><\/p>\n<p class=\"hide-if-no-js\"><strong>Apoio:<\/strong><\/p>\n<p class=\"hide-if-no-js\"><a href=\"https:\/\/sites.ifi.unicamp.br\/retinhaxxv\/files\/2013\/10\/fapes_if3.jpg\"><img loading=\"lazy\" decoding=\"async\" class=\"aligncenter  wp-image-209\" alt=\"\" src=\"https:\/\/sites.ifi.unicamp.br\/retinhaxxv\/files\/2013\/10\/fapes_if3-e1382987750459.jpg\" width=\"655\" height=\"120\" \/><\/a><\/p>\n<p><\/p>","protected":false},"excerpt":{"rendered":"<p>Sejam bem-vindos \u00e0 p\u00e1gina da XXV REuni\u00e3o de Trabalho sobre Intera\u00e7\u00f5es Hadr\u00f4nicas &#8211; RETINHA XXV que ser\u00e1 realizada nos dias 5, 6 e 7 de fevereiro de 2014 no Audit\u00f3rio do Instituto de Matem\u00e1tica, Estat\u00edstica e Computa\u00e7\u00e3o Cient\u00edfica (IMECC) localizado &hellip; <a href=\"https:\/\/sites.ifi.unicamp.br\/retinhaxxv\/\">Continue lendo <span class=\"meta-nav\">&rarr;<\/span><\/a><\/p>\n","protected":false},"author":37,"featured_media":0,"parent":0,"menu_order":1,"comment_status":"closed","ping_status":"closed","template":"","meta":{"ngg_post_thumbnail":0,"footnotes":""},"class_list":["post-60","page","type-page","status-publish","hentry"],"_links":{"self":[{"href":"https:\/\/sites.ifi.unicamp.br\/retinhaxxv\/wp-json\/wp\/v2\/pages\/60","targetHints":{"allow":["GET"]}}],"collection":[{"href":"https:\/\/sites.ifi.unicamp.br\/retinhaxxv\/wp-json\/wp\/v2\/pages"}],"about":[{"href":"https:\/\/sites.ifi.unicamp.br\/retinhaxxv\/wp-json\/wp\/v2\/types\/page"}],"author":[{"embeddable":true,"href":"https:\/\/sites.ifi.unicamp.br\/retinhaxxv\/wp-json\/wp\/v2\/users\/37"}],"replies":[{"embeddable":true,"href":"https:\/\/sites.ifi.unicamp.br\/retinhaxxv\/wp-json\/wp\/v2\/comments?post=60"}],"version-history":[{"count":17,"href":"https:\/\/sites.ifi.unicamp.br\/retinhaxxv\/wp-json\/wp\/v2\/pages\/60\/revisions"}],"predecessor-version":[{"id":62,"href":"https:\/\/sites.ifi.unicamp.br\/retinhaxxv\/wp-json\/wp\/v2\/pages\/60\/revisions\/62"}],"wp:attachment":[{"href":"https:\/\/sites.ifi.unicamp.br\/retinhaxxv\/wp-json\/wp\/v2\/media?parent=60"}],"curies":[{"name":"wp","href":"https:\/\/api.w.org\/{rel}","templated":true}]}}