{"id":83,"date":"2013-10-25T15:17:31","date_gmt":"2013-10-25T18:17:31","guid":{"rendered":"https:\/\/sites.ifi.unicamp.br\/retinhaxxv\/?page_id=83"},"modified":"2013-11-19T09:35:20","modified_gmt":"2013-11-19T12:35:20","slug":"historicos-e-objetivos","status":"publish","type":"page","link":"https:\/\/sites.ifi.unicamp.br\/retinhaxxv\/historicos-e-objetivos\/","title":{"rendered":"Hist\u00f3rico"},"content":{"rendered":"<p><\/p>\n<h2><strong><a href=\"https:\/\/sites.ifi.unicamp.br\/retinhaxxv\/files\/2013\/10\/hist_arab.jpg\"><img loading=\"lazy\" decoding=\"async\" class=\"aligncenter size-full wp-image-197\" alt=\"\" src=\"https:\/\/sites.ifi.unicamp.br\/retinhaxxv\/files\/2013\/10\/hist_arab-e1382917225871.jpg\" width=\"539\" height=\"150\" \/><\/a>Retinhas: Resumo Hist\u00f3rico e Principais Objetivos<\/strong><\/h2>\n<p style=\"text-align: justify\">A s\u00e9rie <strong><span style=\"color: #ff0000\">RE<\/span><\/strong>uni\u00e3o de <strong><span style=\"color: #ff0000\">T<\/span><\/strong>rabalho sobre <strong><span style=\"color: #ff0000\">IN<\/span><\/strong>tera\u00e7\u00f5es\u00a0 <strong><span style=\"color: #ff0000\">HA<\/span><\/strong>dr\u00f4nicas teve in\u00edcio em 1990, no Instituto de F\u00edsica da Universidade de S\u00e3o Paulo. Organizada por um n\u00famero ent\u00e3o reduzido de pesquisadores, trabalhando em S\u00e3o Paulo e no Rio de Janeiro, teve como objetivo a forma\u00e7\u00e3o de uma colabora\u00e7\u00e3o\u00a0 permanente de pesquisa sobre a F\u00edsica de H\u00e1drons.<\/p>\n<p style=\"text-align: justify\">Atrav\u00e9s de reuni\u00f5es anuais em institui\u00e7\u00f5es de S\u00e3o Paulo (USP, IFT-UNESP, Universidade Presbiteriana Mackenzie) e do Rio de Janeiro (CBPF, UERJ), a s\u00e9rie, que agora completa sua 25a. edi\u00e7\u00e3o, vem se ocupando das principais linhas de pesquisa em F\u00edsica Hadr\u00f4nica, em escala mundial, tais como: teorias de campo efetivas, abordagens n\u00e3o perturbativas da QCD, simula\u00e7\u00e3o de QCD na rede, hidrodin\u00e2mica relativ\u00edstica com aplica\u00e7\u00f5es em colis\u00f5es de \u00edons pesados, interferometria de part\u00edculas id\u00eanticas, produ\u00e7\u00e3o\u00a0 e supress\u00e3o de estranheza e charme na mat\u00e9ria hadr\u00f4nica, espalhamento difrativo de h\u00e1drons em altas energias e outras.<\/p>\n<p>Dentre os objetivos da<strong> Retinha<\/strong>, destacam-se:<\/p>\n<ul>\n<li>reuni\u00e3o dos estudantes e pesquisadores em discuss\u00f5es sobre os resultados mais recentes da \u00e1rea e sobre as pesquisas em desenvolvimento, de modo a fornecer uma vis\u00e3o integrada das atividades da equipe;<\/li>\n<\/ul>\n<ul>\n<li>est\u00edmulo \u00e0 consolida\u00e7\u00e3o e desenvolvimento dos grupos de pesquisa das diferentes institui\u00e7\u00f5es, bem como ao estabelecimento de novas colabora\u00e7\u00f5es e de novos grupos;<\/li>\n<\/ul>\n<ul>\n<li>incentivo priorit\u00e1rio \u00e0 apresenta\u00e7\u00e3o\u00a0 de trabalhos (conclu\u00eddos ou em andamento) pelos estudantes e jovens pesquisadores, de modo a propiciar a oportunidade de uma primeira comunica\u00e7\u00e3o\u00a0 da pesquisa desenvolvida a uma audi\u00eancia de especialistas e de estudantes da \u00e1rea.<\/li>\n<\/ul>\n<p style=\"text-align: justify\">A Retinha tem constitu\u00eddo parte das atividades dos sucessivos Projetos Tem\u00e1ticos de Equipe da FAPESP \u201cEstudo das Intera\u00e7\u00f5es Hadr\u00f4nicas a Altas Energias\u201d, coordenados por Yogiro Hama (coordenador) e\u00a0 Fernando Navarra (vice-coordenador). No \u00e2mbito do projeto, diversas comunica\u00e7\u00f5es apresentadas foram publicadas atrav\u00e9s das v\u00e1rias edi\u00e7\u00f5es\u00a0 do Relat\u00f3rio das reuni\u00f5es, editados pela Gr\u00e1fica do IFUSP. Devem-se tamb\u00e9m destacar tr\u00eas edi\u00e7\u00f5es especiais do Brazilian Journal of Physics: volume 34, N1A (2004), volume 35, N1 (2005) e volume 37, N1 (2007).<\/p>\n<p style=\"text-align: justify\">Somos gratos \u00e0 FAPESP pelo cont\u00ednuo aux\u00edlio, processos n\u00fameros 90\/4074-5, 93\/2463-2, 95\/4635-0, 98\/2249-4, 00\/04422-7, 04\/10619-9 e 09\/50180-0.<\/p>\n<p style=\"text-align: justify\"><a title=\"Fotos das edi\u00e7\u00f5es passadas\" href=\"https:\/\/sites.ifi.unicamp.br\/retinhaxxv\/historicos-e-objetivos\/fotos-das-edicoes-passadas\/\">Veja as fotos de edi\u00e7\u00f5es passadas.<\/a><\/p>\n<p><\/p>","protected":false},"excerpt":{"rendered":"<p>Retinhas: Resumo Hist\u00f3rico e Principais Objetivos A s\u00e9rie REuni\u00e3o de Trabalho sobre INtera\u00e7\u00f5es\u00a0 HAdr\u00f4nicas teve in\u00edcio em 1990, no Instituto de F\u00edsica da Universidade de S\u00e3o Paulo. Organizada por um n\u00famero ent\u00e3o reduzido de pesquisadores, trabalhando em S\u00e3o Paulo e &hellip; <a href=\"https:\/\/sites.ifi.unicamp.br\/retinhaxxv\/historicos-e-objetivos\/\">Continue lendo <span class=\"meta-nav\">&rarr;<\/span><\/a><\/p>\n","protected":false},"author":37,"featured_media":197,"parent":0,"menu_order":1,"comment_status":"closed","ping_status":"closed","template":"","meta":{"ngg_post_thumbnail":0,"footnotes":""},"class_list":["post-83","page","type-page","status-publish","has-post-thumbnail","hentry"],"_links":{"self":[{"href":"https:\/\/sites.ifi.unicamp.br\/retinhaxxv\/wp-json\/wp\/v2\/pages\/83","targetHints":{"allow":["GET"]}}],"collection":[{"href":"https:\/\/sites.ifi.unicamp.br\/retinhaxxv\/wp-json\/wp\/v2\/pages"}],"about":[{"href":"https:\/\/sites.ifi.unicamp.br\/retinhaxxv\/wp-json\/wp\/v2\/types\/page"}],"author":[{"embeddable":true,"href":"https:\/\/sites.ifi.unicamp.br\/retinhaxxv\/wp-json\/wp\/v2\/users\/37"}],"replies":[{"embeddable":true,"href":"https:\/\/sites.ifi.unicamp.br\/retinhaxxv\/wp-json\/wp\/v2\/comments?post=83"}],"version-history":[{"count":19,"href":"https:\/\/sites.ifi.unicamp.br\/retinhaxxv\/wp-json\/wp\/v2\/pages\/83\/revisions"}],"predecessor-version":[{"id":86,"href":"https:\/\/sites.ifi.unicamp.br\/retinhaxxv\/wp-json\/wp\/v2\/pages\/83\/revisions\/86"}],"wp:featuredmedia":[{"embeddable":true,"href":"https:\/\/sites.ifi.unicamp.br\/retinhaxxv\/wp-json\/wp\/v2\/media\/197"}],"wp:attachment":[{"href":"https:\/\/sites.ifi.unicamp.br\/retinhaxxv\/wp-json\/wp\/v2\/media?parent=83"}],"curies":[{"name":"wp","href":"https:\/\/api.w.org\/{rel}","templated":true}]}}