{"id":376,"date":"2018-02-28T14:28:46","date_gmt":"2018-02-28T14:28:46","guid":{"rendered":"https:\/\/sites.ifi.unicamp.br\/soares\/?page_id=376"},"modified":"2018-07-04T20:27:38","modified_gmt":"2018-07-04T20:27:38","slug":"f540-1o-semestre-de-2018","status":"publish","type":"page","link":"https:\/\/sites.ifi.unicamp.br\/soares\/ensino\/f540-1o-semestre-de-2018\/","title":{"rendered":"F540- 1\u00ba semestre de 2018"},"content":{"rendered":"<p><a href=\"https:\/\/sites.ifi.unicamp.br\/soares\/files\/2018\/02\/PROGRAMA2018.pdf\">PROGRAMA2018<\/a><\/p>\n<p><a href=\"https:\/\/sites.ifi.unicamp.br\/soares\/files\/2018\/02\/Pratica_1.pdf\">Pratica_1<\/a><\/p>\n<p><a href=\"https:\/\/sites.ifi.unicamp.br\/soares\/files\/2018\/03\/Teoria_1.pdf\">Teoria_1<\/a><\/p>\n<p><a href=\"https:\/\/sites.ifi.unicamp.br\/soares\/files\/2018\/03\/Pr\u00e1tica_2.pdf\">Pr\u00e1tica_2<\/a><\/p>\n<p><a href=\"https:\/\/sites.ifi.unicamp.br\/soares\/files\/2018\/03\/Pr\u00e1tica_3.pdf\">Pr\u00e1tica_3<\/a><\/p>\n<p><a href=\"https:\/\/sites.ifi.unicamp.br\/soares\/files\/2018\/03\/Pr\u00e1tica-4N.pdf\">Pr\u00e1tica-4N<\/a><\/p>\n<p><a href=\"https:\/\/sites.ifi.unicamp.br\/soares\/files\/2018\/03\/Teoria-Semicondutor-Diodo.pdf\">Teoria Semicondutor Diodo<\/a><\/p>\n<p><a href=\"https:\/\/sites.ifi.unicamp.br\/soares\/files\/2018\/03\/Montagem-pr\u00e1tica-4.pdf\">Montagem pr\u00e1tica-4<\/a><\/p>\n<p><a href=\"https:\/\/sites.ifi.unicamp.br\/soares\/files\/2018\/04\/Pratica-5N.pdf\">Pratica-5N<\/a><\/p>\n<p><a href=\"https:\/\/sites.ifi.unicamp.br\/soares\/files\/2018\/04\/FET.pdf\">FET<\/a><\/p>\n<p><a href=\"https:\/\/sites.ifi.unicamp.br\/soares\/files\/2018\/04\/Pr\u00e1tica_6N.pdf\">Pr\u00e1tica_6N<\/a><\/p>\n<p><a href=\"https:\/\/sites.ifi.unicamp.br\/soares\/files\/2018\/04\/Pratica-7N.pdf\">Pratica 7N<\/a><\/p>\n<p><a href=\"https:\/\/sites.ifi.unicamp.br\/soares\/files\/2018\/05\/Pr\u00e1tica_8.pdf\">Pr\u00e1tica_8<\/a><\/p>\n<p><a href=\"https:\/\/sites.ifi.unicamp.br\/soares\/files\/2018\/05\/Pratica_9.pdf\">Pratica_9<\/a><\/p>\n<p><a href=\"https:\/\/sites.ifi.unicamp.br\/soares\/files\/2018\/06\/Pratica_10.pdf\">Pratica_10<\/a><\/p>\n<p><a href=\"https:\/\/sites.ifi.unicamp.br\/soares\/files\/2018\/06\/Pr\u00e1tica_11.pdf\">Pr\u00e1tica_11<\/a><\/p>\n<p><a href=\"https:\/\/sites.ifi.unicamp.br\/soares\/files\/2018\/06\/Amplificador-para-Microfone-de-eletreto.pdf\">Amplificador para Microfone de eletreto<\/a><\/p>\n<p><a href=\"https:\/\/sites.ifi.unicamp.br\/soares\/files\/2018\/06\/Motor-DC-1.pdf\">Motor DC<\/a><\/p>\n<p><a href=\"https:\/\/sites.ifi.unicamp.br\/soares\/files\/2018\/07\/Notas-Finais.pdf\">Notas Finais<\/a><\/p>\n<p>&nbsp;<\/p>","protected":false},"excerpt":{"rendered":"<p>PROGRAMA2018 Pratica_1 Teoria_1 Pr\u00e1tica_2 Pr\u00e1tica_3 Pr\u00e1tica-4N Teoria Semicondutor Diodo Montagem pr\u00e1tica-4 Pratica-5N FET Pr\u00e1tica_6N Pratica 7N Pr\u00e1tica_8 Pratica_9 Pratica_10 Pr\u00e1tica_11 Amplificador para Microfone de eletreto Motor DC Notas Finais &nbsp;<\/p>\n","protected":false},"author":117,"featured_media":0,"parent":86,"menu_order":0,"comment_status":"closed","ping_status":"closed","template":"","meta":{"ngg_post_thumbnail":0,"footnotes":""},"class_list":["post-376","page","type-page","status-publish","hentry","nodate","item-wrap"],"_links":{"self":[{"href":"https:\/\/sites.ifi.unicamp.br\/soares\/wp-json\/wp\/v2\/pages\/376","targetHints":{"allow":["GET"]}}],"collection":[{"href":"https:\/\/sites.ifi.unicamp.br\/soares\/wp-json\/wp\/v2\/pages"}],"about":[{"href":"https:\/\/sites.ifi.unicamp.br\/soares\/wp-json\/wp\/v2\/types\/page"}],"author":[{"embeddable":true,"href":"https:\/\/sites.ifi.unicamp.br\/soares\/wp-json\/wp\/v2\/users\/117"}],"replies":[{"embeddable":true,"href":"https:\/\/sites.ifi.unicamp.br\/soares\/wp-json\/wp\/v2\/comments?post=376"}],"version-history":[{"count":17,"href":"https:\/\/sites.ifi.unicamp.br\/soares\/wp-json\/wp\/v2\/pages\/376\/revisions"}],"predecessor-version":[{"id":417,"href":"https:\/\/sites.ifi.unicamp.br\/soares\/wp-json\/wp\/v2\/pages\/376\/revisions\/417"}],"up":[{"embeddable":true,"href":"https:\/\/sites.ifi.unicamp.br\/soares\/wp-json\/wp\/v2\/pages\/86"}],"wp:attachment":[{"href":"https:\/\/sites.ifi.unicamp.br\/soares\/wp-json\/wp\/v2\/media?parent=376"}],"curies":[{"name":"wp","href":"https:\/\/api.w.org\/{rel}","templated":true}]}}