{"id":95,"date":"2013-12-09T18:18:14","date_gmt":"2013-12-09T18:18:14","guid":{"rendered":"https:\/\/sites.ifi.unicamp.br\/padrao\/?page_id=63"},"modified":"2018-08-03T18:37:21","modified_gmt":"2018-08-03T21:37:21","slug":"grupo","status":"publish","type":"page","link":"https:\/\/sites.ifi.unicamp.br\/sobreira\/grupo\/","title":{"rendered":"Grupo"},"content":{"rendered":"<p><\/p>\n<h4>Colabora\u00e7\u00f5es Cient\u00edficas<\/h4>\n<p><a href=\"https:\/\/www.darkenergysurvey.org\" target=\"_blank\" rel=\"noopener noreferrer\">Dark Energy Survey<\/a><\/p>\n<p><a href=\"http:\/\/www.sdss3.org\/future\/\" target=\"_blank\" rel=\"noopener noreferrer\">Sloan Digital Sky Survey &#8211; IV<\/a><\/p>\n<p><a href=\"https:\/\/www.lsst.org\" target=\"_blank\" rel=\"noopener noreferrer\">Large Synoptic Survey Telescope<\/a><\/p>\n<h4>Alunos<\/h4>\n<ul>\n<li>&nbsp;Anderson Luiz Brand\u00e3o de Souza&nbsp;<\/li>\n<\/ul>\n<p>&nbsp; &nbsp; &nbsp; &nbsp;Doutorando: &nbsp;Neutrino Cosmology<\/p>\n<ul>\n<li>&nbsp;Pedro Rangel Caetano&nbsp;<\/li>\n<\/ul>\n<p>&nbsp; &nbsp; &nbsp; &nbsp;Mestrado: &nbsp;Halo Occupation Distribution<\/p>\n<ul>\n<li>Andres Alejandro&nbsp; Navarro Alsina &nbsp;<\/li>\n<\/ul>\n<p>&nbsp; &nbsp; &nbsp; Mestrado: Cosmology from Weak Lensing<\/p>\n<ul>\n<li>Lucas bertoncello de Oliveira<\/li>\n<\/ul>\n<p>&nbsp; &nbsp; &nbsp; Inicia\u00e7\u00e3o Cient\u00edfica: &nbsp;Galaxy Clustering &#8211; Angular Correlation Function&nbsp;<\/p>\n<ul>\n<li>Carolina Idelfon\u00e7o<\/li>\n<\/ul>\n<p>&nbsp; &nbsp; &nbsp; &nbsp;Inicia\u00e7\u00e3o Cient\u00edfica: &nbsp;Galaxy Clustering &#8211; &nbsp;Angular Power Spectrum<\/p>\n<ul>\n<li>Juliana Rodriguez&nbsp;<\/li>\n<\/ul>\n<p>&nbsp; &nbsp; &nbsp;&nbsp;&nbsp;Inicia\u00e7\u00e3o Cient\u00edfica: &nbsp;Cluster mass from Weak Lensing &nbsp;technique&nbsp;<\/p>\n<h4>Orienta\u00e7\u00f5es Conclu\u00eddas<\/h4>\n<ul>\n<li>Anderson Luiz Brand\u00e3o de Souza (2018) &#8211;&nbsp;<a href=\"https:\/\/sites.ifi.unicamp.br\/sobreira\/files\/2018\/07\/mestrado-tanderson.pdf\">Disserta\u00e7\u00e3o de mestrado &#8211; Baryon acoustic oscillations<\/a><\/li>\n<li>Pedro Rangel Caetano (2017)&nbsp; &#8211;&nbsp;<a href=\"https:\/\/sites.ifi.unicamp.br\/sobreira\/files\/2018\/08\/pro-monografia-pedro.pdf\" target=\"_blank\" rel=\"noopener\"> Monografia de conclus\u00e3o de curso &#8211; Estimativas de redshifts fotom\u00e9tricos para o Dark Energy Survey.&nbsp;<\/a><\/li>\n<\/ul>\n<p><\/p>","protected":false},"excerpt":{"rendered":"<p>Colabora\u00e7\u00f5es Cient\u00edficas Dark Energy Survey Sloan Digital Sky Survey &#8211; IV Large Synoptic Survey Telescope Alunos &nbsp;Anderson Luiz Brand\u00e3o de Souza&nbsp; &nbsp; &nbsp; &nbsp; &nbsp;Doutorando: &nbsp;Neutrino Cosmology &nbsp;Pedro Rangel Caetano&nbsp; &nbsp; &nbsp; &nbsp; &nbsp;Mestrado: &nbsp;Halo Occupation Distribution Andres Alejandro&nbsp; Navarro Alsina &nbsp; &nbsp; &nbsp; &nbsp; Mestrado: Cosmology from Weak Lensing Lucas bertoncello de Oliveira &nbsp; &hellip; <\/p>\n<p><a class=\"more-link btn\" href=\"https:\/\/sites.ifi.unicamp.br\/sobreira\/grupo\/\">Continue lendo<\/a><\/p>\n","protected":false},"author":7,"featured_media":0,"parent":0,"menu_order":4,"comment_status":"open","ping_status":"open","template":"","meta":{"ngg_post_thumbnail":0,"footnotes":""},"class_list":["post-95","page","type-page","status-publish","hentry","nodate","item-wrap"],"_links":{"self":[{"href":"https:\/\/sites.ifi.unicamp.br\/sobreira\/wp-json\/wp\/v2\/pages\/95","targetHints":{"allow":["GET"]}}],"collection":[{"href":"https:\/\/sites.ifi.unicamp.br\/sobreira\/wp-json\/wp\/v2\/pages"}],"about":[{"href":"https:\/\/sites.ifi.unicamp.br\/sobreira\/wp-json\/wp\/v2\/types\/page"}],"author":[{"embeddable":true,"href":"https:\/\/sites.ifi.unicamp.br\/sobreira\/wp-json\/wp\/v2\/users\/7"}],"replies":[{"embeddable":true,"href":"https:\/\/sites.ifi.unicamp.br\/sobreira\/wp-json\/wp\/v2\/comments?post=95"}],"version-history":[{"count":19,"href":"https:\/\/sites.ifi.unicamp.br\/sobreira\/wp-json\/wp\/v2\/pages\/95\/revisions"}],"predecessor-version":[{"id":465,"href":"https:\/\/sites.ifi.unicamp.br\/sobreira\/wp-json\/wp\/v2\/pages\/95\/revisions\/465"}],"wp:attachment":[{"href":"https:\/\/sites.ifi.unicamp.br\/sobreira\/wp-json\/wp\/v2\/media?parent=95"}],"curies":[{"name":"wp","href":"https:\/\/api.w.org\/{rel}","templated":true}]}}