{"id":1106,"date":"2015-08-25T11:50:39","date_gmt":"2015-08-25T14:50:39","guid":{"rendered":"https:\/\/sites.ifi.unicamp.br\/upaifgw\/?page_id=1106"},"modified":"2015-08-28T08:19:03","modified_gmt":"2015-08-28T11:19:03","slug":"programacao-do-ifgw","status":"publish","type":"page","link":"https:\/\/sites.ifi.unicamp.br\/upaifgw\/programacao-do-ifgw\/","title":{"rendered":"Programa\u00e7\u00e3o do IFGW"},"content":{"rendered":"<p>Consulte a programa\u00e7\u00e3o do <a href=\"https:\/\/sites.ifi.unicamp.br\/upaifgw\/programacao-do-ifgw\/programacao-do-ifgw-2015\/\" target=\"_blank\">IFGW no UPA 2015<\/a><\/p>\n<p>&nbsp;<\/p>","protected":false},"excerpt":{"rendered":"<p>Consulte a programa\u00e7\u00e3o do IFGW no UPA 2015 &nbsp;<\/p>\n","protected":false},"author":1,"featured_media":0,"parent":0,"menu_order":1,"comment_status":"closed","ping_status":"closed","template":"","meta":{"ngg_post_thumbnail":0,"footnotes":""},"class_list":["post-1106","page","type-page","status-publish","hentry","nodate","item-wrap"],"_links":{"self":[{"href":"https:\/\/sites.ifi.unicamp.br\/upaifgw\/wp-json\/wp\/v2\/pages\/1106","targetHints":{"allow":["GET"]}}],"collection":[{"href":"https:\/\/sites.ifi.unicamp.br\/upaifgw\/wp-json\/wp\/v2\/pages"}],"about":[{"href":"https:\/\/sites.ifi.unicamp.br\/upaifgw\/wp-json\/wp\/v2\/types\/page"}],"author":[{"embeddable":true,"href":"https:\/\/sites.ifi.unicamp.br\/upaifgw\/wp-json\/wp\/v2\/users\/1"}],"replies":[{"embeddable":true,"href":"https:\/\/sites.ifi.unicamp.br\/upaifgw\/wp-json\/wp\/v2\/comments?post=1106"}],"version-history":[{"count":9,"href":"https:\/\/sites.ifi.unicamp.br\/upaifgw\/wp-json\/wp\/v2\/pages\/1106\/revisions"}],"predecessor-version":[{"id":1189,"href":"https:\/\/sites.ifi.unicamp.br\/upaifgw\/wp-json\/wp\/v2\/pages\/1106\/revisions\/1189"}],"wp:attachment":[{"href":"https:\/\/sites.ifi.unicamp.br\/upaifgw\/wp-json\/wp\/v2\/media?parent=1106"}],"curies":[{"name":"wp","href":"https:\/\/api.w.org\/{rel}","templated":true}]}}