{"id":1048,"date":"2014-10-29T17:12:36","date_gmt":"2014-10-29T17:12:36","guid":{"rendered":"https:\/\/sites.ifi.unicamp.br\/veraoifgw\/?page_id=1048"},"modified":"2015-10-14T17:39:25","modified_gmt":"2015-10-14T17:39:25","slug":"evento2015","status":"publish","type":"page","link":"https:\/\/sites.ifi.unicamp.br\/veraoifgw\/evento-programacao\/evento2015\/","title":{"rendered":"2015"},"content":{"rendered":"<p style=\"text-align: center;\"><strong>Programa\u00e7\u00e3o do Curso de Ver\u00e3o IFGW \u2013 2015<\/strong><\/p>\n<p style=\"text-align: center;\"><strong>Tem\u00e1tica: \u201cO uso do computador para estudar a natureza\u201d<\/strong><\/p>\n<p>\u00a0<a href=\"https:\/\/sites.ifi.unicamp.br\/veraoifgw\/files\/2014\/10\/TABELA-4.png\"><img loading=\"lazy\" decoding=\"async\" class=\" size-full wp-image-1198 aligncenter\" src=\"https:\/\/sites.ifi.unicamp.br\/veraoifgw\/files\/2014\/10\/TABELA-4.png\" alt=\"TABELA 4\" width=\"504\" height=\"640\" srcset=\"https:\/\/sites.ifi.unicamp.br\/veraoifgw\/files\/2014\/10\/TABELA-4.png 504w, https:\/\/sites.ifi.unicamp.br\/veraoifgw\/files\/2014\/10\/TABELA-4-236x300.png 236w\" sizes=\"auto, (max-width: 504px) 100vw, 504px\" \/><\/a><\/p>\n<p># Click no nome do palestrante para ver o seu CV.<\/p>\n<p><strong>9\/02\/2015 \u2013 Segunda Feira<\/strong><\/p>\n<ul>\n<li>Cerim\u00f4nia de Abertura<\/li>\n<li>Palestra de Abertura: \u201cTopological origin of chromosome organisation, structure and dynamics.\u201d \u2013 <a href=\"https:\/\/sites.google.com\/site\/angelosissa\/home\">Angelo Rosa. SISSA, It\u00e1lia.<\/a><\/li>\n<li>Minicurso: \u201cEstudo do c\u00e9rebro (Aula 1)\u201d <a href=\"http:\/\/lattes.cnpq.br\/5993832413749292\">&#8211; Gabriela Castellano (IFGW, UNICAMP)<\/a><\/li>\n<li>Palestra: \u201c&#8221;DFT: 50 anos da teoria que revolucionou a maneira como estudamos a mat\u00e9ria condensada&#8221;\u201d.- <a href=\"http:\/\/lattes.cnpq.br\/1862328080660655\"> Alex Antonelli (IFGW, UNICAMP)<\/a><\/li>\n<li>\u201cConfigura\u00e7\u00e3o de um cluster de computadores.\u201d \u2013 Sidney Pio de Campos<\/li>\n<li>Visita a centro de HPC (CCJDR)<\/li>\n<\/ul>\n<p><strong>10\/02\/2015 \u2013 Ter\u00e7a Feria<\/strong><\/p>\n<ul>\n<li>Minicurso: \u201cMonte-Carlo simulations in Polymer (aula 1).\u201d- <a href=\"https:\/\/sites.google.com\/site\/angelosissa\/home\">Angelo Rosa. SISSA, It\u00e1lia.<\/a><\/li>\n<li>Minicurso: \u201cEstudo do c\u00e9rebro (Aula 2)\u201d . <a href=\"http:\/\/lattes.cnpq.br\/5993832413749292\">&#8211; Gabriela Castellano (IFGW, UNICAMP)<\/a><\/li>\n<li>Minicurso: \u201cSimula\u00e7\u00f5es atom\u00edsticas em grafeno e afins (aula 2).\u201d &#8211; <a href=\"http:\/\/lattes.cnpq.br\/9138028556380501\">Douglas Galv\u00e3o (IFGW,UNICAMP)<\/a><\/li>\n<li>Palestra: \u201c O M\u00e9todo Monte Carlo na F\u00edsica Radiol\u00f3gica\u201d.- <a href=\"http:\/\/lattes.cnpq.br\/7415854824349046\">Alessandra Tomal<\/a><\/li>\n<li>Visita a centro de HPC (CENAPAD)<\/li>\n<\/ul>\n<p><strong>11\/02\/2015 \u2013 Quarta Feira<\/strong><\/p>\n<ul>\n<li>Minicurso: \u201cMolecular Dynamics simulations in Polymer Physics (aula 2).\u201d- <a href=\"https:\/\/sites.google.com\/site\/angelosissa\/home\">Angelo Rosa. SISSA, It\u00e1lia.<\/a><\/li>\n<li>Minicurso: \u201cAplica\u00e7\u00e3o de m\u00e9todos computacionais de simula\u00e7\u00e3o atom\u00edstica no estudo de materiais\u201d (aula 1).\u201d \u2013 <a href=\"http:\/\/lattes.cnpq.br\/5172425240191386\">Miguel San Miguel (IQ, UNICAMP)<\/a><\/li>\n<li>Minicurso: \u201cSimula\u00e7\u00f5es atom\u00edsticas em grafeno e afins (aula 2).\u201d &#8211; <a href=\"http:\/\/lattes.cnpq.br\/9138028556380501\">Douglas Galv\u00e3o (IFGW,UNICAMP)<\/a><\/li>\n<li>Palestra \u201cSimula\u00e7\u00f5es Monte Carlo no LHC.\u201d &#8211; <a href=\"http:\/\/lattes.cnpq.br\/2080099102941335\">David Chinellato (IFGW, UNICAMP).<\/a><\/li>\n<li>Oficina: \u201c Instala\u00e7\u00e3o de pacote DFT.\u201d \u2013 <a href=\"http:\/\/lattes.cnpq.br\/7771878233635494\">F\u00e1bio Andrijauskas (IFGW,UNICAMP)<\/a><\/li>\n<\/ul>\n<p><strong>12\/02\/2015 \u2013 Quinta Feira<\/strong><\/p>\n<ul>\n<li>Minicurso: \u201cUso do computador para explorar o universo. \u201c- <a href=\"http:\/\/lattes.cnpq.br\/6158036609486608\">Ernesto Kemp (IFGW,UNICAMP)<\/a><\/li>\n<li>Minicurso: \u201cAplica\u00e7\u00e3o de m\u00e9todos computacionais de simula\u00e7\u00e3o atom\u00edstica no estudo de materiais\u201d (aula 2).\u201d \u2013 <a href=\"http:\/\/lattes.cnpq.br\/5172425240191386\">Miguel San Miguel (IQ, UNICAMP)<\/a><\/li>\n<li>Minicurso: \u201cDin\u00e2mica molecular em biomol\u00e9culas.\u201d &#8211; <a href=\"http:\/\/lattes.cnpq.br\/4068724804863341\"> Mart\u00ednez (IQ, UNICAMP)<\/a><\/li>\n<li>Palestra: \u201cAn\u00e1lise de dados din\u00e2micos cerebrais a partir de ferramentas computacionais.\u201d &#8211;<a href=\"http:\/\/lattes.cnpq.br\/9866317366272905\">Rickson Mesquista (IFGW, UNICAMP)<\/a><\/li>\n<\/ul>\n<p><strong>Encerramento<\/strong><\/p>\n","protected":false},"excerpt":{"rendered":"<p>Programa\u00e7\u00e3o do Curso de Ver\u00e3o IFGW \u2013 2015 Tem\u00e1tica: \u201cO uso do computador para estudar a natureza\u201d \u00a0 # Click no nome do palestrante para ver o seu CV. 9\/02\/2015 \u2013 Segunda Feira Cerim\u00f4nia de Abertura Palestra de Abertura: \u201cTopological origin of chromosome organisation, structure and dynamics.\u201d \u2013 Angelo Rosa. SISSA, It\u00e1lia. Minicurso: \u201cEstudo do &hellip; <\/p>\n<p><a class=\"more-link btn\" href=\"https:\/\/sites.ifi.unicamp.br\/veraoifgw\/evento-programacao\/evento2015\/\">Continue lendo<\/a><\/p>\n","protected":false},"author":74,"featured_media":0,"parent":1052,"menu_order":0,"comment_status":"closed","ping_status":"closed","template":"","meta":{"footnotes":""},"class_list":["post-1048","page","type-page","status-publish","hentry","nodate","item-wrap"],"_links":{"self":[{"href":"https:\/\/sites.ifi.unicamp.br\/veraoifgw\/wp-json\/wp\/v2\/pages\/1048","targetHints":{"allow":["GET"]}}],"collection":[{"href":"https:\/\/sites.ifi.unicamp.br\/veraoifgw\/wp-json\/wp\/v2\/pages"}],"about":[{"href":"https:\/\/sites.ifi.unicamp.br\/veraoifgw\/wp-json\/wp\/v2\/types\/page"}],"author":[{"embeddable":true,"href":"https:\/\/sites.ifi.unicamp.br\/veraoifgw\/wp-json\/wp\/v2\/users\/74"}],"replies":[{"embeddable":true,"href":"https:\/\/sites.ifi.unicamp.br\/veraoifgw\/wp-json\/wp\/v2\/comments?post=1048"}],"version-history":[{"count":4,"href":"https:\/\/sites.ifi.unicamp.br\/veraoifgw\/wp-json\/wp\/v2\/pages\/1048\/revisions"}],"predecessor-version":[{"id":1243,"href":"https:\/\/sites.ifi.unicamp.br\/veraoifgw\/wp-json\/wp\/v2\/pages\/1048\/revisions\/1243"}],"up":[{"embeddable":true,"href":"https:\/\/sites.ifi.unicamp.br\/veraoifgw\/wp-json\/wp\/v2\/pages\/1052"}],"wp:attachment":[{"href":"https:\/\/sites.ifi.unicamp.br\/veraoifgw\/wp-json\/wp\/v2\/media?parent=1048"}],"curies":[{"name":"wp","href":"https:\/\/api.w.org\/{rel}","templated":true}]}}