{"id":1244,"date":"2015-10-14T17:44:11","date_gmt":"2015-10-14T17:44:11","guid":{"rendered":"https:\/\/sites.ifi.unicamp.br\/veraoifgw\/?page_id=1244"},"modified":"2016-02-19T18:04:48","modified_gmt":"2016-02-19T18:04:48","slug":"2016-2","status":"publish","type":"page","link":"https:\/\/sites.ifi.unicamp.br\/veraoifgw\/evento-programacao\/2016-2\/","title":{"rendered":"2016"},"content":{"rendered":"<p style=\"text-align: center\"><strong>Programa\u00e7\u00e3o Preliminar do Curso de Ver\u00e3o IFGW \u2013 2016<\/strong><\/p>\n<p style=\"text-align: center\">Tem\u00e1tica: \u201c<strong>Do microcosmo ao macrocosmo em F\u00edsica de Part\u00edculas<\/strong><strong>\u201d<\/strong><\/p>\n<p style=\"text-align: center\">\n<p style=\"text-align: center\"><a href=\"https:\/\/sites.ifi.unicamp.br\/veraoifgw\/files\/2015\/10\/programa\u00e7\u00e3o-2016.5.png\" rel=\"attachment wp-att-1397\"><img loading=\"lazy\" decoding=\"async\" class=\"alignnone size-full wp-image-1397\" src=\"https:\/\/sites.ifi.unicamp.br\/veraoifgw\/files\/2015\/10\/programa\u00e7\u00e3o-2016.5.png\" alt=\"programa\u00e7\u00e3o 2016.5\" width=\"697\" height=\"639\" \/><\/a><\/p>\n<p># Click no nome do palestrante para ver o seu CV.<\/p>\n<p>22\/02\/2016. Segunda-feira<\/p>\n<ul>\n<li>Cerim\u00f4nia de Abertura<\/li>\n<li>Palestra de Abertura: \u201cLHC Physics\u201d- <a href=\"http:\/\/ftp.preghenella.altervista.org\"> Roberto Preghnella. INFN, It\u00e1lia.<\/a><\/li>\n<li>Minicurso: \u201cIntrodu\u00e7\u00e3o \u00e0 F\u00edsica de Part\u00edculas (aula 1)\u201d \u2013 <a href=\"http:\/\/lattes.cnpq.br\/0301569503177054\"> Carola Dobrigkeit Chinellato. IFGW, UNICAMP.<\/a><\/li>\n<li>Minicurso: \u201cIntrodu\u00e7\u00e3o \u00e0 F\u00edsica de Part\u00edculas (aula 2)\u201d \u2013 <a href=\"http:\/\/lattes.cnpq.br\/0301569503177054\"> Carola Dobrigkeit Chinellato. IFGW, UNICAMP.<\/a><\/li>\n<li>\u201cProcessamento de dados (I).\u201d \u2013 <a href=\"http:\/\/lattes.cnpq.br\/2080099102941335\">Prof. David Chinellato (IFGW, UNICAMP).<\/a><\/li>\n<li>Visita a centro de HPC<\/li>\n<\/ul>\n<p>23\/02\/2016. Ter\u00e7a-feria<\/p>\n<ul>\n<li>Palestra: \u201cDetectores\u201d. <a href=\"http:\/\/lattes.cnpq.br\/7057603141934226\">\u2013 Prof. Jun Takahashi. IFGW, UNICAMP.<\/a><\/li>\n<li>Minicurso: \u201cIntroduction to data analysus. (aula 1)\u201d. &#8211; <a href=\"http:\/\/ftp.preghenella.altervista.org\">Dr. Roberto Preghnella. INFN, It\u00e1lia.<\/a><\/li>\n<li>Minicurso: \u201cQCD (Aula 1)\u201d . <a href=\"http:\/\/lattes.cnpq.br\/9839588082439361\">\u2013 Prof. Giorgio Torrieri. IFGW, UNICAMP.<\/a><\/li>\n<li>\u201cProcessamento de dados (2).\u201d \u2013 <a href=\"http:\/\/lattes.cnpq.br\/2080099102941335\">Prof. David Chinellato (IFGW, UNICAMP).<\/a><\/li>\n<li>Visita a centro de HPC<\/li>\n<\/ul>\n<p>24\/02\/2016 \u2013 Quarta-feira<\/p>\n<p>Palestra: \u201cLiquid Argon technology for particle physics. New perspectives for<\/p>\n<ul>\n<li>Brazilian experimental physics. \u201c <a href=\"http:\/\/lattes.cnpq.br\/3812081586004994\">\u2013Prof. Ettore Segreto. IFGW, UNICAMP.<\/a><\/li>\n<li>Minicurso: \u201cIntroduction to data analysis. (aula 2)\u201d. &#8211; <a href=\"http:\/\/ftp.preghenella.altervista.org\">Dr. Roberto Preghnella. INFN, It\u00e1lia.<\/a><\/li>\n<li>Minicurso: \u201cQCD (Aula 2)\u201d . <a href=\"http:\/\/lattes.cnpq.br\/9839588082439361\">\u2013 Prof. Giorgio Torrieri. IFGW, UNICAMP.<\/a><\/li>\n<li>Palestra \u201cSimula\u00e7\u00f5es Monte Carlo no LHC.\u201d \u2013 <a href=\"http:\/\/lattes.cnpq.br\/2080099102941335\"> David Chinellato (IFGW, UNICAMP).<\/a><\/li>\n<li>Laborat\u00f3rio de detectores. <a href=\"http:\/\/lattes.cnpq.br\/2640972201304354\">\u2013 Maria Em\u00edlia Seren<\/a><\/li>\n<\/ul>\n<p>25\/02\/2016. Quinta-feira<\/p>\n<ul>\n<li>Palestra: \u201cF\u00edsica de Part\u00edculas com o Observat\u00f3rio Pierre Auger \u201d \u2013 <a href=\"http:\/\/lattes.cnpq.br\/0301569503177054\"> Carola Dobrigkeit Chinellato. IFGW, UNICAMP.<\/a><\/li>\n<li>Minicurso: \u201cIntrodu\u00e7\u00e3o \u00e0 cosmologia (aula 1)\u201d<a href=\"http:\/\/lattes.cnpq.br\/0918230852307211\">&#8211; Prof. Pedro de Holanda. IFGW, UNICAMP.<\/a><\/li>\n<li>Minicurso: \u201cF\u00edsica hadr\u00f4nica no IFGW (aula 1)\u201d <a href=\"http:\/\/lattes.cnpq.br\/1487184052521972\">\u2013Prof. Jos\u00e9 Chinellato.<\/a><\/li>\n<li>Laborat\u00f3rio de detectores. <a href=\"http:\/\/lattes.cnpq.br\/2640972201304354\">\u2013 Maria Em\u00edlia Seren<\/a><\/li>\n<\/ul>\n<p>26\/02\/2016. Sexta-feira<\/p>\n<ul>\n<li>Palestra: Clima Espacial: Ambiente Sol-Terra. <a href=\"http:\/\/lattes.cnpq.br\/8030262077949409\"> Dr. Clezio Marcos de Nardin. INPE.<\/a><\/li>\n<li>Minicurso: \u201cIntrodu\u00e7\u00e3o \u00e0 cosmologia (aula 2)\u201d<a href=\"http:\/\/lattes.cnpq.br\/0918230852307211\">&#8211; Prof. Pedro de Holanda. IFGW, UNICAMP.<\/a><\/li>\n<li>Minicurso: Em constru\u00e7\u00e3o. \u201cF\u00edsica hadr\u00f4nica no IFGW (aula 1)\u201d <a href=\"http:\/\/lattes.cnpq.br\/1487184052521972\">\u2013Prof. Jos\u00e9 Chinellato.<\/a><\/li>\n<li>Palestra de encerramento. \u201cBuracos negros\u201d<a href=\"http:\/\/lattes.cnpq.br\/8775304977333608\">&#8211; Prof. Jorge Noronha. USP.<\/a><\/li>\n<\/ul>\n<p>Encerramento<\/p>\n<p>&nbsp;<\/p>\n","protected":false},"excerpt":{"rendered":"<p>Programa\u00e7\u00e3o Preliminar do Curso de Ver\u00e3o IFGW \u2013 2016 Tem\u00e1tica: \u201cDo microcosmo ao macrocosmo em F\u00edsica de Part\u00edculas\u201d # Click no nome do palestrante para ver o seu CV. 22\/02\/2016. Segunda-feira Cerim\u00f4nia de Abertura Palestra de Abertura: \u201cLHC Physics\u201d- Roberto Preghnella. INFN, It\u00e1lia. Minicurso: \u201cIntrodu\u00e7\u00e3o \u00e0 F\u00edsica de Part\u00edculas (aula 1)\u201d \u2013 Carola Dobrigkeit Chinellato. &hellip; <\/p>\n<p><a class=\"more-link btn\" href=\"https:\/\/sites.ifi.unicamp.br\/veraoifgw\/evento-programacao\/2016-2\/\">Continue lendo<\/a><\/p>\n","protected":false},"author":1,"featured_media":0,"parent":1052,"menu_order":0,"comment_status":"closed","ping_status":"closed","template":"","meta":{"footnotes":""},"class_list":["post-1244","page","type-page","status-publish","hentry","nodate","item-wrap"],"_links":{"self":[{"href":"https:\/\/sites.ifi.unicamp.br\/veraoifgw\/wp-json\/wp\/v2\/pages\/1244","targetHints":{"allow":["GET"]}}],"collection":[{"href":"https:\/\/sites.ifi.unicamp.br\/veraoifgw\/wp-json\/wp\/v2\/pages"}],"about":[{"href":"https:\/\/sites.ifi.unicamp.br\/veraoifgw\/wp-json\/wp\/v2\/types\/page"}],"author":[{"embeddable":true,"href":"https:\/\/sites.ifi.unicamp.br\/veraoifgw\/wp-json\/wp\/v2\/users\/1"}],"replies":[{"embeddable":true,"href":"https:\/\/sites.ifi.unicamp.br\/veraoifgw\/wp-json\/wp\/v2\/comments?post=1244"}],"version-history":[{"count":11,"href":"https:\/\/sites.ifi.unicamp.br\/veraoifgw\/wp-json\/wp\/v2\/pages\/1244\/revisions"}],"predecessor-version":[{"id":1398,"href":"https:\/\/sites.ifi.unicamp.br\/veraoifgw\/wp-json\/wp\/v2\/pages\/1244\/revisions\/1398"}],"up":[{"embeddable":true,"href":"https:\/\/sites.ifi.unicamp.br\/veraoifgw\/wp-json\/wp\/v2\/pages\/1052"}],"wp:attachment":[{"href":"https:\/\/sites.ifi.unicamp.br\/veraoifgw\/wp-json\/wp\/v2\/media?parent=1244"}],"curies":[{"name":"wp","href":"https:\/\/api.w.org\/{rel}","templated":true}]}}