{"id":1503,"date":"2017-08-29T12:30:32","date_gmt":"2017-08-29T12:30:32","guid":{"rendered":"https:\/\/sites.ifi.unicamp.br\/veraoifgw\/?page_id=1503"},"modified":"2018-02-01T14:30:40","modified_gmt":"2018-02-01T14:30:40","slug":"2018-2","status":"publish","type":"page","link":"https:\/\/sites.ifi.unicamp.br\/veraoifgw\/evento-programacao\/2018-2\/","title":{"rendered":"2018"},"content":{"rendered":"<p style=\"text-align: center\"><a href=\"https:\/\/sites.ifi.unicamp.br\/veraoifgw\/files\/2018\/02\/logos_2018.png\"><img loading=\"lazy\" decoding=\"async\" class=\"size-full wp-image-1620 alignleft\" src=\"https:\/\/sites.ifi.unicamp.br\/veraoifgw\/files\/2018\/02\/logos_2018.png\" alt=\"\" width=\"498\" height=\"89\" srcset=\"https:\/\/sites.ifi.unicamp.br\/veraoifgw\/files\/2018\/02\/logos_2018.png 498w, https:\/\/sites.ifi.unicamp.br\/veraoifgw\/files\/2018\/02\/logos_2018-300x54.png 300w\" sizes=\"auto, (max-width: 498px) 100vw, 498px\" \/><\/a><\/p>\n<p>&nbsp;<\/p>\n<p>&nbsp;<\/p>\n<p>&nbsp;<\/p>\n<p style=\"text-align: center\"><strong>Curso de Ver\u00e3o IFGW \u2013 2018<\/strong><br \/>\n<strong> Tem\u00e1tica: \u201cNanoci\u00eancias e nanomateriais\u201d<\/strong><\/p>\n<p style=\"text-align: center\"><a href=\"https:\/\/sites.ifi.unicamp.br\/veraoifgw\/files\/2018\/02\/Programac\u0327a\u0303o-Curso-Vera\u0303o-2018_01022018-2.pdf\" target=\"_blank\" rel=\"noopener\">Clique aqui para imprimir a programac\u0327a\u0303o em PDF<\/a><\/p>\n<p><a href=\"https:\/\/sites.ifi.unicamp.br\/veraoifgw\/files\/2018\/01\/PROGRAMA\u00c7\u00c3O_19012018.png\"><img loading=\"lazy\" decoding=\"async\" class=\"alignnone size-full wp-image-1614\" src=\"https:\/\/sites.ifi.unicamp.br\/veraoifgw\/files\/2018\/01\/PROGRAMA\u00c7\u00c3O_19012018.png\" alt=\"\" width=\"612\" height=\"454\" srcset=\"https:\/\/sites.ifi.unicamp.br\/veraoifgw\/files\/2018\/01\/PROGRAMA\u00c7\u00c3O_19012018.png 612w, https:\/\/sites.ifi.unicamp.br\/veraoifgw\/files\/2018\/01\/PROGRAMA\u00c7\u00c3O_19012018-300x223.png 300w\" sizes=\"auto, (max-width: 612px) 100vw, 612px\" \/><\/a><\/p>\n<p># Click no nome do palestrante para ver o seu CV.<\/p>\n<p>05\/02\/2018. Segunda-feira<\/p>\n<ul>\n<li>Cerim\u00f4nia de Abertura<\/li>\n<li>Palestra de Abertura: \u201cNon-equibirlium dynamics of matter with TDDFT&#8221;. <a href=\"http:\/\/nano-bio.ehu.es\/users\/umberto\">Umberto de Giovannini, PhD. Basque Country UniversityandMax Planck Institute, Germany.<\/a><\/li>\n<li>Minicurso-aula 1:\u201dDin\u00e2mica Molecular Cl\u00e1ssica\u201d<a href=\"http:\/\/lattes.cnpq.br\/5474049197041676\"> Alexandre da Fonseca, IFGW, Unicamp.<\/a><\/li>\n<li>Minicurso-aula 2:\u201dDin\u00e2mica Molecular Cl\u00e1ssica\u201dP<a href=\"http:\/\/lattes.cnpq.br\/5474049197041676\"> Alexandre da Fonseca, IFGW, Unicamp.<\/a><\/li>\n<li>Visitas a laborat\u00f3rios\/grupos de pesquisa<\/li>\n<\/ul>\n<p>06\/02\/2018. Ter\u00e7a-feria<\/p>\n<ul>\n<li>Palestra:&#8221;Scanning Tunneling Microscopy: a lab on a tip&#8221;.<a href=\"http:\/\/lattes.cnpq.br\/8184319039525154\"> Abner de Siervo. IFGW, Unicamp.<\/a><\/li>\n<li>Minicurso-aula 1:\u201dIntrodu\u00e7\u00e3o \u00e0 MicroscopiaEletr\u00f4nica de Transmiss\u00e3o\u201d-<a href=\"http:\/\/lattes.cnpq.br\/1859358120408738\"> Luiz Zagonel. IFGW, Unicamp.<\/a><\/li>\n<li>Minicurso-aula 2:\u201dIntrodu\u00e7\u00e3o \u00e0 MicroscopiaEletr\u00f4nica de Transmiss\u00e3o\u201d-<a href=\"http:\/\/lattes.cnpq.br\/1859358120408738\"> Luiz Zagonel. IFGW, Unicamp<\/a>.<\/li>\n<li>Minicurso-aula 1:\u201d The Octopus code for TD-DFTcalculations\u201d.<a href=\"http:\/\/nano-bio.ehu.es\/users\/umberto\">Umberto de Giovannini, PhD. Basque Country Universityand Max Planck Institute, Germany.<\/a><\/li>\n<\/ul>\n<p>07\/02\/2018 \u2013 Quarta-feira<\/p>\n<ul>\n<li>Palestra:\u201cPart\u00edculascompostasporapenasalguns\u00e1tomos: o pequeno \u00e9 diferente\u201d-<a href=\"http:\/\/lattes.cnpq.br\/2965930777269053\"> Varlei Rodrigues. IFGW, Unicamp.<\/a><\/li>\n<li>Minicurso:<a href=\"http:\/\/lattes.cnpq.br\/2026175884338340\"> L\u00e1zaro Padilha. IFGW, Unicamp.<\/a><\/li>\n<li>Minicurso:<a href=\"http:\/\/lattes.cnpq.br\/2026175884338340\"> L\u00e1zaro Padilha. IFGW, Unicamp.<\/a><\/li>\n<li>Minicurso-aula 2: \u201dThe Octopus code for TD-DFTcalculations\u201d.<a href=\"http:\/\/nano-bio.ehu.es\/users\/umberto\">Umberto de Giovannini, PhD. Basque Country Universityand Max Planck Institute, Germany.<\/a><\/li>\n<\/ul>\n<p>08\/02\/2018. Quinta-feira<\/p>\n<ul>\n<li>Palestra: \u201cRevealing the inner structure of PtPd nanoparticles using x-rays, electrons and ions\u201d- <a href=\"http:\/\/lattes.cnpq.br\/1465526203054126\"> JonderMorais. UFRGS.<\/a><\/li>\n<li>Minicurso: \u201cSpintr\u00f4nica e memoriasmagn\u00e9ticas: o futuronasociedadede informa\u00e7\u00e3o\u201d-<a href=\"http:\/\/lattes.cnpq.br\/9700001213434251\"> Fanny B\u00e9ron. IFGW, Unicamp.<\/a><\/li>\n<li>Minicurso-aula 2:\u201dSpintr\u00f4nica e memoriasmagn\u00e9ticas: o futuronasociedade de informa\u00e7\u00e3o\u201d-<a href=\"http:\/\/lattes.cnpq.br\/9700001213434251\"> Fanny B\u00e9ron. IFGW, Unicamp<\/a>.<\/li>\n<li>Visita a laborat\u00f3rios\/grupos de pesquisa<\/li>\n<\/ul>\n<p>09\/02\/2018. Sexta-feira<\/p>\n<ul>\n<li>Palestra:\u201cSelf-assembled materials\u201d-P<a href=\"http:\/\/lattes.cnpq.br\/0751163307734256\"> Ant\u00f4nio Riul. IFGW, Unicamp.<\/a><\/li>\n<li>Minicurso-aula 1:\u201dEspectroscopia\u00f3ptica de materiais bi-dimensionaisbaseadosemdicalcogenetos de metais de transi\u00e7\u00e3o\u201d-<a href=\"http:\/\/lattes.cnpq.br\/3370040949589140\"> Odilon de Couto. IFGW, Unicamp.<\/a><\/li>\n<li>Minicurso-aula 2: \u201cEspectroscopia\u00f3ptica de materiais bi-dimensionaisbaseadosemdicalcogenetos de metais de transi\u00e7\u00e3o\u201d-<a href=\"http:\/\/lattes.cnpq.br\/3370040949589140\"> Odilon de Couto. IFGW, Unicamp.<\/a><\/li>\n<li>Palestra de encerramento: \u201cMulti-scale modeling of nanomaterials: from nanotubes to ants.\u201d- <a href=\"http:\/\/lattes.cnpq.br\/9138028556380501\"> Douglas Galv\u00e3o. IFGW<\/a><\/li>\n<li>Encerramento<\/li>\n<\/ul>\n","protected":false},"excerpt":{"rendered":"<p>&nbsp; &nbsp; &nbsp; Curso de Ver\u00e3o IFGW \u2013 2018 Tem\u00e1tica: \u201cNanoci\u00eancias e nanomateriais\u201d Clique aqui para imprimir a programac\u0327a\u0303o em PDF # Click no nome do palestrante para ver o seu CV. 05\/02\/2018. Segunda-feira Cerim\u00f4nia de Abertura Palestra de Abertura: \u201cNon-equibirlium dynamics of matter with TDDFT&#8221;. Umberto de Giovannini, PhD. Basque Country UniversityandMax Planck Institute, &hellip; <\/p>\n<p><a class=\"more-link btn\" href=\"https:\/\/sites.ifi.unicamp.br\/veraoifgw\/evento-programacao\/2018-2\/\">Continue lendo<\/a><\/p>\n","protected":false},"author":7,"featured_media":0,"parent":1052,"menu_order":0,"comment_status":"closed","ping_status":"closed","template":"","meta":{"footnotes":""},"class_list":["post-1503","page","type-page","status-publish","hentry","nodate","item-wrap"],"_links":{"self":[{"href":"https:\/\/sites.ifi.unicamp.br\/veraoifgw\/wp-json\/wp\/v2\/pages\/1503","targetHints":{"allow":["GET"]}}],"collection":[{"href":"https:\/\/sites.ifi.unicamp.br\/veraoifgw\/wp-json\/wp\/v2\/pages"}],"about":[{"href":"https:\/\/sites.ifi.unicamp.br\/veraoifgw\/wp-json\/wp\/v2\/types\/page"}],"author":[{"embeddable":true,"href":"https:\/\/sites.ifi.unicamp.br\/veraoifgw\/wp-json\/wp\/v2\/users\/7"}],"replies":[{"embeddable":true,"href":"https:\/\/sites.ifi.unicamp.br\/veraoifgw\/wp-json\/wp\/v2\/comments?post=1503"}],"version-history":[{"count":21,"href":"https:\/\/sites.ifi.unicamp.br\/veraoifgw\/wp-json\/wp\/v2\/pages\/1503\/revisions"}],"predecessor-version":[{"id":1631,"href":"https:\/\/sites.ifi.unicamp.br\/veraoifgw\/wp-json\/wp\/v2\/pages\/1503\/revisions\/1631"}],"up":[{"embeddable":true,"href":"https:\/\/sites.ifi.unicamp.br\/veraoifgw\/wp-json\/wp\/v2\/pages\/1052"}],"wp:attachment":[{"href":"https:\/\/sites.ifi.unicamp.br\/veraoifgw\/wp-json\/wp\/v2\/media?parent=1503"}],"curies":[{"name":"wp","href":"https:\/\/api.w.org\/{rel}","templated":true}]}}