{"id":1650,"date":"2018-03-15T14:28:23","date_gmt":"2018-03-15T14:28:23","guid":{"rendered":"https:\/\/sites.ifi.unicamp.br\/veraoifgw\/?page_id=1650"},"modified":"2019-02-07T13:08:21","modified_gmt":"2019-02-07T13:08:21","slug":"2019-2","status":"publish","type":"page","link":"https:\/\/sites.ifi.unicamp.br\/veraoifgw\/evento-programacao\/2019-2\/","title":{"rendered":"2019"},"content":{"rendered":"<p style=\"text-align: center\"><strong>Curso de Ver\u00e3o IFGW \u2013 2019<\/strong><br \/>\n<strong> Tem\u00e1tica: \u201cA F\u00edsica Computacional\u201d<\/strong><\/p>\n<p style=\"text-align: center\"><a href=\"https:\/\/sites.ifi.unicamp.br\/veraoifgw\/files\/2019\/02\/Programac\u0327a\u0303o-Curso-Vera\u0303o-2019_07022019.pdf\" target=\"_blank\" rel=\"noopener\">Clique aqui para imprimir a programac\u0327a\u0303o em PDF<\/a><\/p>\n<p><a href=\"https:\/\/sites.ifi.unicamp.br\/veraoifgw\/files\/2019\/02\/TABELA.png\"><img loading=\"lazy\" decoding=\"async\" class=\"size-full wp-image-1756 aligncenter\" src=\"https:\/\/sites.ifi.unicamp.br\/veraoifgw\/files\/2019\/02\/TABELA.png\" alt=\"\" width=\"526\" height=\"326\" srcset=\"https:\/\/sites.ifi.unicamp.br\/veraoifgw\/files\/2019\/02\/TABELA.png 526w, https:\/\/sites.ifi.unicamp.br\/veraoifgw\/files\/2019\/02\/TABELA-300x186.png 300w\" sizes=\"auto, (max-width: 526px) 100vw, 526px\" \/><\/a><\/p>\n<p># Click no nome do palestrante para ver o seu CV.<\/p>\n<p><strong>&nbsp;<\/strong><strong>18\/02\/2019. Segunda-feira<\/strong><\/p>\n<ul>\n<li>Cerim\u00f4nia de Abertura<\/li>\n<li>Palestra de Abertura: Monte Carlo simulation of early biological damage induced by ionizing radiation at the DNA scale: overview of the Geant4-DNA project- Dr. <a href=\"http:\/\/www.cenbg.in2p3.fr\/Equipe-iRiBio\">-Sebastien Incerti. Diretor de Pesqusia, Centre national de la recherche scientifique. Fran\u00e7a.<\/a><\/li>\n<li>Minicurso (aula 1): \u201cMolecular dynamics: principles, applications and limitations\u201d \u2013 <a href=\"http:\/\/lattes.cnpq.br\/4091442267325340\"> Maurice de Koning. IFGW, Unicamp.<\/a><\/li>\n<li>Minicurso (aula 2): \u201cMolecular dynamics: principles, applications and limitations\u201d \u2013 <a href=\"http:\/\/lattes.cnpq.br\/4091442267325340\"> Maurice de Koning . IFGW, Unicamp.<\/a><\/li>\n<li>Visitas a laborat\u00f3rios\/grupos de pesquisa<\/li>\n<\/ul>\n<p><strong>19\/02\/2019. Ter\u00e7a-feira<\/strong><\/p>\n<ul>\n<li>Palestra: &#8220;Modelagem Computacional de Materiais atrav\u00e9s de Primeiros Princ\u00edpios da Mec\u00e2nica Qu\u00e2ntica&#8221;- <a href=\"http:\/\/lattes.cnpq.br\/1862328080660655\"> Alex Antonelli. IFGW, Unicamp.<\/a><\/li>\n<li>Minicurso (aula 1): Track structure simulations in radiation transport with Geant4-DNA. <a href=\"http:\/\/www.cenbg.in2p3.fr\/Equipe-iRiBio\">-Sebastien Incerti. Diretor de Pesqusia, Centre National de la Recherche Scientifique. Fran\u00e7a.<\/a><\/li>\n<li>Minicurso (aula 2): Track structure simulations in radiation transport with Geant4-DNA <a href=\"http:\/\/www.cenbg.in2p3.fr\/Equipe-iRiBio\">-Sebastien Incerti. Diretor de Pesqusia, Centre National de la Recherche Scientifique. Fran\u00e7a.<\/a><\/li>\n<\/ul>\n<p>&nbsp;<\/p>\n<p><strong>20\/02\/2019 \u2013 Quarta-feira<\/strong><\/p>\n<ul>\n<li>Palestra: \u201cTratamento variacional do po\u00e7o infinito de potencial com o m\u00e9todo de Monte Carlo\u201d- <a href=\"http:\/\/lattes.cnpq.br\/4795491533238074\"> S\u00edlvio Vitiello. IFGW, Unicamp.<\/a><\/li>\n<li>Minicurso (aula 1): &#8220;Modelagem Multi-escala de Nanomateriais&#8221;. <a href=\"http:\/\/lattes.cnpq.br\/9138028556380501\">-Douglas Galv\u00e3o. IFGW, Unicamp.<\/a><\/li>\n<li>Minicurso (aula 2): &#8220;Modelagem Multi-escala de Nanomateriais&#8221;. <a href=\"http:\/\/lattes.cnpq.br\/9138028556380501\">-Douglas Galv\u00e3o. IFGW, Unicamp.<\/a><\/li>\n<\/ul>\n<p>&nbsp;<\/p>\n<p><strong>21\/02\/2019. Quinta-feira<\/strong><\/p>\n<ul>\n<li>Palestra: \u201cO Arco Iris e a F\u00edsica das Nanopart\u00edculas de Prata\u201d &#8211;<a href=\"http:\/\/lattes.cnpq.br\/1967754065410160\"> Edison Zacaria, IFGW, Unicamp.<\/a><\/li>\n<li>Minicurso (aula 1): Din\u00e2mica Molecular Cl\u00e1ssica.\u201d- <a href=\"http:\/\/lattes.cnpq.br\/5474049197041676\"> Alexandre da Fonseca, IFGW, Unicamp.<\/a><\/li>\n<li>Mincurso (aula 2)Din\u00e2mica Molecular Cl\u00e1ssica.\u201d- <a href=\"http:\/\/lattes.cnpq.br\/5474049197041676\"> Alexandre da Fonseca, IFGW, Unicamp.<\/a><\/li>\n<li>Visita a laborat\u00f3rios\/grupos de pesquisa<\/li>\n<\/ul>\n<p>&nbsp;<\/p>\n<p><strong>22\/02\/2019. Sexta-feira<\/strong><\/p>\n<ul>\n<li>Palestra: \u201cComputa\u00e7\u00e3o de alto desempenho no LHC.\u201d- <a href=\"http:\/\/lattes.cnpq.br\/7057603141934226\"> Jun Takahashi. IFGW, Unicamp.<\/a><\/li>\n<li>Minicurso (aula 1): \u201cComputa\u00e7\u00e3o de alto desempenho\u201d &#8211; <a href=\"http:\/\/lattes.cnpq.br\/7771878233635494\">F\u00e1bio Andrijauskas. IFGW, Unicamp.<\/a><\/li>\n<li>Minicurso (aula 2): \u201cComputa\u00e7\u00e3o de alto desempenho.\u201d- <a href=\"http:\/\/lattes.cnpq.br\/7771878233635494\">F\u00e1bio Andrijauskas. IFGW, Unicamp.<\/a><\/li>\n<li>Palestra de encerramento: &#8220;Sistemas Complexos: Aplica\u00e7\u00f5es em Ci\u00eancias Sociais, Materiais Granulares e Din\u00e2mica de Fluidos&#8221;- <a href=\"http:\/\/lattes.cnpq.br\/8711030043086711\"> Jos\u00e9 S. Andrade Jr. Universidade Federal do Cear\u00e1.<\/a><\/li>\n<li>Encerramento<\/li>\n<\/ul>\n<p>&nbsp;<\/p>\n","protected":false},"excerpt":{"rendered":"<p>Curso de Ver\u00e3o IFGW \u2013 2019 Tem\u00e1tica: \u201cA F\u00edsica Computacional\u201d Clique aqui para imprimir a programac\u0327a\u0303o em PDF # Click no nome do palestrante para ver o seu CV. &nbsp;18\/02\/2019. Segunda-feira Cerim\u00f4nia de Abertura Palestra de Abertura: Monte Carlo simulation of early biological damage induced by ionizing radiation at the DNA scale: overview of the &hellip; <\/p>\n<p><a class=\"more-link btn\" href=\"https:\/\/sites.ifi.unicamp.br\/veraoifgw\/evento-programacao\/2019-2\/\">Continue lendo<\/a><\/p>\n","protected":false},"author":7,"featured_media":0,"parent":1052,"menu_order":0,"comment_status":"closed","ping_status":"closed","template":"","meta":{"footnotes":""},"class_list":["post-1650","page","type-page","status-publish","hentry","nodate","item-wrap"],"_links":{"self":[{"href":"https:\/\/sites.ifi.unicamp.br\/veraoifgw\/wp-json\/wp\/v2\/pages\/1650","targetHints":{"allow":["GET"]}}],"collection":[{"href":"https:\/\/sites.ifi.unicamp.br\/veraoifgw\/wp-json\/wp\/v2\/pages"}],"about":[{"href":"https:\/\/sites.ifi.unicamp.br\/veraoifgw\/wp-json\/wp\/v2\/types\/page"}],"author":[{"embeddable":true,"href":"https:\/\/sites.ifi.unicamp.br\/veraoifgw\/wp-json\/wp\/v2\/users\/7"}],"replies":[{"embeddable":true,"href":"https:\/\/sites.ifi.unicamp.br\/veraoifgw\/wp-json\/wp\/v2\/comments?post=1650"}],"version-history":[{"count":10,"href":"https:\/\/sites.ifi.unicamp.br\/veraoifgw\/wp-json\/wp\/v2\/pages\/1650\/revisions"}],"predecessor-version":[{"id":1758,"href":"https:\/\/sites.ifi.unicamp.br\/veraoifgw\/wp-json\/wp\/v2\/pages\/1650\/revisions\/1758"}],"up":[{"embeddable":true,"href":"https:\/\/sites.ifi.unicamp.br\/veraoifgw\/wp-json\/wp\/v2\/pages\/1052"}],"wp:attachment":[{"href":"https:\/\/sites.ifi.unicamp.br\/veraoifgw\/wp-json\/wp\/v2\/media?parent=1650"}],"curies":[{"name":"wp","href":"https:\/\/api.w.org\/{rel}","templated":true}]}}