{"id":50,"date":"2014-12-11T11:13:02","date_gmt":"2014-12-11T11:13:02","guid":{"rendered":"https:\/\/sites.ifi.unicamp.br\/veraoifgw\/?page_id=50"},"modified":"2019-11-18T18:04:16","modified_gmt":"2019-11-18T18:04:16","slug":"eventoprograma","status":"publish","type":"page","link":"https:\/\/sites.ifi.unicamp.br\/veraoifgw\/evento-programacao\/eventoprograma\/","title":{"rendered":"2014"},"content":{"rendered":"<p align=\"center\"><b>Programa\u00e7\u00e3o do Curso de Ver\u00e3o IFGW \u2013 2014<\/b><\/p>\n<p align=\"center\"><b>Tem\u00e1tica: \u201cMateriais Avan\u00e7ados e T\u00e9cnicas de Caracteriza\u00e7\u00e3o\u201d<\/b><\/p>\n<p style=\"text-align: left;\" align=\"center\"><a href=\"https:\/\/sites.ifi.unicamp.br\/veraoifgw\/files\/2012\/12\/Tabela_programa_10_02_2014.jpg\"><img loading=\"lazy\" decoding=\"async\" class=\"aligncenter wp-image-1112 size-full\" src=\"https:\/\/sites.ifi.unicamp.br\/veraoifgw\/files\/2012\/12\/Tabela_programa_10_02_2014.jpg\" alt=\"\" width=\"539\" height=\"477\" srcset=\"https:\/\/sites.ifi.unicamp.br\/veraoifgw\/files\/2012\/12\/Tabela_programa_10_02_2014.jpg 539w, https:\/\/sites.ifi.unicamp.br\/veraoifgw\/files\/2012\/12\/Tabela_programa_10_02_2014-300x265.jpg 300w\" sizes=\"auto, (max-width: 539px) 100vw, 539px\" \/><\/a><\/p>\n<p># Click no nome do palestrante para ver o seu CV.<\/p>\n<p># Click no t\u00edtulo da palestra para abrir a apresenta\u00e7\u00e3o.<\/p>\n<p>&nbsp;<\/p>\n<p><b>17\/02\/2014 \u2013 Segunda Feira<\/b><\/p>\n<p>Cerim\u00f4nia de Abertura:&nbsp;<a href=\"https:\/\/sites.ifi.unicamp.br\/veraoifgw\/files\/2012\/12\/Ugarte-Escola_fev14_web.pdf\">&#8220;Estudo de nanossistemas individuais por experimentos din\u00e2micos dentro de microsc\u00f3pios electr\u00f4nicos\u201d &#8211; Prof. Daniel M\u00e1rio Ugarte (IFGW-UNICAMP)&#8221;<\/a><\/p>\n<p>Palestra de Abertura:<\/p>\n<p>Minicurso: \u201cIntrodu\u00e7\u00e3o \u00e0 Microscopia Eletr\u00f4nica (Aula 1)\u201d &#8211; <a href=\"http:\/\/lattes.cnpq.br\/1859358120408738\">Prof. Luiz F. Zagonel (IFGW-UNICAMP)<\/a> Minicurso: \u201cIntrodu\u00e7\u00e3o ao Nanomagnetismo (Aula 1)\u201d &#8211; <a href=\"http:\/\/lattes.cnpq.br\/8910557213253128\">Prof. Kleber R. Pirota (IFGW-UNICAMP)<\/a> Palestra: \u201c<a href=\"https:\/\/sites.ifi.unicamp.br\/veraoifgw\/files\/2014\/03\/Riul_escola-verao-IFGW_2014.pdf\">Nanoestrutura\u00e7\u00e3o e Nanotecnologia<\/a>\u201d \u2013 <a href=\"http:\/\/lattes.cnpq.br\/0751163307734256\">Prof. Ant\u00f4nio Riul Junior (IFGW-UNICAMP)<\/a> Visita a Laborat\u00f3rios: Lab1 (Superf\u00edcies: XPS e STM), Lab2 (LAMULT- Laborat\u00f3rio Multi-Usu\u00e1rios) &nbsp; <b>18\/02\/2014 \u2013 Ter\u00e7a Feria<\/b> Minicurso: \u201cIntrodu\u00e7\u00e3o \u00e0s fibras especiais e aplica\u00e7\u00f5es em sensoriamento \u00f3ptico\u201d &#8211; <a href=\"http:\/\/lattes.cnpq.br\/4960030568504765\">Prof. Cristiano M.B. Cordeiro (IFGW-UNICAMP)<\/a> Minicurso: \u201cIntrodu\u00e7\u00e3o \u00e0 Microscopia Eletr\u00f4nica (Aula 2)\u201d &#8211; <a href=\"http:\/\/lattes.cnpq.br\/1859358120408738\">Prof. Luiz F. Zagonel (IFGW-UNICAMP)<\/a> Minicurso: \u201c<a href=\"https:\/\/sites.ifi.unicamp.br\/veraoifgw\/files\/2014\/03\/Sem_Verao_2014_Fanny.pdf\">Introdu\u00e7\u00e3o ao Nanomagnetismo (Aula 2<\/a>)\u201d &#8211; <a href=\"http:\/\/lattes.cnpq.br\/9700001213434251\">Prof. Fanny B\u00e9ron (IFGW-UNICAMP) <\/a> Palestra: \u201cNew advances in photonic crystal fibers\u201d \u2013 <a href=\"http:\/\/www.bath.ac.uk\/physics\/groups\/cppm\/JonathanK.php\">Prof. Jonathan Knight (University of Bath-UK)<\/a> Visita a Laborat\u00f3rios: Lab3 (CCS), Lab4 (Fibras \u00f3ticas) Lab3 \u2013 Centro de Componentes Semicondutores (~40min) Lab4 &#8211; Fabrica\u00e7\u00e3o de fibras microestruturadas polim\u00e9ricas (LaFE-IFGW) \u2013 Jonas Os\u00f3rio \/ Thiago Rosales \/ Cristiano Cordeiro (1:00h) &nbsp; <b>19\/02\/2014 \u2013 Quarta Feira<\/b> Minicurso: \u201cComunica\u00e7\u00e3o \u00f3ptica e fibras de bandgap fot\u00f4nico\u201d &#8211; <a href=\"http:\/\/lattes.cnpq.br\/3345521553592169\">Prof. Paulo Cl\u00f3vis Dainese Junior (IFGW-UNICAMP)<\/a><\/p>\n<p>Minicurso: \u201c<a href=\"https:\/\/sites.ifi.unicamp.br\/veraoifgw\/files\/2014\/03\/Alexandre_IFGW_EscolaVeral2014.pdf\">Modelagem de materiais nanoestruturados com f\u00edsica b\u00e1sica<\/a>\u201d \u2013 <a href=\"http:\/\/lattes.cnpq.br\/5474049197041676\">Prof. Alexandre Fontes da Fonseca (IFGW \u2013 UNICAMP)<\/a><\/p>\n<p>Minicurso: \u201cFundamentos da Simula\u00e7\u00e3o Molecular (Aula 1)\u201d \u2013 <a href=\"http:\/\/lattes.cnpq.br\/4091442267325340\">Prof. Maurice de Koning (IFGW-UNICAMP)<\/a><\/p>\n<p>Palestra: \u201cElectronic structure investigation on Dirac materials\u201d \u2013 <a href=\"http:\/\/philiphofmann.net\/Philip_Hofmann\/home.html\">Prof. Philip Hofmann \u2013 (iNANO \u2013 Aarhus University &#8211; Denmark)<\/a><\/p>\n<p>Visita a Laborat\u00f3rios: Lab5 (Baixas temperaturas e magnetismo), Lab6 (Superf\u00edcies &#8211; STM)<\/p>\n<p>&nbsp;<\/p>\n<p><b>20\/02\/2014 \u2013 Quinta Feira<\/b><\/p>\n<p>Minicurso: \u201cT\u00e9cnicas avan\u00e7adas em difra\u00e7\u00e3o de raios X\u201d \u2013 <a href=\"http:\/\/lattes.cnpq.br\/5185996667559560\">Prof. Carlos Gilles Mayolo (IFGW-UNICAMP)<\/a><\/p>\n<p>Minicurso: \u201c<a href=\"https:\/\/sites.ifi.unicamp.br\/veraoifgw\/files\/2014\/03\/Curso_Verao_IFGW_2014_Aula_01_EEG_NIRS_fMRI.pdf\">T\u00e9cnicas Avan\u00e7adas para o Estudo do C\u00e9rebro (Aula 1)<\/a>\u201d \u2013 <a href=\"http:\/\/lattes.cnpq.br\/5993832413749292\">Prof. Gabriela Castellano (IFGW-UNICAMP)<\/a><\/p>\n<p>&nbsp;<\/p>\n<p>Minicurso: \u201cFundamentos da Simula\u00e7\u00e3o Molecular (Aula 2)\u201d \u2013 <a href=\"http:\/\/lattes.cnpq.br\/4091442267325340\">Prof. Maurice de Koning (IFGW-UNICAMP)<\/a><\/p>\n<p>Palestra: \u201cOn the energy to bend a molecule: extracting information from the nanoworld with a scanning tunneling microscope\u201d \u2013 <a href=\"https:\/\/www.chemie.uni-erlangen.de\/dcp\/forschung\/arbeitskreise\/arbeitskreis-marbach\/\">Prof. Hubertus Marbach (&nbsp;Friedrich-Alexander-Universit\u00e4t Erlangen-N\u00fcrnberg -Germany)<\/a><\/p>\n<p>Visita a laborat\u00f3rios: Lab7 (Resson\u00e2ncia, F\u00edsica M\u00e9dica), Lab8 (Difra\u00e7\u00e3o de raios X)<\/p>\n<p>&nbsp;<\/p>\n<p><b>21\/02\/2014 \u2013 Sexta Feira<\/b><\/p>\n<p>Minicurso: \u201c<a href=\"https:\/\/sites.ifi.unicamp.br\/veraoifgw\/files\/2014\/03\/Curso_Verao_IFGW_2014_Aula_02_BCI_e_neuroprobes.pdf\">T\u00e9cnicas Avan\u00e7adas para o Estudo do C\u00e9rebro (Aula 2)<\/a>\u201d &#8211; <a href=\"http:\/\/lattes.cnpq.br\/5993832413749292\">Prof. Gabriela Castellano (IFGW-UNICAMP)<\/a><\/p>\n<p>Minicurso: \u201cT\u00e9cnicas avan\u00e7adas em difra\u00e7\u00e3o de raios X\u201d \u2013<a href=\"http:\/\/lattes.cnpq.br\/5185996667559560\">Prof. Carlos Gilles Mayolo (IFGW-UNICAMP)<\/a><\/p>\n<p>Palestra: \u201cFeixes de v\u00f3rtices \u00f3ticos e suas aplica\u00e7\u00f5es em microscopia\u201d \u2013 <a href=\"http:\/\/lattes.cnpq.br\/8540608010444761\">Prof. Luis Eduardo E. de Araujo (IFGW-UNICAMP)<\/a><\/p>\n<p>Palestra: \u201cAplica\u00e7\u00f5es de simula\u00e7\u00f5es computacionais em nanoestruturas: nanofios met\u00e1licos, grafeno, etc\u201d \u2013 <a href=\"http:\/\/lattes.cnpq.br\/1967754065410160\">Prof. Edison Zacarias da Silva (IFGW-UNICAMP)<\/a><\/p>\n<p>&nbsp;<\/p>\n<p><b>Encerramento<\/b><\/p>\n","protected":false},"excerpt":{"rendered":"<p>Programa\u00e7\u00e3o do Curso de Ver\u00e3o IFGW \u2013 2014 Tem\u00e1tica: \u201cMateriais Avan\u00e7ados e T\u00e9cnicas de Caracteriza\u00e7\u00e3o\u201d # Click no nome do palestrante para ver o seu CV. # Click no t\u00edtulo da palestra para abrir a apresenta\u00e7\u00e3o. &nbsp; 17\/02\/2014 \u2013 Segunda Feira Cerim\u00f4nia de Abertura:&nbsp;&#8220;Estudo de nanossistemas individuais por experimentos din\u00e2micos dentro de microsc\u00f3pios electr\u00f4nicos\u201d &#8211; &hellip; <\/p>\n<p><a class=\"more-link btn\" href=\"https:\/\/sites.ifi.unicamp.br\/veraoifgw\/evento-programacao\/eventoprograma\/\">Continue lendo<\/a><\/p>\n","protected":false},"author":47,"featured_media":0,"parent":1052,"menu_order":0,"comment_status":"closed","ping_status":"closed","template":"","meta":{"footnotes":""},"class_list":["post-50","page","type-page","status-publish","hentry","nodate","item-wrap"],"_links":{"self":[{"href":"https:\/\/sites.ifi.unicamp.br\/veraoifgw\/wp-json\/wp\/v2\/pages\/50","targetHints":{"allow":["GET"]}}],"collection":[{"href":"https:\/\/sites.ifi.unicamp.br\/veraoifgw\/wp-json\/wp\/v2\/pages"}],"about":[{"href":"https:\/\/sites.ifi.unicamp.br\/veraoifgw\/wp-json\/wp\/v2\/types\/page"}],"author":[{"embeddable":true,"href":"https:\/\/sites.ifi.unicamp.br\/veraoifgw\/wp-json\/wp\/v2\/users\/47"}],"replies":[{"embeddable":true,"href":"https:\/\/sites.ifi.unicamp.br\/veraoifgw\/wp-json\/wp\/v2\/comments?post=50"}],"version-history":[{"count":112,"href":"https:\/\/sites.ifi.unicamp.br\/veraoifgw\/wp-json\/wp\/v2\/pages\/50\/revisions"}],"predecessor-version":[{"id":1673,"href":"https:\/\/sites.ifi.unicamp.br\/veraoifgw\/wp-json\/wp\/v2\/pages\/50\/revisions\/1673"}],"up":[{"embeddable":true,"href":"https:\/\/sites.ifi.unicamp.br\/veraoifgw\/wp-json\/wp\/v2\/pages\/1052"}],"wp:attachment":[{"href":"https:\/\/sites.ifi.unicamp.br\/veraoifgw\/wp-json\/wp\/v2\/media?parent=50"}],"curies":[{"name":"wp","href":"https:\/\/api.w.org\/{rel}","templated":true}]}}