{"id":95,"date":"2014-01-06T16:08:16","date_gmt":"2014-01-06T16:08:16","guid":{"rendered":"https:\/\/sites.ifi.unicamp.br\/modelodocente\/?page_id=77"},"modified":"2014-03-11T20:02:14","modified_gmt":"2014-03-11T20:02:14","slug":"quem-sou","status":"publish","type":"page","link":"https:\/\/sites.ifi.unicamp.br\/vitiello\/","title":{"rendered":"Quem sou"},"content":{"rendered":"<p><img decoding=\"async\" class=\"alignleft size-full wp-image-107\" alt=\"nofoto\" src=\"https:\/\/sites.ifi.unicamp.br\/vitiello\/files\/2014\/01\/nofoto.jpg\" width=\"142\" height=\"182\" \/>\u00c8 bacharel, mestre e doutor em F\u00edsica pela Universidade de S\u00e3o Paulo. Ap\u00f3s ter trabalhado diversos anos no exterior \u00e9 atualmente professor associado MS 5 do Instituto de F\u00edsica Gleb Wataghin da Unicamp. Tem experi\u00eancia na \u00e1rea de muitos corpos qu\u00e2nticos, em particular nos sistemas formados por \u00e1tomos de 3He e 4He em suas fases s\u00f3lida e l\u00edquida, onde se busca um maior entendimento dos comportamentos superfluido e supers\u00f3lido. Tem aplicado teorias variacionais e m\u00e9todos de Monte Carlo qu\u00e2ntico a estes sistemas e a mat\u00e9ria neutr\u00f4nica.<\/p>","protected":false},"excerpt":{"rendered":"<p>\u00c8 bacharel, mestre e doutor em F\u00edsica pela Universidade de S\u00e3o Paulo. Ap\u00f3s ter trabalhado diversos anos no exterior \u00e9 atualmente professor associado MS 5 do Instituto de F\u00edsica Gleb Wataghin da Unicamp. Tem experi\u00eancia na \u00e1rea de muitos corpos qu\u00e2nticos, em particular nos sistemas formados por \u00e1tomos de 3He e 4He em suas fases &hellip; <\/p>\n<p><a class=\"more-link btn\" href=\"https:\/\/sites.ifi.unicamp.br\/vitiello\/\">Continue lendo<\/a><\/p>\n","protected":false},"author":74,"featured_media":0,"parent":0,"menu_order":0,"comment_status":"open","ping_status":"open","template":"","meta":{"ngg_post_thumbnail":0,"footnotes":""},"class_list":["post-95","page","type-page","status-publish","hentry","nodate","item-wrap"],"_links":{"self":[{"href":"https:\/\/sites.ifi.unicamp.br\/vitiello\/wp-json\/wp\/v2\/pages\/95","targetHints":{"allow":["GET"]}}],"collection":[{"href":"https:\/\/sites.ifi.unicamp.br\/vitiello\/wp-json\/wp\/v2\/pages"}],"about":[{"href":"https:\/\/sites.ifi.unicamp.br\/vitiello\/wp-json\/wp\/v2\/types\/page"}],"author":[{"embeddable":true,"href":"https:\/\/sites.ifi.unicamp.br\/vitiello\/wp-json\/wp\/v2\/users\/74"}],"replies":[{"embeddable":true,"href":"https:\/\/sites.ifi.unicamp.br\/vitiello\/wp-json\/wp\/v2\/comments?post=95"}],"version-history":[{"count":3,"href":"https:\/\/sites.ifi.unicamp.br\/vitiello\/wp-json\/wp\/v2\/pages\/95\/revisions"}],"predecessor-version":[{"id":144,"href":"https:\/\/sites.ifi.unicamp.br\/vitiello\/wp-json\/wp\/v2\/pages\/95\/revisions\/144"}],"wp:attachment":[{"href":"https:\/\/sites.ifi.unicamp.br\/vitiello\/wp-json\/wp\/v2\/media?parent=95"}],"curies":[{"name":"wp","href":"https:\/\/api.w.org\/{rel}","templated":true}]}}